{"id":6352,"date":"2022-05-24T12:46:39","date_gmt":"2022-05-24T12:46:39","guid":{"rendered":"https:\/\/calgabriel.es\/producto\/media-pension\/"},"modified":"2025-01-07T12:21:42","modified_gmt":"2025-01-07T12:21:42","slug":"media-pension","status":"publish","type":"product","link":"https:\/\/calgabriel.es\/es\/producto\/media-pension\/","title":{"rendered":"Tarjeta Regalo &#8211; r\u00e9gimen de media pensi\u00f3n"},"content":{"rendered":"<p>Regalar una estancia en Cal Gabriel es sin\u00f3nimo de buen descanso, buena comida y disfrutar de la tranquilidad de Tuixent y de su entorno. Es regalar una estancia en la que haremos sentirlos en su casa.<\/p>\n<p>Nuestras tarjetas regalo tienen validez por un a\u00f1o desde el momento de la compra, y son personalizables a la persona o personas a las que va dirigida.<\/p>\n<p>\u00bfQu\u00e9 incluye la tarjeta regalo?<\/p>\n<p>&#8211; Dormir en habitaci\u00f3n doble, equipada con ba\u00f1o privado, ropa de cama y toallas, productos de higiene personal, secador de pelo y wifi gratuito de alta velocidad.<br \/>\n&#8211; Cena de pensi\u00f3n: men\u00fa cerrado de primer y segundo plato del d\u00eda, postre, pan, agua y vino tinto de la casa. Todo ello elaborado con productos de proximidad y primeras calidades.<br \/>\n&#8211; Desayuno a base de tabla de embutidos, quesos y mermeladas artesanas del Valle.<br \/>\n&#8211; IVA y tasa tur\u00edstica.<\/p>\n<p>Condiciones de los cheques regalos:<\/p>\n<p>&#8211; Validez por un a\u00f1o. No hay restricci\u00f3n en fechas, excepto en caso de que haya una estancia m\u00ednima por puentes, ferias, temporada de verano u otros eventos, que habr\u00e1 que ampliar con las noches extras en caso de que el cheque no cubra las noches m\u00ednimas. Para la feria de las trementinaires hay que a\u00f1adir 5\u20ac\/noche &#8211; Es necesario realizar la reserva directamente en Cal Gabriel (a trav\u00e9s de nuestra web, tel\u00e9fono, whatsapp o correo electr\u00f3nico). No se aceptan los vales regalo cuando la reserva hse ha realizado mediante una agencia o terceras empresas.<br \/>\n&#8211; Una vez confirmada la fecha de la reserva, se aplican las condicions de cancelaci\u00f3n gratuitas con m\u00e1s de siete (7) d\u00edas de antelaci\u00f3n (catorce [14] d\u00edas en el caso de la feria de las trementinaires).<br \/>\n  Con menos d\u00edas no es posible modificar las fechas y se considera cup\u00f3n utilizado.<\/p>\n<p>Para m\u00e1s informaci\u00f3n de los cheques regalos, <a title=\"Regala Cal Gabriel\" href=\"https:\/\/calgabriel.es\/es\/regala-cal-gabriel\/\" target=\"_blank\" rel=\"noopener\">visita<\/a> este enlace .<\/p>\n","protected":false},"excerpt":{"rendered":"Regala Cal Gabriel y Cal Farragetes a quien t\u00fa quieras gracias a nuestros cheques regalos, v\u00e1lidos para dos personas durante todo un a\u00f1o, en habitaci\u00f3n doble y r\u00e9gimen de media pensi\u00f3n.","protected":false},"featured_media":6299,"comment_status":"closed","ping_status":"closed","template":"","meta":{"inline_featured_image":false},"product_brand":[],"product_cat":[178],"product_tag":[],"class_list":{"0":"post-6352","1":"product","2":"type-product","3":"status-publish","4":"has-post-thumbnail","6":"product_cat-alojamiento","8":"first","9":"instock","10":"sale","11":"featured","12":"taxable","13":"shipping-taxable","14":"purchasable","15":"product-type-variable","16":"has-default-attributes"},"aioseo_notices":[],"_links":{"self":[{"href":"https:\/\/calgabriel.es\/es\/wp-json\/wp\/v2\/product\/6352","targetHints":{"allow":["GET"]}}],"collection":[{"href":"https:\/\/calgabriel.es\/es\/wp-json\/wp\/v2\/product"}],"about":[{"href":"https:\/\/calgabriel.es\/es\/wp-json\/wp\/v2\/types\/product"}],"replies":[{"embeddable":true,"href":"https:\/\/calgabriel.es\/es\/wp-json\/wp\/v2\/comments?post=6352"}],"version-history":[{"count":3,"href":"https:\/\/calgabriel.es\/es\/wp-json\/wp\/v2\/product\/6352\/revisions"}],"predecessor-version":[{"id":35493,"href":"https:\/\/calgabriel.es\/es\/wp-json\/wp\/v2\/product\/6352\/revisions\/35493"}],"wp:featuredmedia":[{"embeddable":true,"href":"https:\/\/calgabriel.es\/es\/wp-json\/wp\/v2\/media\/6299"}],"wp:attachment":[{"href":"https:\/\/calgabriel.es\/es\/wp-json\/wp\/v2\/media?parent=6352"}],"wp:term":[{"taxonomy":"product_brand","embeddable":true,"href":"https:\/\/calgabriel.es\/es\/wp-json\/wp\/v2\/product_brand?post=6352"},{"taxonomy":"product_cat","embeddable":true,"href":"https:\/\/calgabriel.es\/es\/wp-json\/wp\/v2\/product_cat?post=6352"},{"taxonomy":"product_tag","embeddable":true,"href":"https:\/\/calgabriel.es\/es\/wp-json\/wp\/v2\/product_tag?post=6352"}],"curies":[{"name":"wp","href":"https:\/\/api.w.org\/{rel}","templated":true}]}}