{"id":7635,"date":"2022-11-27T22:07:34","date_gmt":"2022-11-27T22:07:34","guid":{"rendered":"https:\/\/calgabriel.es\/tuixent\/"},"modified":"2023-02-25T21:48:16","modified_gmt":"2023-02-25T21:48:16","slug":"tuixent","status":"publish","type":"page","link":"https:\/\/calgabriel.es\/es\/tuixent\/","title":{"rendered":"Tuixent"},"content":{"rendered":"\n<p>Tuixent, pueblo del Valle de Tuixent, en el Alt Urgell, en un enclave inmejorable, rodeado de naturaleza que no te dejar\u00e1 indiferente. En esta p\u00e1gina encuentras informaci\u00f3n de nuestro municipio. Enam\u00f3rate. <\/p>\n\n<p>Aqu\u00ed tienes el men\u00fa:<\/p>\n<div class=\"wp-block-aioseo-table-of-contents\"><ul><li><a class=\"aioseo-toc-item\" href=\"#enamorat\">V\u00eddeo de presentaci\u00f3<\/a><\/li><li><a class=\"aioseo-toc-item\" href=\"#ubicacio\">Ubicaci\u00f3<\/a><\/li><li><a class=\"aioseo-toc-item\" href=\"#historia\">Hist\u00f2ria<\/a><\/li><li><a class=\"aioseo-toc-item\" href=\"#economia\">L&#039;economia<\/a><\/li><li><a class=\"aioseo-toc-item\" href=\"#acces\">Acc\u00e9s<\/a><\/li><li><a class=\"aioseo-toc-item\" href=\"#serveis-generals\">Serveis generals<\/a><\/li><li><a class=\"aioseo-toc-item\" href=\"#recursos-turistics\">Recursos tur\u00edstics<\/a><\/li><li><a class=\"aioseo-toc-item\" href=\"#aioseo-fires-i-festes\">Fires i festes<\/a><\/li><li><a class=\"aioseo-toc-item\" href=\"#webcams-en-directe\">Webcams en directe<\/a><\/li><\/ul><\/div>\n<h3 class=\"wp-block-heading\" id=\"enamorat\">V\u00eddeo de presentaci\u00f3n<\/h3>\n\n<figure class=\"wp-block-embed is-type-video is-provider-youtube wp-block-embed-youtube wp-embed-aspect-16-9 wp-has-aspect-ratio\"><div class=\"wp-block-embed__wrapper\">\n<iframe title=\"V\u00eddeo Josa i Tuixent\" width=\"770\" height=\"433\" data-src=\"https:\/\/www.youtube.com\/embed\/2Wy7TNZv-ug?feature=oembed\" frameborder=\"0\" allow=\"accelerometer; autoplay; clipboard-write; encrypted-media; gyroscope; picture-in-picture; web-share\" allowfullscreen src=\"data:image\/svg+xml;base64,PHN2ZyB3aWR0aD0iMSIgaGVpZ2h0PSIxIiB4bWxucz0iaHR0cDovL3d3dy53My5vcmcvMjAwMC9zdmciPjwvc3ZnPg==\" class=\"lazyload\" data-load-mode=\"1\"><\/iframe>\n<\/div><figcaption class=\"wp-element-caption\">V\u00eddeo realizado por <a href=\"https:\/\/jordirenart.com\/\" target=\"_blank\" rel=\"noopener\" title=\"\">Jordi Renart<\/a><\/figcaption><\/figure>\n\n<h3 class=\"wp-block-heading\" id=\"ubicacio\">Ubicaci\u00f3n<\/h3>\n\n<p>El pueblo de Tuixent es el principal centro de servicios del valle de Tuixent y la Vansa. El t\u00e9rmino de Josa i Tuixent, situado en el extremo oriental de la comarca, se extiende a las vertientes meridionales de la sierra del Cad\u00ed, desde su cumbrera, donde encuentra la m\u00e1xima altitud en el monte de la Canal Baridana (2.647), hasta en el Coll de Port, al sur, entre la sierra del Port del Comte y la roca del Migdia. En el noroeste cierra el t\u00e9rmino la sierra Negra y en el sudeste, la sierra del Verd. Atraviesan el t\u00e9rmino los r\u00edos de Josa y de la Mola, los cuales, al unirse, forman el r\u00edo de Lavansa.<\/p>\n\n<p><strong>Extensi\u00f3n: <\/strong>68,2 km<sup>2<\/sup><br\/><strong>Altitud:<\/strong> 1.225 metros<br\/><strong>Poblaci\u00f3n:<\/strong> 129 habitantes (a\u00f1o 2015)<br\/><strong><a href=\"http:\/\/www.icc.cat\/vissir3\/index.html?mp_y=n%3A4676444.999999742&amp;mp_x=n%3A381709.99999792286&amp;&amp;mp_zoom=n%3A6&amp;mp_visibility_Topogr%26agrave%3Bfic=b%3A1&amp;mp_visibility_Ortofoto=b%3A0\" target=\"_blank\" rel=\"noopener\" title=\"\">Mapa cartogr\u00e1fico<\/a><\/strong><\/p>\n\n<h3 class=\"wp-block-heading\" id=\"historia\">Historia<\/h3>\n\n<p>Los dos municipios que ocupaban la parte alta del valle de la Vansa, Josa y Tuixent, est\u00e1n unidos en uno solo desde el a\u00f1o 1973. El lugar de Josa, con un castillo documentado desde el a\u00f1o 1106, fue la cuna de la se\u00f1or\u00eda hom\u00f3nima. Los primeros se\u00f1ores de Josa fueron unos simples castellanos, vasallos de los poderosos varones de Pin\u00f3s. Hacia mediados del siglo XII, sus relaciones con los Caboet les elevaron en la jerarqu\u00eda feudal y se convirtieron en se\u00f1ores de varios castillos del valle de la Vansa. Durante el siglo XIII, sus luchas con la Iglesia de Urgell, se\u00f1ora del t\u00e9rmino de Tuixent, favoreci\u00f3 la vinculaci\u00f3n de los Josa con el catarismo y la conversi\u00f3n de su castillo en refugio de los buenos hombres. Por su parte, el lugar de Tuixent fue cedido a la Iglesia de Urgell por el conde Borrell II de Barcelona y de Urgell en el a\u00f1o 993. Nudo de comunicaciones entre el norte y el sur del condado de Urgell, Tuixent atrajo la conflictividad de los se\u00f1ores vecinos contra la Iglesia y fue fortificado con la construcci\u00f3n de un castillo en 1192. En \u00e9poca contempor\u00e1nea, Tuixent ha sido la principal poblaci\u00f3n de todo el valle. Durante el siglo XIX, en el contexto de las guerras carlistas, fue el \u00fanico reducto liberal en medio de un territorio carlista. En ese mismo siglo, las primeras <a href=\"https:\/\/calgabriel.es\/es\/entorno\/trementinaires\/\" target=\"_blank\" rel=\"noopener\" title=\"Las trementinaires\">trementinaires<\/a>, que proven\u00edan de Tuixent y de las otras poblaciones del valle, empezaron a ir por el mundo.<\/p>\n\n<p><a href=\"http:\/\/www.josaituixent.cat\/el-municipi\/historia\" target=\"_blank\" rel=\"noopener\" title=\"\">Ampliar informaci\u00f3n<\/a>.<\/p>\n\n<h3 class=\"wp-block-heading\" id=\"economia\">La econom\u00eda<\/h3>\n\n<p>Tradicionalmente agrario, ganadero (551 cabezas de vacuno que viven en libertad) y forestal, el municipio de Josa y Tuixent se ha orientado, en los \u00faltimos a\u00f1os, hacia el sector tur\u00edstico. La creaci\u00f3n de una <a href=\"https:\/\/calgabriel.es\/es\/entorno\/esqui\/\" target=\"_blank\" rel=\"noopener\" title=\"\">estaci\u00f3n de esqu\u00ed n\u00f3rdico<\/a>, la implantaci\u00f3n de varios alojamientos de turismo rural y la apertura del <a href=\"https:\/\/www.trementinaires.org\" target=\"_blank\" rel=\"noopener\" title=\"\">Museo de las Trementinaires<\/a> y del Centro de Flora han contribuido de manera especial.<\/p>\n\n<h3 class=\"wp-block-heading\" id=\"acces\">Acceso<\/h3>\n\n<p>Existen cuatro v\u00edas principales de acceso al pueblo:<\/p>\n\n<ul class=\"wp-block-list\">\n<li>Desde la Seu d&#8217;Urgell, por la carretera C-462.<\/li>\n\n\n\n<li>Desde Berga, por la carretera C-563 pasando por Saldes y G\u00f3sol.<\/li>\n\n\n\n<li>Desde Solsona, pasando por el Coll de Port, ya sea por la C-462, pasando por Sant Lloren\u00e7 de Morunys y el embalse de la Llosa del Cavall, o bien por la LV-4241, pasando por Port del Comte.<\/li>\n\n\n\n<li>Desde Montant de Tost, pasando por Colldarnat direcci\u00f3n Sorribes de la Vansa y seguidamente direcci\u00f3n Tuixent. Carretera totalment asfaltada desde el 2022.<\/li>\n<\/ul>\n\n<h3 class=\"wp-block-heading\" id=\"serveis-generals\">Servicios generales<\/h3>\n\n<ul class=\"wp-block-list\">\n<li>Ayuntamiento de Josa i Tuix\u00e9n<\/li>\n\n\n\n<li>Guarder\u00eda (abierta el 2022)<\/li>\n\n\n\n<li><a href=\"https:\/\/agora.xtec.cat\/ceip-tuixent\/lescola\/\" target=\"_blank\" rel=\"noopener\" title=\"\">Escuela de primaria<\/a><\/li>\n\n\n\n<li><a href=\"http:\/\/www.josaituixent.cat\/ajuntament\/serveis\/consultori-medic\" target=\"_blank\" rel=\"noopener\" title=\"\">Consultorio m\u00e9dico<\/a> con servicio presencial las 24 horas. Tel\u00e9fono de guardia: 650 051 748.<\/li>\n\n\n\n<li>Transporte p\u00fablico: Ruta Tuixent &#8211; La Seu d&#8217;Urgell, servicio de lunes a s\u00e1bado: <a href=\"https:\/\/calgabriel.es\/es\/mapa\/\" target=\"_blank\" rel=\"noopener\" title=\"\">Consulta horario y reserva.<\/a> \/\/ Viernes, s\u00e1bados y domingos servicio de transporte p\u00fablico entre Tuixent y Guardiola de Bergued\u00e0 en taxi bajo demanda. <a href=\"https:\/\/calgabriel.es\/es\/mapa\/\" target=\"_blank\" rel=\"noopener\" title=\"Consulta horario y reserva\">Consulta horario y reserva.<\/a><\/li>\n\n\n\n<li>Centro c\u00edvico. Espacio municipal con billar, futbol\u00edn, mesa de ping-pong, cartas y libros. Horario habitual: de domingo a mi\u00e9rcoles de 10h a 19h; viernes y s\u00e1bados de 10h a 21h. El jueves habitualmente cerrado. El horario puede variar.<\/li>\n\n\n\n<li>Sala Cad\u00ed. Sala multiuso por el pueblo, sus habitantes y posibilidad de alquilarla por eventos. <a href=\"http:\/\/www.josaituixent.cat\/ajuntament\/atencio-ciutadana\" target=\"_blank\" rel=\"noopener\" title=\"\">Contacte con el ayuntamiento<\/a>.<\/li>\n\n\n\n<li>Conexi\u00f3n de alta velocidad por fibra \u00f3ptica de la mano de Alt Urgell Fibra.<\/li>\n\n\n\n<li>Cobertura m\u00f3vil y servicio de 4G en todo el Valle con todas las compa\u00f1\u00edas de red.<\/li>\n\n\n\n<li>Servicio permanente de conservaci\u00f3n de carreteras: \u00a1todo el a\u00f1o transitables, y con quitanieves para no parar la actividad ni con la nieve!<\/li>\n<\/ul>\n\n<h3 class=\"wp-block-heading\" id=\"recursos-turistics\">Recursos tur\u00edsticos<\/h3>\n\n<ul class=\"wp-block-list\">\n<li><a href=\"http:\/\/www.trementinaires.org\" target=\"_blank\" rel=\"noopener\" title=\"\">Museo de las Trementinaires<\/a>. Abierto s\u00e1bados de 10h a 14h y de 17h a 20h. Domingos de 10h a 14 h. Navidad, Semana Santa y verano (del 15 de julio al 15 de septiembre) abierto de martes a s\u00e1bado de 10h a 14h y de 17h a 20h, domingos de 10h a 14h, lunes cerrado.<\/li>\n\n\n\n<li>Punto de informaci\u00f3n tur\u00edstica. En el propio Museo de las Trementinaires &#x261d;<\/li>\n\n\n\n<li><a href=\"http:\/\/www.josaituixent.cat\/el-municipi\/equipaments\/centre-d-interpretacio-de-flora-de-tuixent\" target=\"_blank\" rel=\"noopener\" title=\"\">Centro de interpretaci\u00f3n de Flora de Tuixent<\/a>. Equipamiento del Parc Natural del Cad\u00ed Moixer\u00f3. Abierto en verano, festivos y ferias de Tuixent. Horario orientativo, de martes a s\u00e1bado de 10h a 14h y de 17h a 20h, domingos de 10h a 14h.<\/li>\n\n\n\n<li>Jard\u00edn bot\u00e1nico. Detr\u00e1s del centro de flora se encuentra el jard\u00edn bot\u00e1nico, para descubrir las plantas medicinales en un peque\u00f1o rinc\u00f3n. Acceso abierto 24 horas. Posibilidad de realizar visitas guiadas con reserva previa al museo de las Trementinaires.<\/li>\n\n\n\n<li><a href=\"https:\/\/es.wikiloc.com\/rutas-senderismo\/jardi-urba-de-tuixent-120116470#lb-embed\" target=\"_blank\" rel=\"noopener\" title=\"\">Jard\u00edn urbano<\/a>. Recorrido circular por el pueblo de Tuixent descubriendo puntos de inter\u00e9s y la flora caracter\u00edstica de la zona.<\/li>\n\n\n\n<li><a href=\"https:\/\/es.wikiloc.com\/rutas-senderismo\/tuixent-planell-de-sastro-o-ruta-de-les-plantes-medicinals-tuixent-101111419\" target=\"_blank\" rel=\"noopener\" title=\"\">Ruta de las plantas medicinales<\/a>. Ruta circular, de 9 kms aprox., para descubrir las plantas medicinales que utilizaban nuestras queridas <a href=\"https:\/\/calgabriel.es\/es\/entorno\/trementinaires\/\" target=\"_blank\" rel=\"noopener\" title=\"Las trementinaires\">Trementinaires<\/a>.<\/li>\n\n\n\n<li>Arboreto. Itinerario que comienza en el planell de Sastr\u00f3, para descubrir tres \u00e1mbitos caracter\u00edsticos de los bosques del entorno: bosque de rivera, solana y umbr\u00eda. <\/li>\n\n\n\n<li><a href=\"https:\/\/calgabriel.es\/es\/entorno\/esqui\/\" target=\"_blank\" rel=\"noopener\" title=\"\">Pistas de esqu\u00ed de Tuixent-La Vansa<\/a>. Practica el esqu\u00ed n\u00f3rdico y las raquetas en un entorno impresionante.<\/li>\n<\/ul>\n\n<h3 class=\"wp-block-heading\" id=\"aioseo-fires-i-festes\">Ferias y fiestas<\/h3>\n\n<ul class=\"wp-block-list\">\n<li>5 de enero: Cabalgata de Reyes Magos, con reparto de regalos para los vecinos y vecinas que han sido buenas personas.<\/li>\n\n\n\n<li><a href=\"https:\/\/calgabriel.es\/es\/fira-trementinaires\/\" target=\"_blank\" rel=\"noopener\" title=\"Fiesta y Feria de las Trementinaires\">Feria y fiesta de las Trementinaires<\/a>: \u00faltimo fin de semana de mayo.<\/li>\n\n\n\n<li>Verbena de San Juan.<\/li>\n\n\n\n<li>Aplec de Sant Jaume. M\u00fasica, misa y almuerzo popular en los prados de la ermita de Sant Jaume. El domingo m\u00e1s cercano al 25 de julio.<\/li>\n\n\n\n<li>Cursos de flores durante el verano. De la mano de Carme Bosch. Del 1 al 15 de agosto. <a href=\"https:\/\/calgabriel.es\/es\/cursos-de-flors-tuixent\/\" title=\"Cursos de flores en Tuixent\">Consulta el programa<\/a>.<\/li>\n\n\n\n<li>Actividades durante todo el mes de agosto: conciertos, charlas, cine al aire libre, etc. Revisa nuestro <a href=\"https:\/\/calgabriel.es\/es\/entorno\/calendario-actividades-y-events-calendario-actividades-y-eventos\/\" target=\"_blank\" rel=\"noreferrer noopener\">calendario.<\/a><\/li>\n\n\n\n<li>Fiesta mayor de Tuixent: segundo fin de semana de septiembre. Juegos, m\u00fasica, gincanas y muy buen rollo.<\/li>\n\n\n\n<li>Fiesta del Roser. Segundo domingo de octubre. Fiesta popular, con inauguraci\u00f3n de la nueva edici\u00f3n del ARTVanseca (arte en la naturaleza). <\/li>\n\n\n\n<li><a href=\"https:\/\/calgabriel.es\/es\/entorno\/fires\/feria-de-la-vall\/\">Feria de la Vall<\/a>. Feria de artesanos con m\u00fasica tradicional. Puente de la Pur\u00edsima.<\/li>\n\n\n\n<li>Nochevieja. El pueblo nos juntamos en la iglesia para recibir todos juntos al nuevo a\u00f1o. Ven a brindar con nosotros. En Cal Gabriel, por nuestros alojados, cena especial.<\/li>\n<\/ul>\n\n<h3 class=\"wp-block-heading\" id=\"webcams-en-directe\"><a href=\"https:\/\/tuixent.cat\/webcams\/\" target=\"_blank\" rel=\"noopener\" title=\"\">Webcams en directo<\/a><\/h3>\n","protected":false},"excerpt":{"rendered":"Curiosidades del pueblo donde estamos: datos, geograf\u00eda, servicios, recursos tur\u00edsticos, fiestas, rutas&#8230;","protected":false},"author":1,"featured_media":0,"parent":0,"menu_order":0,"comment_status":"closed","ping_status":"closed","template":"template-front-page.php","meta":{"inline_featured_image":false,"_joinchat":[],"footnotes":""},"class_list":["post-7635","page","type-page","status-publish","hentry"],"aioseo_notices":[],"_links":{"self":[{"href":"https:\/\/calgabriel.es\/es\/wp-json\/wp\/v2\/pages\/7635","targetHints":{"allow":["GET"]}}],"collection":[{"href":"https:\/\/calgabriel.es\/es\/wp-json\/wp\/v2\/pages"}],"about":[{"href":"https:\/\/calgabriel.es\/es\/wp-json\/wp\/v2\/types\/page"}],"author":[{"embeddable":true,"href":"https:\/\/calgabriel.es\/es\/wp-json\/wp\/v2\/users\/1"}],"replies":[{"embeddable":true,"href":"https:\/\/calgabriel.es\/es\/wp-json\/wp\/v2\/comments?post=7635"}],"version-history":[{"count":5,"href":"https:\/\/calgabriel.es\/es\/wp-json\/wp\/v2\/pages\/7635\/revisions"}],"predecessor-version":[{"id":7646,"href":"https:\/\/calgabriel.es\/es\/wp-json\/wp\/v2\/pages\/7635\/revisions\/7646"}],"wp:attachment":[{"href":"https:\/\/calgabriel.es\/es\/wp-json\/wp\/v2\/media?parent=7635"}],"curies":[{"name":"wp","href":"https:\/\/api.w.org\/{rel}","templated":true}]}}