{"id":7390,"date":"2013-01-18T01:35:10","date_gmt":"2013-01-18T01:35:10","guid":{"rendered":"https:\/\/calgabriel.es\/cal-gabriel\/"},"modified":"2023-01-24T22:33:45","modified_gmt":"2023-01-24T22:33:45","slug":"cal-gabriel","status":"publish","type":"page","link":"https:\/\/calgabriel.es\/es\/cal-gabriel\/","title":{"rendered":"Cal Gabriel y Cal Farragetes"},"content":{"rendered":"<p><a href=\"http:\/\/calgabriel.es\/\"><img decoding=\"async\" class=\"alignleft wp-image-103 lazyload\" title=\"- logo\" data-src=\"http:\/\/calgabriel.es\/wp-content\/uploads\/2013\/01\/logo-300x254.jpg\" alt=\"\" width=\"195\" height=\"166\" src=\"data:image\/svg+xml;base64,PHN2ZyB3aWR0aD0iMSIgaGVpZ2h0PSIxIiB4bWxucz0iaHR0cDovL3d3dy53My5vcmcvMjAwMC9zdmciPjwvc3ZnPg==\" style=\"--smush-placeholder-width: 195px; --smush-placeholder-aspect-ratio: 195\/166;\"><\/a><\/p>\n<p>(Castellano m\u00e1s abajo)<\/p>\n<p>Cal Gabriel, alojamiento rural y restaurante &#8220;El rebost del Pirineu&#8221; se encuentran en el conocido pueblo de Tuixent, en el Alt Urgell, rodeado de naturaleza gracias a encontrarse dentro del parque natural del Cad\u00ed &#8211; Moixer\u00f3.<br \/>Nuestras dependencias se encuentran en el n\u00facleo urbano, a pocos metros de la plaza principal del pueblo, con vistas directas al Pico del Fiter y el Cad\u00ed para qu\u00e9 puedas comer y descansar rodeado de naturaleza.<br \/>Las habitaciones cuentan con ba\u00f1o privado, calefacci\u00f3n, edredones n\u00f3rdicos, toallas y productos de higiene personal para vuestro confort.<\/p>\n<p>En el a\u00f1o 2020 incorporamos las habitacions de <a href=\"https:\/\/calgabriel.es\/es\/calfarragitas\/\">Cal Farragetes<\/a> a nuestro cat\u00e1logo, ampliando la capacidad con estancias dobles y familiares. <br \/>Disponemos de una zona com\u00fan para que pod\u00e1is relajaros con chimenea, zona de lectura, biblioteca, sillones y juegos de mesa. Tambi\u00e9n ten\u00e9is a vuestra disposici\u00f3n la era, una zona exterior con mesas, sillas y barbacoa donde disfrutar del exterior, el sol y las buenas vistas; y tambi\u00e9n el jard\u00edn de Cal Farragetes donde estar\u00e9is rodeados de naturaleza y plantas medicinales.<br \/>En el restaurante &#8220;el rebost del Pirineu&#8221;, dentro de las mismas instalaciones de <a href=\"https:\/\/calgabriel.es\/es\/home\/restaurante\/\">Cal Gabriel<\/a>, podr\u00e9is degustar nuestra cocina casera y tradicional con productos locales de calidad, de Pag\u00e9s y ecol\u00f3gicos. Complementamos nuestro menu con una selecci\u00f3n de vinos para que puedas acompa\u00f1ar nuestros platos.<br \/>Nuestro objetivo es hacer de vuestra estancia y\/o visita una experiencia inolvidable, recibiendo el buen trato que todos nuestros clientes merecen. Vuestra satisfacci\u00f3n es nuestra mejor recompensa.<\/p>\n<p>&#8212;<\/p>\n<p>Cal Gabriel, alojamiento rural y restaurante &#8220;El rebost del Pirineu&#8221; se encuentran en el conocido pueblo de Tuixent, en el Alt Urgell, rodeado de naturaleza gracias a encontrarse dentro del parque natural del Cad\u00ed &#8211; Moixer\u00f3.<br \/>Nuestras dependencias se encuentran en el n\u00facleo urbano, a pocos metros de la plaza principal del pueblo, con vistas directas al Pico del Fiter y el Cad\u00ed para qu\u00e9 puedas comer y descansar rodeado de naturaleza.<br \/>Las habitaciones cuentan con ba\u00f1o privado, calefacci\u00f3n, edredones n\u00f3rdicos, toallas y productos de higiene personal para vuestro confort.<\/p>\n<p>En el a\u00f1o 2020 incorporamos las habitacions de <a href=\"https:\/\/calgabriel.es\/es\/calfarragitas\/\">Cal Farragetes<\/a> a nuestro cat\u00e1logo, ampliando la capacidad con estancias dobles y familiares.<br \/>Disponemos de una zona com\u00fan para que pod\u00e1is relajaros con chimenea, zona de lectura, biblioteca, sillones y juegos de mesa. Tambi\u00e9n ten\u00e9is a vuestra disposici\u00f3n la era, una zona exterior con mesas, sillas y barbacoa donde disfrutar del exterior, el sol y las buenas vistas. Tambi\u00e9n dispon\u00e9is del jard\u00edn de donde estar\u00e1s rodeado de \u00e1rboles y plantas medicinales.<br \/>En el <a href=\"https:\/\/calgabriel.es\/es\/home\/restaurante\/\">restaurante<\/a> &#8220;el rebost del Pirineu&#8221;, dentro de las mismas instalaciones de Cal Gabriel, podr\u00e9is degustar nuestra cocina casera y tradicional con productos locales de calidad, de Pag\u00e9s y ecol\u00f3gicos. Complementamos nuestro menu con una selecci\u00f3n de vinos para que puedas acompa\u00f1ar nuestros platos.<br \/>Nuestro objetivo es hacer de vuestra estancia y\/o visita una experiencia inolvidable, recibiendo el buen trato que todos nuestros clientes merecen. Vuestra satisfacci\u00f3n es nuestra mejor recompensa.<\/p>\n<div class=\"mphb_sc_search-wrapper is-style-default\">\n<form method=\"GET\" class=\"mphb_sc_search-form\" action=\"https:\/\/calgabriel.es\/es\/search-results\/\" data-first_available_check_in_date=\"2026-04-12\">\n\n\t<p class = \"mphb-required-fields-tip\">\n\t<small>\n\t\tLos campos obligatorios son seguidos por\t\t<abbr title=\"required\">*<\/abbr>\n\t<\/small>\n<\/p>\n\n\t<p class=\"mphb_sc_search-check-in-date\">\n\t\t<label for=\"mphb_check_in_date-mphb-search-form-69da1de390eeb\">\n\t\t\tD\u00eda de llegada\t\t\t<abbr title=\"Formato dd\/mm\/yyyy\">*<\/abbr>\n\t\t<\/label>\n\t\t<br \/>\n\t\t<input\n\t\t\tid=\"mphb_check_in_date-mphb-search-form-69da1de390eeb\"\n\t\t\tdata-datepick-group=\"mphb-search-form-69da1de390eeb\"\n\t\t\tvalue=\"\"\n\t\t\tplaceholder=\"Fecha de llegada\"\n\t\t\trequired=\"required\"\n\t\t\ttype=\"text\"\n\t\t\tinputmode=\"none\"\n\t\t\tname=\"mphb_check_in_date\"\n\t\t\tclass=\"mphb-datepick\"\n\t\t\tautocomplete=\"off\"\n\t\t\t\/>\n\t<\/p>\n\n\t<p class=\"mphb_sc_search-check-out-date\">\n\t\t<label for=\"mphb_check_out_date-mphb-search-form-69da1de390eeb\">\n\t\t\tD\u00eda de salida\t\t\t<abbr title=\"Formato dd\/mm\/yyyy\">*<\/abbr>\n\t\t<\/label>\n\t\t<br \/>\n\t\t<input\n\t\t\tid=\"mphb_check_out_date-mphb-search-form-69da1de390eeb\"\n\t\t\tdata-datepick-group=\"mphb-search-form-69da1de390eeb\"\n\t\t\tvalue=\"\"\n\t\t\tplaceholder=\"Fecha de salida\"\n\t\t\trequired=\"required\"\n\t\t\ttype=\"text\"\n\t\t\tinputmode=\"none\"\n\t\t\tname=\"mphb_check_out_date\"\n\t\t\tclass=\"mphb-datepick\"\n\t\t\tautocomplete=\"off\"\n\t\t\t\/>\n\t<\/p>\n\n\t\t\t<p class=\"mphb_sc_search-adults\">\n\t\t\t<label for=\"mphb_adults-mphb-search-form-69da1de390eeb\">\n\t\t\t\tAdultos\t\t\t<\/label>\n\t\t\t<br \/>\n\t\t\t<select id=\"mphb_adults-mphb-search-form-69da1de390eeb\" name=\"mphb_adults\" >\n\t\t\t\t\t\t\t\t\t<option value=\"1\" >1<\/option>\n\t\t\t\t\t\t\t\t\t<option value=\"2\"  selected='selected'>2<\/option>\n\t\t\t\t\t\t\t\t\t<option value=\"3\" >3<\/option>\n\t\t\t\t\t\t\t\t\t<option value=\"4\" >4<\/option>\n\t\t\t\t\t\t\t\t\t<option value=\"5\" >5<\/option>\n\t\t\t\t\t\t\t\t\t<option value=\"6\" >6<\/option>\n\t\t\t\t\t\t\t\t\t<option value=\"7\" >7<\/option>\n\t\t\t\t\t\t\t\t\t<option value=\"8\" >8<\/option>\n\t\t\t\t\t\t\t\t\t<option value=\"9\" >9<\/option>\n\t\t\t\t\t\t\t\t\t<option value=\"10\" >10<\/option>\n\t\t\t\t\t\t\t\t\t<option value=\"11\" >11<\/option>\n\t\t\t\t\t\t\t\t\t<option value=\"12\" >12<\/option>\n\t\t\t\t\t\t\t\t\t<option value=\"13\" >13<\/option>\n\t\t\t\t\t\t\t\t\t<option value=\"14\" >14<\/option>\n\t\t\t\t\t\t\t\t\t<option value=\"15\" >15<\/option>\n\t\t\t\t\t\t\t\t\t<option value=\"16\" >16<\/option>\n\t\t\t\t\t\t\t\t\t<option value=\"17\" >17<\/option>\n\t\t\t\t\t\t\t\t\t<option value=\"18\" >18<\/option>\n\t\t\t\t\t\t\t\t\t<option value=\"19\" >19<\/option>\n\t\t\t\t\t\t\t\t\t<option value=\"20\" >20<\/option>\n\t\t\t\t\t\t\t\t\t<option value=\"21\" >21<\/option>\n\t\t\t\t\t\t\t\t\t<option value=\"22\" >22<\/option>\n\t\t\t\t\t\t\t\t\t<option value=\"23\" >23<\/option>\n\t\t\t\t\t\t\t\t\t<option value=\"24\" >24<\/option>\n\t\t\t\t\t\t\t\t\t<option value=\"25\" >25<\/option>\n\t\t\t\t\t\t\t<\/select>\n\t\t<\/p>\n\t\n\t\t\t<p class=\"mphb_sc_search-children\">\n\t\t\t<label for=\"mphb_children-mphb-search-form-69da1de390eeb\">\n\t\t\t\tNi\u00f1os hasta 10 a\u00f1os\t\t\t<\/label>\n\t\t\t<br \/>\n\t\t\t<select id=\"mphb_children-mphb-search-form-69da1de390eeb\" name=\"mphb_children\">\n\t\t\t\t\t\t\t\t\t<option value=\"0\"  selected='selected'>0<\/option>\n\t\t\t\t\t\t\t\t\t<option value=\"1\" >1<\/option>\n\t\t\t\t\t\t\t\t\t<option value=\"2\" >2<\/option>\n\t\t\t\t\t\t\t\t\t<option value=\"3\" >3<\/option>\n\t\t\t\t\t\t\t\t\t<option value=\"4\" >4<\/option>\n\t\t\t\t\t\t\t\t\t<option value=\"5\" >5<\/option>\n\t\t\t\t\t\t\t<\/select>\n\t\t<\/p>\n\t\n\t\n\t\n\t<input id=\"mphb_check_in_date-mphb-search-form-69da1de390eeb-hidden\" value=\"\" type=\"hidden\" name=\"mphb_check_in_date\" \/><input id=\"mphb_check_out_date-mphb-search-form-69da1de390eeb-hidden\" value=\"\" type=\"hidden\" name=\"mphb_check_out_date\" \/>\n\t<p class=\"mphb_sc_search-submit-button-wrapper\">\n\t\t<input type=\"submit\" class=\"button\" value=\"Buscar\"\/>\n\t<\/p>\n\n\t\n<\/form>\n<\/div>","protected":false},"excerpt":{"rendered":"(Castellano m\u00e1s abajo) Cal Gabriel, alojamiento rural y restaurante &#8220;El rebost del Pirineu&#8221; se encuentran en el conocido pueblo de Tuixent, en el Alt Urgell, rodeado de naturaleza gracias a encontrarse dentro del parque natural del Cad\u00ed &#8211; Moixer\u00f3.Nuestras dependencias se encuentran en el n\u00facleo urbano, a pocos metros de la plaza principal del pueblo, [&hellip;]","protected":false},"author":1,"featured_media":0,"parent":0,"menu_order":1,"comment_status":"closed","ping_status":"open","template":"","meta":{"inline_featured_image":false,"_joinchat":[],"footnotes":""},"class_list":["post-7390","page","type-page","status-publish","hentry"],"aioseo_notices":[],"_links":{"self":[{"href":"https:\/\/calgabriel.es\/es\/wp-json\/wp\/v2\/pages\/7390","targetHints":{"allow":["GET"]}}],"collection":[{"href":"https:\/\/calgabriel.es\/es\/wp-json\/wp\/v2\/pages"}],"about":[{"href":"https:\/\/calgabriel.es\/es\/wp-json\/wp\/v2\/types\/page"}],"author":[{"embeddable":true,"href":"https:\/\/calgabriel.es\/es\/wp-json\/wp\/v2\/users\/1"}],"replies":[{"embeddable":true,"href":"https:\/\/calgabriel.es\/es\/wp-json\/wp\/v2\/comments?post=7390"}],"version-history":[{"count":3,"href":"https:\/\/calgabriel.es\/es\/wp-json\/wp\/v2\/pages\/7390\/revisions"}],"predecessor-version":[{"id":7393,"href":"https:\/\/calgabriel.es\/es\/wp-json\/wp\/v2\/pages\/7390\/revisions\/7393"}],"wp:attachment":[{"href":"https:\/\/calgabriel.es\/es\/wp-json\/wp\/v2\/media?parent=7390"}],"curies":[{"name":"wp","href":"https:\/\/api.w.org\/{rel}","templated":true}]}}