{"id":7019,"date":"2022-11-23T17:17:29","date_gmt":"2022-11-23T17:17:29","guid":{"rendered":"https:\/\/calgabriel.es\/entorno\/fires\/"},"modified":"2024-08-29T20:56:33","modified_gmt":"2024-08-29T20:56:33","slug":"fires","status":"publish","type":"page","link":"https:\/\/calgabriel.es\/es\/entorno\/fires\/","title":{"rendered":"Ferias y fiestas"},"content":{"rendered":"\n<p>En toda villa que se aprecie tenemos ferias y fiestas que valen la pena disfrutar y descubrir. Aqu\u00ed te hacemos una recopilaci\u00f3n de las que tenemos en Tuixent y sus alrededores. Coge la agenda y apunta, que no se te pase ninguna!!! Y recuerda <a href=\"https:\/\/calgabriel.es\/es\/reserva\/\" target=\"_blank\" rel=\"noopener\" title=\"Reserva de habitaciones\">reservar habitaci\u00f3n<\/a> con tiempo, que despu\u00e9s te quedas sin ella!<\/p>\n\n<h3 class=\"wp-block-heading is-style-default\">Enero:<\/h3>\n\n<ul class=\"wp-block-list\">\n<li>5 de enero: Cabalgata de Reyes Magos, con reparto de regalos para los vecinos y vecinas que han sido buenas personas \ud83d\ude09 Lugar: Tuixent.<\/li>\n\n\n\n<li>Feria &#8220;Els Tres Tombs&#8221;: preservar la tradici\u00f3n, fiesta para invocar el cuidado de los animales. Pasacalle, gincanas, y actividades populares. Lugar: Solsona. \u00bfCu\u00e1ndo? El fin de semana m\u00e1s cercano a Sant Antoni (21 y 22 de enero de 2023)<\/li>\n<\/ul>\n\n<h3 class=\"wp-block-heading\">Febrero:<\/h3>\n\n<ul class=\"wp-block-list\">\n<li>Carnaval de Solsona. Tradicional y cargado de buen ambiente y fiesta. Lugar: Solsona. \u00bfCu\u00e1ndo? Por carnaval, del 16 al 22 de febrero de 2023. <a href=\"https:\/\/carnavalsolsona.com\/\" target=\"_blank\" rel=\"noopener\" title=\"\">M\u00e1s informaci\u00f3n.<\/a><\/li>\n<\/ul>\n\n<h3 class=\"wp-block-heading\">Marzo:<\/h3>\n\n<ul class=\"wp-block-list\">\n<li>Feria del Trunfo (patata), la trufa y fiesta del vino. Lugar: Solsona. \u00bfCu\u00e1ndo? primeros de marzo (4 y 5 de marzo de 2023). <a href=\"http:\/\/firadesolsona.com\/fira_trumfo\/\" target=\"_blank\" rel=\"noopener\" title=\"\">Consulta el programa.<\/a><\/li>\n\n\n\n<li>Festival del juego. Lugar: La Seu d&#8217;Urgell. \u00bfCu\u00e1ndo? Segundo fin de semana de marzo. Toda la ciudad se llena de juegos para todas las edades. <a href=\"https:\/\/festivaljocpirineu.cat\/\" target=\"_blank\" rel=\"noopener\" title=\"\">Consulta web.<\/a><\/li>\n<\/ul>\n\n<h3 class=\"wp-block-heading is-style-default\">Mayo:<\/h3>\n\n<ul class=\"wp-block-list\">\n<li><a href=\"https:\/\/calgabriel.es\/es\/fira-trementinaires\/\" target=\"_blank\" rel=\"noopener\" title=\"Fiesta y Feria de las Trementinaires\">Feria y Fiesta de Les Trementires<\/a>: el fin de semana pasado de mayo (del 24 al 26 de mayo de 2024). Lugar: Tuixent y pueblos del Valle.<\/li>\n<\/ul>\n\n<h3 class=\"wp-block-heading is-style-default\">Junio:<\/h3>\n\n<ul class=\"wp-block-list\">\n<li>Verbena de San Juan. Cena popular y hoguera para disfrutar de la noche m\u00e1s m\u00e1gica del a\u00f1o. Lugar: Tuixent.<\/li>\n<\/ul>\n\n<h3 class=\"wp-block-heading\">Julio:<\/h3>\n\n<ul class=\"wp-block-list\">\n<li>Cursos en Ossera. De la mano de nuestras queridas artesanas N\u00faria Rosell (mermeladas Cal Casal) y de Suzette (Herborister\u00eda Cal Nogu\u00e9).<\/li>\n\n\n\n<li>Caminada de G\u00f3sol. Salida popular para descubrir una zona de G\u00f3sol. <a href=\"https:\/\/caminadadegosol.cat\/\" target=\"_blank\" rel=\"noopener\" title=\"\">M\u00e1s informaci\u00f3n.<\/a><\/li>\n\n\n\n<li>Aplec de Sant Jaume. M\u00fasica, misa y almuerzo popular en los prados de la ermita de Sant Jaume. Lugar: Tuixent. \u00bfCu\u00e1ndo? El domingo m\u00e1s cercano al 25 de julio.<\/li>\n\n\n\n<li>Feria del Drap Piteu. Mercado artesano ambientado en la \u00e9poca medieval. Lugar: Sant Lloren\u00e7 de Morunys. \u00bfCu\u00e1ndo? 22 y 23 de julio de 2023. M\u00e1s <a href=\"https:\/\/lavalldelord.com\/ca\/esdeveniments\/fira-drap-piteu\/\" target=\"_blank\" rel=\"noopener\" title=\"\">informaci\u00f3n.<\/a><\/li>\n\n\n\n<li>Feria de los C\u00e1taros. Lugar: G\u00f3sol. \u00bfCu\u00e1ndo? \u00daltimo s\u00e1bado de julio.<\/li>\n<\/ul>\n\n<h3 class=\"wp-block-heading is-style-default\">Agosto:<\/h3>\n\n<ul class=\"wp-block-list\">\n<li>Cursos de flores. De la mano de Carme Bosch. Del 1 al 15 de agosto. <a href=\"https:\/\/calgabriel.es\/es\/cursos-de-flors-tuixent\/\" title=\"Cursos de flores en Tuixent\">Consulta el programa<\/a>. Lugar: Tuixent.<\/li>\n\n\n\n<li>Cursos en Ossera. De la mano de nuestras queridas artesanas N\u00faria Rosell (mermeladas Cal Casal) y de Suzette (Herborister\u00eda Cal Nogu\u00e9).<\/li>\n\n\n\n<li>Feria de los C\u00e1taros. Lugar: Josa de Cad\u00ed. \u00bfCu\u00e1ndo? Primer fin de semana de agosto (4 de agosto del 2024).<\/li>\n\n\n\n<li>Actividades durante todo el mes: conciertos, charlas, cine al aire libre, etc. Revisa nuestro <a href=\"https:\/\/calgabriel.es\/es\/entorno\/calendario-actividades-y-events-calendario-actividades-y-eventos\/\" target=\"_blank\" rel=\"noopener\" title=\"Calendari d&#x2019;activitats i events\">calendario.<\/a><\/li>\n\n\n\n<li>Pianada de Josa de Cad\u00ed. Lugar: Ca l&#8217;Amador de Josa de Cad\u00ed. \u00bfCu\u00e1ndo? Durante el mes de agosto, depende agendas de los artistas invitados.<\/li>\n\n\n\n<li>Josart. Encuentro art\u00edstico en el pueblo de Josa de Cad\u00ed. \u00bfCu\u00e1ndo? Segundo martes de mes (posible 6 de agosto del 2024) Dejado sorprender: no hay programa hasta el mismo d\u00eda del evento.<\/li>\n\n\n\n<li>Fiesta mayor de G\u00f3sol. Mediados de mes.<\/li>\n\n\n\n<li>Fiesta mayor de la Seu d&#8217;Urgell: conciertos, actividades, salidas, cultura. \u00bfCu\u00e1ndo? \u00daltima semana de mes. Consulta el <a href=\"https:\/\/www.fmlaseu.cat\/\" target=\"_blank\" rel=\"noopener\" title=\"\">programa de la fiesta.<\/a><\/li>\n<\/ul>\n\n<h3 class=\"wp-block-heading is-style-default\">Septiembre:<\/h3>\n\n<ul class=\"wp-block-list\">\n<li>Fiesta mayor de Josa de Cad\u00ed: primer fin de semana de septiembre. M\u00fasica, diversi\u00f3n, concurso de alioli, y mucho m\u00e1s. Lugar: Josa de Cad\u00ed.<\/li>\n\n\n\n<li>Fiesta mayor de Tuixent: segundo fin de semana de septiembre. Juegos, m\u00fasica, gincanas y muy buen rollo. Lugar: Tuixent.<\/li>\n<\/ul>\n\n<h3 class=\"wp-block-heading is-style-default\">Octubre:<\/h3>\n\n<ul class=\"wp-block-list\">\n<li>Feria de huevos de yegua (calabazas) y Mercat de Pag\u00e8s. Mercado y feria como elemento principal la calabaza. Lugar: Sant Lloren\u00e7 de Morunys. \u00bfCu\u00e1ndo? Segundo fin de semana de mes (8 de octubre de 2023). M\u00e1s <a href=\"https:\/\/lavalldelord.com\/ca\/esdeveniments\/fira-dous-deuga-i-mercat-del-pages\/\" target=\"_blank\" rel=\"noopener\" title=\"\">informaci\u00f3n y programa.<\/a><\/li>\n\n\n\n<li>Fiesta del Roser. Lugar: Tuixent. Fiesta popular, con inauguraci\u00f3n de nueva edici\u00f3n de la ARTVanseca (arte en la naturaleza). \u00bfCu\u00e1ndo? Segundo domingo de octubre.<\/li>\n\n\n\n<li>Feria de San Ermengol: la feria m\u00e1s antigua de Europa. Lugar: La Seu d&#8217;Urgell. Feria en la calle, productos artesanos, feria gastron\u00f3mica y la feria de los quesos artesanos del Pirineo: exposici\u00f3n, degustaci\u00f3n, premios y cursos. \u00bfCu\u00e1ndo? Tercer fin de semana del mes.<\/li>\n\n\n\n<li>Feria de Todos los Santos y feria del guisante negro. Lugar: G\u00f3sol. \u00bfCu\u00e1ndo? Para las fiestas de Todos los Santos.<\/li>\n<\/ul>\n\n<h3 class=\"wp-block-heading\">Diciembre:<\/h3>\n\n<ul class=\"wp-block-list\">\n<li><a href=\"https:\/\/calgabriel.es\/es\/entorno\/fires\/feria-de-la-vall\/\" title=\"Feria de la Vall\">Feria de la Vall<\/a>. Feria de artesanos con m\u00fasica tradicional. Lugar: Tuixent. Fecha: Pont de la Pur\u00edssima (8 de diciembre de 2023. 6 de diciembre de 2024).<\/li>\n\n\n\n<li>Nochevieja. El pueblo nos juntamos en la iglesia para recibir todos junto al nuevo a\u00f1o. Ven a brindar con nosotros. En Cal Gabriel, por nuestros alojados, cena especial.<\/li>\n<\/ul>\n\n<h3 class=\"wp-block-heading\">Mercados semanales<\/h3>\n\n<p>La mejor manera de encontrar productos de calidad, tanto de alimentaci\u00f3n como textil, en las poblaciones m\u00e1s cercanas a Tuixent:<\/p>\n\n<ul class=\"wp-block-list\">\n<li><strong>La Seu d&#8217;Urgell:<\/strong> martes y s\u00e1bados por la ma\u00f1ana. S\u00e1bados tambi\u00e9n mercado de oportunidades.<\/li>\n\n\n\n<li><strong>Solsona:<\/strong> martes y viernes por la ma\u00f1ana.<\/li>\n\n\n\n<li><strong>G\u00f3sol: <\/strong>Jueves por la ma\u00f1ana.<\/li>\n\n\n\n<li><strong>Berga<\/strong>: S\u00e1bados por la ma\u00f1ana.<\/li>\n<\/ul>\n","protected":false},"excerpt":{"rendered":"Una recopilaci\u00f3n de las ferias y fiestas de nuestros alrededores, \u00a1para que no se te escape ninguna!","protected":false},"author":1,"featured_media":0,"parent":6539,"menu_order":2,"comment_status":"open","ping_status":"closed","template":"","meta":{"inline_featured_image":false,"_joinchat":[],"footnotes":""},"class_list":["post-7019","page","type-page","status-publish","hentry"],"aioseo_notices":[],"_links":{"self":[{"href":"https:\/\/calgabriel.es\/es\/wp-json\/wp\/v2\/pages\/7019","targetHints":{"allow":["GET"]}}],"collection":[{"href":"https:\/\/calgabriel.es\/es\/wp-json\/wp\/v2\/pages"}],"about":[{"href":"https:\/\/calgabriel.es\/es\/wp-json\/wp\/v2\/types\/page"}],"author":[{"embeddable":true,"href":"https:\/\/calgabriel.es\/es\/wp-json\/wp\/v2\/users\/1"}],"replies":[{"embeddable":true,"href":"https:\/\/calgabriel.es\/es\/wp-json\/wp\/v2\/comments?post=7019"}],"version-history":[{"count":9,"href":"https:\/\/calgabriel.es\/es\/wp-json\/wp\/v2\/pages\/7019\/revisions"}],"predecessor-version":[{"id":35111,"href":"https:\/\/calgabriel.es\/es\/wp-json\/wp\/v2\/pages\/7019\/revisions\/35111"}],"up":[{"embeddable":true,"href":"https:\/\/calgabriel.es\/es\/wp-json\/wp\/v2\/pages\/6539"}],"wp:attachment":[{"href":"https:\/\/calgabriel.es\/es\/wp-json\/wp\/v2\/media?parent=7019"}],"curies":[{"name":"wp","href":"https:\/\/api.w.org\/{rel}","templated":true}]}}