{"id":6958,"date":"2022-11-27T18:21:39","date_gmt":"2022-11-27T18:21:39","guid":{"rendered":"https:\/\/calgabriel.es\/fira-trementinaires\/"},"modified":"2024-07-16T12:29:51","modified_gmt":"2024-07-16T12:29:51","slug":"fira-trementinaires","status":"publish","type":"page","link":"https:\/\/calgabriel.es\/es\/fira-trementinaires\/","title":{"rendered":"Fiesta y Feria de las Trementinaires"},"content":{"rendered":"\n<p>Si hablamos de Feria y fiesta, la de las Trementinaires es sin lugar a dudas la <strong>M\u00c1S IMPORTANTE<\/strong> que tenemos en el Valle de Tuixent y la Vansa.<\/p>\n\n<p>Data de 2000, como un homenaje, en toda regla, a estas mujeres valientes, emprendedoras y fuertes de nuestro Valle, las <a href=\"https:\/\/calgabriel.es\/es\/entorno\/trementinaires\/\" target=\"_blank\" rel=\"noopener\" title=\"Las trementinaires\">Trementinaires<\/a>. Con grandes conocimientos de nuestro entorno y de la sabidur\u00eda popular de las plantas que las hicieron muy conocidas y preciadas en toda Catalu\u00f1a. Las grandes sanadoras de otras \u00e9pocas.<\/p>\n\n<p>En esta fiesta tenemos un cartel bien repleto de actividades: cursos, rutas bot\u00e1nicas, visitas guiadas a los museos, presentaciones de libro, charlas, reconocimiento p\u00fablico a una persona importante (premio Trementinaire de honor), hoguera, baile tradicional, canciones populares del Pirineo, y la feria de artesanos. \u00a1Un fin de semana bien repleto de conocimientos, buen ambiente y emociones! <\/p>\n\n<h3 class=\"wp-block-heading\">Estructura de la fiesta<\/h3>\n\n<p>El <strong>s\u00e1bado por la ma\u00f1ana<\/strong> hay cursos, visitas al museo, rutas guiadas, charlas, degustaci\u00f3n, presentaciones de libro. No tendr\u00e1s tiempo de aburrirte.<\/p>\n\n<p><strong>La noche del s\u00e1bado<\/strong> no te puedes perder la hoguera, hacia las 22:30h, donde los ni\u00f1os de la escuela de Tuixent llevan fardos de olores para quemar en la hoguera, y donde cada visitante puede llevar su propio ramillete para quemar y pedir su deseo. Acompa\u00f1ado con el resto de participantes, la m\u00fasica y el baile, no es raro encontrar a m\u00e1s de una persona emocionada y con los pelos de punta.<\/p>\n\n<p>A continuaci\u00f3n en la plaza Cad\u00ed la m\u00fasica folcl\u00f3rica y el baile tradicional no te dejar\u00e1n quieto en la silla. Ven a bailar con nosotros y d\u00e9jate guiar por el resto de participantes y el grupo musical. Sudar\u00e1s y te divertir\u00e1s a partes iguales.<\/p>\n\n<p>Deja fuerzas para el <strong>domingo<\/strong> que a las 10 de la ma\u00f1ana comienza la Fira, con los artesanos de la zona e invitados de otros lugares para realizar compras de productos naturales, artesanos de muchos \u00e1mbitos diferentes: alimentaci\u00f3n, bebidas, cosm\u00e9tica natural, artesan\u00eda, arte, plantas&#8230; te lo querr\u00e1s llevar todo, \u00a1est\u00e1s avisado!<\/p>\n\n<h3 class=\"wp-block-heading\">Edici\u00f3n 2025<\/h3>\n\n<div class=\"wp-block-columns are-vertically-aligned-center is-layout-flex wp-container-core-columns-is-layout-9d6595d7 wp-block-columns-is-layout-flex\">\n<div class=\"wp-block-column is-vertically-aligned-center is-layout-flow wp-block-column-is-layout-flow\" style=\"flex-basis:15%\">\n<p class=\"has-text-align-right has-large-font-size\">Quedan:<\/p>\n<\/div>\n\n\n\n<div class=\"wp-block-column is-vertically-aligned-center is-layout-flow wp-block-column-is-layout-flow\" style=\"flex-basis:50%\">\n\t\t<div class=\"wp-block-getwid-countdown\">\n\t\t\t<div class=\"wp-block-getwid-countdown__wrapper\" >\n\t\t\t\t<div class=\"wp-block-getwid-countdown__content\"\n\t\t\t\t\t data-datetime=\"negative\"     data-days=\"1\" data-hours=\"1\" data-minutes=\"1\" data-seconds=\"1\">\n\t\t\t\t<\/div>\n\t\t\t<\/div>\n\t\t<\/div>\n\n\t\t<\/div>\n<\/div>\n\n<p>Las fechas de la edici\u00f3n 2025 es del 23 al 25 de mayo, as\u00ed que no olvides bloquear esos d\u00edas en tu agenda para no perderte la fiesta!<\/p>\n\n<p>Pod\u00e9is consultar el programa de la fiesta edici\u00f3n 2024 <a href=\"https:\/\/drive.google.com\/file\/d\/1K4Z-hJzXLQGhi_4-l5EFnE7SXsBVe97e\/view?usp=sharing\" target=\"_blank\" rel=\"noopener\" title=\"\">en este enlace<\/a>, y no dejes para ma\u00f1ana apuntarte a los cursos y actividades que requieren registro, \u00a1que vuelan!<\/p>\n\n<p>Estate bien atento a nuestra web o apuntado a nuestro bolet\u00edn para no perderte ninguna novedad al respecto:<\/p>\n            <div class='wp-block-getwid-mailchimp'>\n                <form class='wp-block-getwid-mailchimp__form'>\n\t\n        <p class='wp-block-getwid-field-first-name'>        <label\n            for='name-69e684ed185aa'\n            class='wp-block-getwid-field-first-name__label'\n        >Nom<\/label>\n\t\n    <input id='name-69e684ed185aa' type='text' name='first-name'    \/>\n<\/p>\n\n\n        <p class='wp-block-getwid-field-last-name'>        <label\n            for='name-69e684ed1866f'\n            class='wp-block-getwid-field-last-name__label'\n        >Cognoms<\/label>\n    \n    <input id='name-69e684ed1866f' type='text' name='last-name'            \/>\n<\/p>\n\n\n        <p class='wp-block-getwid-field-email'>        <label\n            for='email-69e684ed18703'\n            class='wp-block-getwid-field-email__label'\n        >Adre\u00e7a de correu electr\u00f2nic<\/label>\n    \n    <input id='email-69e684ed18703' type='email' name='email'             required=''    \/>\n<\/p>\n\n\n\t<input name='list_ids' \t\t\tvalue='[&quot;0e546247bf&quot;]'\t\ttype='hidden'\n\t\/>\n\n\t<p class='wp-block-getwid-mailchimp__result'><\/p>\n\n\t<div class='wp-block-getwid-mailchimp__submit'>\n\t\t<div class='wp-block-button'>\n\t\t\t<button\n\t\t\t\ttype='submit'\n\t\t\t\tclass='wp-block-button__link '\t\t\t\t\tstyle=''\t\t\t>SUBSCRIURE&#8217;S<\/button>\n\t\t<\/div>\n\n\t<\/div>\n<\/form>\n            <\/div>\n<p>\u00a1Cu\u00e1nto antes reservas habitaci\u00f3n, m\u00e1s probabilidades tendr\u00e1s de no quedarte sin disfrutar de esta gran fiesta!!<\/p>\n<div class=\"mphb_sc_search-wrapper is-style-horizontal-form mphbs-fluid-button\">\n<form method=\"GET\" class=\"mphb_sc_search-form\" action=\"https:\/\/calgabriel.es\/es\/search-results\/\" data-first_available_check_in_date=\"2026-04-21\">\n\n\t<p class = \"mphb-required-fields-tip\">\n\t<small>\n\t\tLos campos obligatorios son seguidos por\t\t<abbr title=\"required\">*<\/abbr>\n\t<\/small>\n<\/p>\n\n\t<p class=\"mphb_sc_search-check-in-date\">\n\t\t<label for=\"mphb_check_in_date-mphb-search-form-69e684ed19786\">\n\t\t\tD\u00eda de llegada\t\t\t<abbr title=\"Formato dd\/mm\/yyyy\">*<\/abbr>\n\t\t<\/label>\n\t\t<br \/>\n\t\t<input\n\t\t\tid=\"mphb_check_in_date-mphb-search-form-69e684ed19786\"\n\t\t\tdata-datepick-group=\"mphb-search-form-69e684ed19786\"\n\t\t\tvalue=\"\"\n\t\t\tplaceholder=\"Fecha de llegada\"\n\t\t\trequired=\"required\"\n\t\t\ttype=\"text\"\n\t\t\tinputmode=\"none\"\n\t\t\tname=\"mphb_check_in_date\"\n\t\t\tclass=\"mphb-datepick\"\n\t\t\tautocomplete=\"off\"\n\t\t\t\/>\n\t<\/p>\n\n\t<p class=\"mphb_sc_search-check-out-date\">\n\t\t<label for=\"mphb_check_out_date-mphb-search-form-69e684ed19786\">\n\t\t\tD\u00eda de salida\t\t\t<abbr title=\"Formato dd\/mm\/yyyy\">*<\/abbr>\n\t\t<\/label>\n\t\t<br \/>\n\t\t<input\n\t\t\tid=\"mphb_check_out_date-mphb-search-form-69e684ed19786\"\n\t\t\tdata-datepick-group=\"mphb-search-form-69e684ed19786\"\n\t\t\tvalue=\"\"\n\t\t\tplaceholder=\"Fecha de salida\"\n\t\t\trequired=\"required\"\n\t\t\ttype=\"text\"\n\t\t\tinputmode=\"none\"\n\t\t\tname=\"mphb_check_out_date\"\n\t\t\tclass=\"mphb-datepick\"\n\t\t\tautocomplete=\"off\"\n\t\t\t\/>\n\t<\/p>\n\n\t\t\t<p class=\"mphb_sc_search-adults\">\n\t\t\t<label for=\"mphb_adults-mphb-search-form-69e684ed19786\">\n\t\t\t\tAdultos\t\t\t<\/label>\n\t\t\t<br \/>\n\t\t\t<select id=\"mphb_adults-mphb-search-form-69e684ed19786\" name=\"mphb_adults\" >\n\t\t\t\t\t\t\t\t\t<option value=\"1\" >1<\/option>\n\t\t\t\t\t\t\t\t\t<option value=\"2\"  selected='selected'>2<\/option>\n\t\t\t\t\t\t\t\t\t<option value=\"3\" >3<\/option>\n\t\t\t\t\t\t\t\t\t<option value=\"4\" >4<\/option>\n\t\t\t\t\t\t\t\t\t<option value=\"5\" >5<\/option>\n\t\t\t\t\t\t\t\t\t<option value=\"6\" >6<\/option>\n\t\t\t\t\t\t\t\t\t<option value=\"7\" >7<\/option>\n\t\t\t\t\t\t\t\t\t<option value=\"8\" >8<\/option>\n\t\t\t\t\t\t\t\t\t<option value=\"9\" >9<\/option>\n\t\t\t\t\t\t\t\t\t<option value=\"10\" >10<\/option>\n\t\t\t\t\t\t\t\t\t<option value=\"11\" >11<\/option>\n\t\t\t\t\t\t\t\t\t<option value=\"12\" >12<\/option>\n\t\t\t\t\t\t\t\t\t<option value=\"13\" >13<\/option>\n\t\t\t\t\t\t\t\t\t<option value=\"14\" >14<\/option>\n\t\t\t\t\t\t\t\t\t<option value=\"15\" >15<\/option>\n\t\t\t\t\t\t\t\t\t<option value=\"16\" >16<\/option>\n\t\t\t\t\t\t\t\t\t<option value=\"17\" >17<\/option>\n\t\t\t\t\t\t\t\t\t<option value=\"18\" >18<\/option>\n\t\t\t\t\t\t\t\t\t<option value=\"19\" >19<\/option>\n\t\t\t\t\t\t\t\t\t<option value=\"20\" >20<\/option>\n\t\t\t\t\t\t\t\t\t<option value=\"21\" >21<\/option>\n\t\t\t\t\t\t\t\t\t<option value=\"22\" >22<\/option>\n\t\t\t\t\t\t\t\t\t<option value=\"23\" >23<\/option>\n\t\t\t\t\t\t\t\t\t<option value=\"24\" >24<\/option>\n\t\t\t\t\t\t\t\t\t<option value=\"25\" >25<\/option>\n\t\t\t\t\t\t\t<\/select>\n\t\t<\/p>\n\t\n\t\t\t<p class=\"mphb_sc_search-children\">\n\t\t\t<label for=\"mphb_children-mphb-search-form-69e684ed19786\">\n\t\t\t\tNi\u00f1os hasta 10 a\u00f1os\t\t\t<\/label>\n\t\t\t<br \/>\n\t\t\t<select id=\"mphb_children-mphb-search-form-69e684ed19786\" name=\"mphb_children\">\n\t\t\t\t\t\t\t\t\t<option value=\"0\"  selected='selected'>0<\/option>\n\t\t\t\t\t\t\t\t\t<option value=\"1\" >1<\/option>\n\t\t\t\t\t\t\t\t\t<option value=\"2\" >2<\/option>\n\t\t\t\t\t\t\t\t\t<option value=\"3\" >3<\/option>\n\t\t\t\t\t\t\t\t\t<option value=\"4\" >4<\/option>\n\t\t\t\t\t\t\t\t\t<option value=\"5\" >5<\/option>\n\t\t\t\t\t\t\t<\/select>\n\t\t<\/p>\n\t\n\t\n\t\n\t<input id=\"mphb_check_in_date-mphb-search-form-69e684ed19786-hidden\" value=\"\" type=\"hidden\" name=\"mphb_check_in_date\" \/><input id=\"mphb_check_out_date-mphb-search-form-69e684ed19786-hidden\" value=\"\" type=\"hidden\" name=\"mphb_check_out_date\" \/>\n\t<p class=\"mphb_sc_search-submit-button-wrapper\">\n\t\t<input type=\"submit\" class=\"button\" value=\"Buscar\"\/>\n\t<\/p>\n\n\t\n<\/form>\n<\/div>\n<h3 class=\"wp-block-heading\">Otras ediciones<\/h3>\n\n<ul class=\"wp-block-list\">\n<li>Edici\u00f3n 2023: 19, 20 y 21 de mayo. El <a href=\"https:\/\/drive.google.com\/file\/d\/1ecLj_t9KXKphZlJaPljKhhIYAHhe-FCL\/view?usp=sharing\" target=\"_blank\" rel=\"noopener\" title=\"\">programa<\/a> de la 23a edici\u00f3n de la Fiesta de las Trementinairas.<\/li>\n\n\n\n<li>Edici\u00f3n 2022: 26, 27 y 28 de mayo.<\/li>\n\n\n\n<li>Edici\u00f3n 2021: 28, 29 y 30 de mayo. Formato reducido.<\/li>\n\n\n\n<li>Edici\u00f3n 2020: <a href=\"https:\/\/calgabriel.es\/es\/festa-trementinaries-2020\/\" target=\"_blank\" rel=\"noopener\" title=\"\">virtual.<\/a><\/li>\n\n\n\n<li>Edici\u00f3n 2019: 18 y 19 de mayo. Cambio de fechas por elecciones auton\u00f3micas.<\/li>\n\n\n\n<li>Edici\u00f3n 2018: 26 y 27 de mayo.<\/li>\n\n\n\n<li>Edici\u00f3n 2017: 27 y 28 de mayo.<\/li>\n\n\n\n<li>Edici\u00f3n 2016: 28 y 29 de mayo.<\/li>\n\n\n\n<li>Edici\u00f3n 2015: 30 y 31 de mayo.<\/li>\n\n\n\n<li>Edici\u00f3n 2014: 31 de mayo y 1 de junio.<\/li>\n\n\n\n<li>Edici\u00f3n 2013: 25 y 26 de mayo.<\/li>\n\n\n\n<li>Edici\u00f3n 2012: Todav\u00eda no hab\u00edamos llegado a Tuixent \ud83d\ude09<\/li>\n<\/ul>\n","protected":false},"excerpt":{"rendered":"La M\u00c1S GRAN fiesta y feria de las Trementinaires en el Valle de Tuixent y la Vansa.","protected":false},"author":1,"featured_media":0,"parent":0,"menu_order":0,"comment_status":"closed","ping_status":"closed","template":"template-front-page.php","meta":{"inline_featured_image":false,"_joinchat":[],"footnotes":""},"class_list":["post-6958","page","type-page","status-publish","hentry"],"aioseo_notices":[],"_links":{"self":[{"href":"https:\/\/calgabriel.es\/es\/wp-json\/wp\/v2\/pages\/6958","targetHints":{"allow":["GET"]}}],"collection":[{"href":"https:\/\/calgabriel.es\/es\/wp-json\/wp\/v2\/pages"}],"about":[{"href":"https:\/\/calgabriel.es\/es\/wp-json\/wp\/v2\/types\/page"}],"author":[{"embeddable":true,"href":"https:\/\/calgabriel.es\/es\/wp-json\/wp\/v2\/users\/1"}],"replies":[{"embeddable":true,"href":"https:\/\/calgabriel.es\/es\/wp-json\/wp\/v2\/comments?post=6958"}],"version-history":[{"count":9,"href":"https:\/\/calgabriel.es\/es\/wp-json\/wp\/v2\/pages\/6958\/revisions"}],"predecessor-version":[{"id":34933,"href":"https:\/\/calgabriel.es\/es\/wp-json\/wp\/v2\/pages\/6958\/revisions\/34933"}],"wp:attachment":[{"href":"https:\/\/calgabriel.es\/es\/wp-json\/wp\/v2\/media?parent=6958"}],"curies":[{"name":"wp","href":"https:\/\/api.w.org\/{rel}","templated":true}]}}