{"id":6920,"date":"2022-11-26T22:45:00","date_gmt":"2022-11-26T22:45:00","guid":{"rendered":"https:\/\/calgabriel.es\/feria-de-la-vall\/"},"modified":"2023-12-15T19:46:34","modified_gmt":"2023-12-15T19:46:34","slug":"feria-de-la-vall","status":"publish","type":"page","link":"https:\/\/calgabriel.es\/es\/entorno\/fires\/feria-de-la-vall\/","title":{"rendered":"Feria de la Vall"},"content":{"rendered":"\n<p>La Feria del Valle de Tuixent es un espacio de encuentro de los artesanos del Valle de La Vansa y Tuixent, as\u00ed como invitados de las proximidades, para ofrecer sus productos de calidad y de proximidad: alimentaci\u00f3n, cosm\u00e9tica y artesan\u00eda, entre otros, para empezar a preparar los regalos de Navidad.<\/p>\n\n<p>La Fira se remonta al a\u00f1o 1994 de la mano de los artesanos de Ossera, fue una manera de darse a conocer y hacer venir a gente al pueblo. Con los a\u00f1os ha ido creciendo y se estableci\u00f3 en Tuixent para poder ofrecer m\u00e1s espacio de venta y mayor proximidad.<\/p>\n\n<p>\u00bf<strong>Cu\u00e1ndo<\/strong> se hace? Durante el puente de la Inmaculada. (Edici\u00f3n 2024: 6 de diciembre)<\/p>\n\n<p><strong>\u00bfD\u00f3nde? <\/strong>En Tuixent, en la plaza del Cad\u00ed.<\/p>\n\n<p><strong>Horario<\/strong>: de 10h a 18h.<\/p>\n\n<p>\u00a1Recuerda <a href=\"https:\/\/calgabriel.es\/es\/reserva\/\" target=\"_blank\" rel=\"noopener\" title=\"Reserva de habitaciones\">reservar tu habitaci\u00f3n<\/a> con tiempo para no quedarte sin disfrutar de un d\u00eda de feria y buen ambiente!<\/p>\n<div class=\"wp-block-image is-resized\">\n<figure class=\"aligncenter size-full\"><img fetchpriority=\"high\" decoding=\"async\" width=\"737\" height=\"199\" src=\"https:\/\/calgabriel.es\/wp-content\/uploads\/2022\/11\/Lazo.jpg\" alt=\"\" class=\"wp-image-6908\" srcset=\"https:\/\/calgabriel.es\/wp-content\/uploads\/2022\/11\/Lazo.jpg 737w, https:\/\/calgabriel.es\/wp-content\/uploads\/2022\/11\/Lazo-300x81.jpg 300w, https:\/\/calgabriel.es\/wp-content\/uploads\/2022\/11\/Lazo-600x162.jpg 600w\" sizes=\"(max-width: 737px) 100vw, 737px\" \/><\/figure>\n<\/div>\n<h3 class=\"wp-block-heading\">Edici\u00f3n 2023<\/h3>\n\n<p>Fecha: 8 de diciembre del 2023.<\/p>\n\n<p>En esta edici\u00f3n, adem\u00e1s, celebramos los 25 a\u00f1os del <a href=\"https:\/\/www.trementinaires.org\" target=\"_blank\" rel=\"noopener\" title=\"\">Museu de les Trementinaires.<\/a><\/p>\n\n<p>Tambi\u00e9n se llevar\u00e1n a cabo <strong>otras actividades<\/strong>:<\/p>\n\n<p>10h: Visita guiada al Centro de Flora. Precio: 3\u20ac. Es necesaria inscripci\u00f3n en museu@trementinaires.org o en el tel\u00e9fono 973370030<\/p>\n\n<p>11:30h: La hora del cuento.<em>Nadal a la vora del foc<\/em>. Lugar: Sala Cad\u00ed.<\/p>\n\n<p>12h: Acto conmemoraci\u00f3n del 25 aniversario del Museo de las Trementinaires.<\/p>\n\n<p>13h: Baile de gigantes y cabezudo de Tuixent.<\/p>\n\n<p>13h: M\u00fasica tradicional con Sonsoni.<\/p>\n\n<p>Cartel:<\/p>\n<div class=\"wp-block-image\">\n<figure class=\"aligncenter size-large\"><img decoding=\"async\" width=\"724\" height=\"1024\" data-src=\"https:\/\/calgabriel.es\/wp-content\/uploads\/2023\/11\/Fira-de-la-Vall-2023-724x1024.jpg\" alt=\"Fira de la Vall 2023\" class=\"wp-image-34395 lazyload\" data-srcset=\"https:\/\/calgabriel.es\/wp-content\/uploads\/2023\/11\/Fira-de-la-Vall-2023-724x1024.jpg 724w, https:\/\/calgabriel.es\/wp-content\/uploads\/2023\/11\/Fira-de-la-Vall-2023-212x300.jpg 212w, https:\/\/calgabriel.es\/wp-content\/uploads\/2023\/11\/Fira-de-la-Vall-2023-768x1087.jpg 768w, https:\/\/calgabriel.es\/wp-content\/uploads\/2023\/11\/Fira-de-la-Vall-2023-600x849.jpg 600w, https:\/\/calgabriel.es\/wp-content\/uploads\/2023\/11\/Fira-de-la-Vall-2023.jpg 841w\" data-sizes=\"(max-width: 724px) 100vw, 724px\" src=\"data:image\/svg+xml;base64,PHN2ZyB3aWR0aD0iMSIgaGVpZ2h0PSIxIiB4bWxucz0iaHR0cDovL3d3dy53My5vcmcvMjAwMC9zdmciPjwvc3ZnPg==\" style=\"--smush-placeholder-width: 724px; --smush-placeholder-aspect-ratio: 724\/1024;\" \/><figcaption class=\"wp-element-caption\">Fira de la Vall 2023<\/figcaption><\/figure>\n<\/div>\n<h3 class=\"wp-block-heading\">Otras ediciones de la Feria del Valle<\/h3>\n\n<ul class=\"wp-block-list\">\n<li>Edici\u00f3n 2022: 8 de diciembre. <a href=\"https:\/\/sp-ao.shortpixel.ai\/client\/to_auto,q_glossy,ret_img,w_724\/https:\/\/calgabriel.es\/wp-content\/uploads\/2022\/11\/Fira-de-la-Vall-2022-724x1024.jpg\" target=\"_blank\" rel=\"noopener\" title=\"\">Cartel<\/a><\/li>\n\n\n\n<li>Edici\u00f3n 2021: 5 de diciembre. Suspendida.<\/li>\n\n\n\n<li>Edici\u00f3n 2020: No celebrada.<\/li>\n\n\n\n<li>Edici\u00f3n 2019: 7 de diciembre. <a href=\"https:\/\/calgabriel.es\/wp-content\/uploads\/2019\/12\/FiraVall2019.jpeg\" target=\"_blank\" rel=\"noopener nofollow\" title=\"\">Cartel<\/a><\/li>\n\n\n\n<li>Edici\u00f3n 2018. Fechas no disponibles.<\/li>\n\n\n\n<li>Edici\u00f3n 2017. Fechas no disponibles.<\/li>\n\n\n\n<li>Edici\u00f3n 2016: 8 de diciembre.<\/li>\n\n\n\n<li>Edici\u00f3n 2015: 6 de diciembre. <a href=\"http:\/\/calgabriel.es\/wp-content\/uploads\/2015\/11\/Fira-de-la-Vall-2015.jpg\" target=\"_blank\" rel=\"noopener nofollow\" title=\"\">Cartel<\/a><\/li>\n\n\n\n<li>Edici\u00f3n 2014. Fechas no disponibles.<\/li>\n\n\n\n<li>Edici\u00f3n 2013. Fechas no disponibles.<\/li>\n\n\n\n<li>Edici\u00f3n 2012: 8 de diciembre.<\/li>\n<\/ul>\n","protected":false},"excerpt":{"rendered":"Feria de artesan\u00eda en el pueblo de Tuixent.","protected":false},"author":1,"featured_media":0,"parent":7019,"menu_order":0,"comment_status":"closed","ping_status":"closed","template":"template-front-page.php","meta":{"inline_featured_image":false,"_joinchat":[],"footnotes":""},"class_list":["post-6920","page","type-page","status-publish","hentry"],"aioseo_notices":[],"_links":{"self":[{"href":"https:\/\/calgabriel.es\/es\/wp-json\/wp\/v2\/pages\/6920","targetHints":{"allow":["GET"]}}],"collection":[{"href":"https:\/\/calgabriel.es\/es\/wp-json\/wp\/v2\/pages"}],"about":[{"href":"https:\/\/calgabriel.es\/es\/wp-json\/wp\/v2\/types\/page"}],"author":[{"embeddable":true,"href":"https:\/\/calgabriel.es\/es\/wp-json\/wp\/v2\/users\/1"}],"replies":[{"embeddable":true,"href":"https:\/\/calgabriel.es\/es\/wp-json\/wp\/v2\/comments?post=6920"}],"version-history":[{"count":9,"href":"https:\/\/calgabriel.es\/es\/wp-json\/wp\/v2\/pages\/6920\/revisions"}],"predecessor-version":[{"id":35085,"href":"https:\/\/calgabriel.es\/es\/wp-json\/wp\/v2\/pages\/6920\/revisions\/35085"}],"up":[{"embeddable":true,"href":"https:\/\/calgabriel.es\/es\/wp-json\/wp\/v2\/pages\/7019"}],"wp:attachment":[{"href":"https:\/\/calgabriel.es\/es\/wp-json\/wp\/v2\/media?parent=6920"}],"curies":[{"name":"wp","href":"https:\/\/api.w.org\/{rel}","templated":true}]}}