{"id":6600,"date":"2019-06-11T10:06:47","date_gmt":"2019-06-11T10:06:47","guid":{"rendered":"https:\/\/calgabriel.es\/booking-confirmation\/booking-confirmed\/"},"modified":"2022-11-12T18:42:08","modified_gmt":"2022-11-12T18:42:08","slug":"booking-confirmed","status":"publish","type":"page","link":"https:\/\/calgabriel.es\/es\/booking-confirmation\/booking-confirmed\/","title":{"rendered":"Reserva confirmada"},"content":{"rendered":"\n<div class=\"mphb_sc_booking_confirmation\"><\/div>\n\n<p>Muchas gracias por tu reserva en Cal Gabriel i Cal Farragetes de Tuixent. <\/p>\n\n<p>En breve recibir\u00e1s un correo electr\u00f3nico con la informaci\u00f3n de la reserva, as\u00ed como el m\u00e9todo de confirmaci\u00f3n seleccionado.<\/p>\n\n<p>Si has efectuado el pago con tarjeta bancaria, tu reserva est\u00e1 en firme. En caso de haber seleccionado transferencia bancaria o Bizum, dispones de 48 horas para realizar el ingreso correspondiente y garantizar la habitaci\u00f3n siguiendo las instrucciones incluidas en el correo-e de reserva.<\/p>\n\n<p>Para cualquier duda o aclaraci\u00f3n estamos a tu disposici\u00f3n por <a href=\"mailto:info@calgabriel.com\" title=\"correu-e\">correu-e<\/a> y <a href=\"https:\/\/api.whatsapp.com\/send?phone=0034973370142&amp;text=Hola%21\" target=\"_blank\" rel=\"noreferrer noopener\">whatsapp<\/a>.<\/p>\n\n<pre class=\"wp-block-preformatted\">Toni y Mario\n<a href=\"http:\/\/www.calgabriel.com\">www.calgabriel.com<\/a>\n<a href=\"tel:973370142\">T. 973.370.142<\/a>\n<a href=\"https:\/\/api.whatsapp.com\/send?phone=0034973370142&amp;text=Hola%21\" target=\"_blank\" rel=\"noreferrer noopener\" aria-label=\"Whatsapp (se abre en una nueva pesta&#xF1;a)\">Whatsapp<\/a>\n <\/pre>\n","protected":false},"excerpt":{"rendered":"Muchas gracias por tu reserva en Cal Gabriel i Cal Farragetes de Tuixent. En breve recibir\u00e1s un correo electr\u00f3nico con la informaci\u00f3n de la reserva, as\u00ed como el m\u00e9todo de confirmaci\u00f3n seleccionado. Si has efectuado el pago con tarjeta bancaria, tu reserva est\u00e1 en firme. En caso de haber seleccionado transferencia bancaria o Bizum, dispones [&hellip;]","protected":false},"author":1,"featured_media":0,"parent":6513,"menu_order":0,"comment_status":"closed","ping_status":"closed","template":"","meta":{"inline_featured_image":false,"_joinchat":[],"footnotes":""},"class_list":["post-6600","page","type-page","status-publish","hentry"],"aioseo_notices":[],"_links":{"self":[{"href":"https:\/\/calgabriel.es\/es\/wp-json\/wp\/v2\/pages\/6600","targetHints":{"allow":["GET"]}}],"collection":[{"href":"https:\/\/calgabriel.es\/es\/wp-json\/wp\/v2\/pages"}],"about":[{"href":"https:\/\/calgabriel.es\/es\/wp-json\/wp\/v2\/types\/page"}],"author":[{"embeddable":true,"href":"https:\/\/calgabriel.es\/es\/wp-json\/wp\/v2\/users\/1"}],"replies":[{"embeddable":true,"href":"https:\/\/calgabriel.es\/es\/wp-json\/wp\/v2\/comments?post=6600"}],"version-history":[{"count":1,"href":"https:\/\/calgabriel.es\/es\/wp-json\/wp\/v2\/pages\/6600\/revisions"}],"predecessor-version":[{"id":6601,"href":"https:\/\/calgabriel.es\/es\/wp-json\/wp\/v2\/pages\/6600\/revisions\/6601"}],"up":[{"embeddable":true,"href":"https:\/\/calgabriel.es\/es\/wp-json\/wp\/v2\/pages\/6513"}],"wp:attachment":[{"href":"https:\/\/calgabriel.es\/es\/wp-json\/wp\/v2\/media?parent=6600"}],"curies":[{"name":"wp","href":"https:\/\/api.w.org\/{rel}","templated":true}]}}