{"id":6549,"date":"2013-03-08T21:07:21","date_gmt":"2013-03-08T21:07:21","guid":{"rendered":"https:\/\/calgabriel.es\/el-tiempo\/"},"modified":"2022-11-12T17:59:18","modified_gmt":"2022-11-12T17:59:18","slug":"el-tiempo","status":"publish","type":"page","link":"https:\/\/calgabriel.es\/es\/el-tiempo\/","title":{"rendered":"El tiempo"},"content":{"rendered":"\n<p>Tuixent se encuentra a 1200m de altura, en el prepirineo de Lleida, es una zona de monta\u00f1a con temperaturas y condiciones de humedad distintas a la costa. Por eso le recomendamos consultar la previsi\u00f3n del tiempo para hacer la matela, y no olvidar en verano ropa de entretiempo para protegerte de las temperaturas suaves de la noche. <\/p>\n\n<p>Si quieres realizar salidas de monta\u00f1a, lleva ropa adecuada para protegerte del fr\u00edo, el viento y la posible subida de temperaturas en las cotas m\u00e1s altas. Ir preparados es la mejor forma de disfrutar de las excursiones. Os hemos preparado una secci\u00f3n de <a href=\"http:\/\/calgabriel.es\/recomanacions\/\" target=\"_blank\" aria-label=\" (opens in a new tab)\" rel=\"noreferrer noopener\" class=\"aioseop-link\">recomendaciones<\/a> que os animamos a visitar.<\/p>\n\n<p>\u00bfQu\u00e9 tiempo har\u00e1 en Tuixent en los pr\u00f3ximos d\u00edas? \u00bfQuieres saber qu\u00e9 tiempo tenemos ahora mismo en el pueblo? Cons\u00faltala a continuaci\u00f3n:<\/p>\n\n<div id=\"c_f3ab3c50e2abd11802d705d8fab40959\" class=\"ancho\"><\/div><script type=\"text\/javascript\" src=\"https:\/\/ca.eltiempo.es\/widget\/widget_loader\/f3ab3c50e2abd11802d705d8fab40959\"><\/script><div class=\"wp-block-image\">\n<figure class=\"aligncenter\"><img decoding=\"async\" src=\"\/\/my.meteoblue.com\/visimage\/meteogram_web?look=KILOMETER_PER_HOUR%2CCELSIUS%2CMILLIMETER&amp;apikey=5838a18e295d&amp;temperature=C&amp;windspeed=kmh&amp;precipitationamount=mm&amp;winddirection=3char&amp;city=Tuix%C3%A9n&amp;iso2=es&amp;lat=42.233299&amp;lon=1.566670&amp;asl=1135&amp;tz=Europe%2FMadrid&amp;lang=es&amp;sig=3f20f2fbea24a5f6243f401c2c21edf0\" alt=\"\"\/><\/figure><\/div>\n<p><\/p>\n","protected":false},"excerpt":{"rendered":"Descubre la previsi\u00f3n de tiempo para los pr\u00f3ximos d\u00edas en Tuixent .","protected":false},"author":1,"featured_media":0,"parent":0,"menu_order":3,"comment_status":"closed","ping_status":"open","template":"","meta":{"inline_featured_image":false,"_joinchat":[],"footnotes":""},"class_list":["post-6549","page","type-page","status-publish","hentry"],"aioseo_notices":[],"_links":{"self":[{"href":"https:\/\/calgabriel.es\/es\/wp-json\/wp\/v2\/pages\/6549","targetHints":{"allow":["GET"]}}],"collection":[{"href":"https:\/\/calgabriel.es\/es\/wp-json\/wp\/v2\/pages"}],"about":[{"href":"https:\/\/calgabriel.es\/es\/wp-json\/wp\/v2\/types\/page"}],"author":[{"embeddable":true,"href":"https:\/\/calgabriel.es\/es\/wp-json\/wp\/v2\/users\/1"}],"replies":[{"embeddable":true,"href":"https:\/\/calgabriel.es\/es\/wp-json\/wp\/v2\/comments?post=6549"}],"version-history":[{"count":3,"href":"https:\/\/calgabriel.es\/es\/wp-json\/wp\/v2\/pages\/6549\/revisions"}],"predecessor-version":[{"id":6589,"href":"https:\/\/calgabriel.es\/es\/wp-json\/wp\/v2\/pages\/6549\/revisions\/6589"}],"wp:attachment":[{"href":"https:\/\/calgabriel.es\/es\/wp-json\/wp\/v2\/media?parent=6549"}],"curies":[{"name":"wp","href":"https:\/\/api.w.org\/{rel}","templated":true}]}}