{"id":6548,"date":"2015-04-20T17:22:49","date_gmt":"2015-04-20T17:22:49","guid":{"rendered":"https:\/\/calgabriel.es\/entorno\/calendario-actividades-y-events-calendario-actividades-y-eventos\/"},"modified":"2015-04-20T17:22:49","modified_gmt":"2015-04-20T17:22:49","slug":"calendario-actividades-y-events-calendario-actividades-y-eventos","status":"publish","type":"page","link":"https:\/\/calgabriel.es\/es\/entorno\/calendario-actividades-y-events-calendario-actividades-y-eventos\/","title":{"rendered":"Calendario actividades y eventos \/\/ Calendario actividades y eventos"},"content":{"rendered":"<p>A continuaci\u00f3n podr\u00e1 encontrar una recopilaci\u00f3n de las actividades, eventos, cursos y fiestas que tienen lugar en Tuixent , alrededores y en la comarca del Alt Urgell. De esta manera podr\u00e1 disfrutar m\u00e1s a\u00fan de su visita a Tuixent , y en especial a Cal Gabriel .<\/p>\n<p>===<\/p>\n<p>A continuaci\u00f3n se muestra una recopilaci\u00f3n de las actividades, eventos, cursos y fiestas que tienen lugar en Tuixent , alrededores y en la comarca del Alt Urgell. De esta forma podr\u00e1 disfrutar a\u00fan m\u00e1s de su visita a Tuixent , y en especial a Cal Gabriel .<\/p>\n<p><iframe data-src=\"https:\/\/www.google.com\/calendar\/embed?src=rbrocpfqb8ggcotbiuh8osb5vo%40group.calendar.google.com&amp;ctz=Europe\/Madrid\" style=\"border: 0\" width=\"800\" height=\"600\" frameborder=\"0\" scrolling=\"no\" src=\"data:image\/svg+xml;base64,PHN2ZyB3aWR0aD0iMSIgaGVpZ2h0PSIxIiB4bWxucz0iaHR0cDovL3d3dy53My5vcmcvMjAwMC9zdmciPjwvc3ZnPg==\" class=\"lazyload\" data-load-mode=\"1\"><\/iframe><\/p>\n","protected":false},"excerpt":{"rendered":"A continuaci\u00f3n podr\u00e1 encontrar una recopilaci\u00f3n de las actividades, eventos, cursos y fiestas que tienen lugar en Tuixent , alrededores y en la comarca del Alt Urgell. De esta manera podr\u00e1 disfrutar m\u00e1s a\u00fan de su visita a Tuixent , y en especial a Cal Gabriel . === A continuaci\u00f3n se muestra una recopilaci\u00f3n de [&hellip;]","protected":false},"author":1,"featured_media":0,"parent":6539,"menu_order":1,"comment_status":"closed","ping_status":"open","template":"","meta":{"inline_featured_image":false,"_joinchat":[],"footnotes":""},"class_list":["post-6548","page","type-page","status-publish","hentry"],"aioseo_notices":[],"_links":{"self":[{"href":"https:\/\/calgabriel.es\/es\/wp-json\/wp\/v2\/pages\/6548","targetHints":{"allow":["GET"]}}],"collection":[{"href":"https:\/\/calgabriel.es\/es\/wp-json\/wp\/v2\/pages"}],"about":[{"href":"https:\/\/calgabriel.es\/es\/wp-json\/wp\/v2\/types\/page"}],"author":[{"embeddable":true,"href":"https:\/\/calgabriel.es\/es\/wp-json\/wp\/v2\/users\/1"}],"replies":[{"embeddable":true,"href":"https:\/\/calgabriel.es\/es\/wp-json\/wp\/v2\/comments?post=6548"}],"version-history":[{"count":0,"href":"https:\/\/calgabriel.es\/es\/wp-json\/wp\/v2\/pages\/6548\/revisions"}],"up":[{"embeddable":true,"href":"https:\/\/calgabriel.es\/es\/wp-json\/wp\/v2\/pages\/6539"}],"wp:attachment":[{"href":"https:\/\/calgabriel.es\/es\/wp-json\/wp\/v2\/media?parent=6548"}],"curies":[{"name":"wp","href":"https:\/\/api.w.org\/{rel}","templated":true}]}}