{"id":6544,"date":"2014-01-21T20:47:32","date_gmt":"2014-01-21T20:47:32","guid":{"rendered":"https:\/\/calgabriel.es\/entorno\/esqui\/"},"modified":"2026-04-07T18:35:03","modified_gmt":"2026-04-07T18:35:03","slug":"esqui","status":"publish","type":"page","link":"https:\/\/calgabriel.es\/es\/entorno\/esqui\/","title":{"rendered":"Disfruta de la nieve"},"content":{"rendered":"\n<div class=\"wp-block-getwid-section alignfull alignfull has-inner-blocks-gap-small getwid-section-content-custom-width\"><div class=\"wp-block-getwid-section__wrapper getwid-padding-left-medium getwid-padding-right-medium getwid-align-items-flex-start\"><div class=\"wp-block-getwid-section__inner-wrapper\" style=\"max-width:1140px\"><div class=\"wp-block-getwid-section__background-holder\"><div class=\"wp-block-getwid-section__background\"><\/div><div class=\"wp-block-getwid-section__foreground\"><\/div><\/div><div class=\"wp-block-getwid-section__content\"><div class=\"wp-block-getwid-section__inner-content\">\n<div class=\"wp-block-getwid-section alignfull alignfull\"><div class=\"wp-block-getwid-section__wrapper getwid-padding-left-medium getwid-padding-right-medium getwid-align-items-flex-start\"><div class=\"wp-block-getwid-section__inner-wrapper\"><div class=\"wp-block-getwid-section__background-holder\"><div class=\"wp-block-getwid-section__background\"><\/div><div class=\"wp-block-getwid-section__foreground\"><\/div><\/div><div class=\"wp-block-getwid-section__content\"><div class=\"wp-block-getwid-section__inner-content\">\n<p class=\"has-text-align-center\">El esqu\u00ed se encuentra en Tuixent !! A pocos kil\u00f3metros de Cal Gabriel puedes disfrutar de la nieve gracias a las pistas de esqu\u00ed que se encuentran a nuestro alrededor. Practica el esqu\u00ed n\u00f3rdico, el alpino, de monta\u00f1a, raquetas, trineos, y pasear con perros de trineo. En invierno, \u00a1la monta\u00f1a es diversi\u00f3n!<\/p>\n\n\n\n<div class=\"wp-block-getwid-advanced-spacer\" style=\"height:40px\" aria-hidden=\"true\"><\/div>\n\n\n\n<div class=\"wp-block-columns has-3-columns is-layout-flex wp-container-core-columns-is-layout-9d6595d7 wp-block-columns-is-layout-flex\">\n<div class=\"wp-block-column is-layout-flow wp-block-column-is-layout-flow\">\n<div class=\"wp-block-getwid-banner has-animation-style1 has-vertical-alignment-bottom alignwide\"><a href=\"#tuixent\" class=\"wp-block-getwid-banner__link\"><div class=\"wp-block-getwid-banner__wrapper\"><img fetchpriority=\"high\" decoding=\"async\" width=\"300\" height=\"300\" src=\"http:\/\/calgabriel.es\/wp-content\/uploads\/2020\/04\/Logo_TLV-1-300x300.png\" alt=\"\" class=\"wp-block-getwid-banner__image wp-block-getwid-banner__source wp-image-1353\" srcset=\"https:\/\/calgabriel.es\/wp-content\/uploads\/2020\/04\/Logo_TLV-1-300x300.png 300w, https:\/\/calgabriel.es\/wp-content\/uploads\/2020\/04\/Logo_TLV-1-100x100.png 100w, https:\/\/calgabriel.es\/wp-content\/uploads\/2020\/04\/Logo_TLV-1-150x150.png 150w, https:\/\/calgabriel.es\/wp-content\/uploads\/2020\/04\/Logo_TLV-1.png 400w\" sizes=\"(max-width: 300px) 100vw, 300px\" \/><div class=\"wp-block-getwid-banner__caption\"><div class=\"wp-block-getwid-banner__caption-wrapper\"><span class=\"wp-block-getwid-banner__title\">Tuixent La Vansa<\/span><p class=\"wp-block-getwid-banner__text\">Esqu\u00ed n\u00f3rdico<br>Raquetas<br>Trineos<br><\/p><\/div><\/div><\/div><\/a><\/div>\n\n\n\n<p><\/p>\n<\/div>\n\n\n\n<div class=\"wp-block-column is-layout-flow wp-block-column-is-layout-flow\">\n<div class=\"wp-block-getwid-banner has-animation-style1 has-foreground-20 has-vertical-alignment-bottom\"><a href=\"#portdelcomte\" class=\"wp-block-getwid-banner__link\"><div class=\"wp-block-getwid-banner__wrapper\"><img decoding=\"async\" width=\"210\" height=\"79\" data-src=\"http:\/\/calgabriel.es\/wp-content\/uploads\/2020\/04\/logo-portdelcomte-blanc.png\" alt=\"\" class=\"wp-block-getwid-banner__image wp-block-getwid-banner__source wp-image-1363 lazyload\" src=\"data:image\/svg+xml;base64,PHN2ZyB3aWR0aD0iMSIgaGVpZ2h0PSIxIiB4bWxucz0iaHR0cDovL3d3dy53My5vcmcvMjAwMC9zdmciPjwvc3ZnPg==\" style=\"--smush-placeholder-width: 210px; --smush-placeholder-aspect-ratio: 210\/79;\"><div class=\"wp-block-getwid-banner__caption\"><div class=\"wp-block-getwid-banner__caption-wrapper\"><span class=\"wp-block-getwid-banner__title\">Port del comte<\/span><p class=\"wp-block-getwid-banner__text\">Esqu\u00ed alpino<br>Raquetas<br>Zona infantil<br>Parque de aventura<\/p><\/div><\/div><\/div><\/a><\/div>\n<\/div>\n\n\n\n<div class=\"wp-block-column is-layout-flow wp-block-column-is-layout-flow\">\n<div class=\"wp-block-getwid-banner has-animation-style1 has-vertical-alignment-bottom\"><a href=\"#caudellops\" class=\"wp-block-getwid-banner__link\"><div class=\"wp-block-getwid-banner__wrapper\"><img decoding=\"async\" width=\"322\" height=\"215\" data-src=\"http:\/\/calgabriel.es\/wp-content\/uploads\/2020\/04\/CDL2.png\" alt=\"\" class=\"wp-block-getwid-banner__image wp-block-getwid-banner__source wp-image-1382 lazyload\" src=\"data:image\/svg+xml;base64,PHN2ZyB3aWR0aD0iMSIgaGVpZ2h0PSIxIiB4bWxucz0iaHR0cDovL3d3dy53My5vcmcvMjAwMC9zdmciPjwvc3ZnPg==\" style=\"--smush-placeholder-width: 322px; --smush-placeholder-aspect-ratio: 322\/215;\"><div class=\"wp-block-getwid-banner__caption\"><div class=\"wp-block-getwid-banner__caption-wrapper\"><span class=\"wp-block-getwid-banner__title\">Cau de llops<\/span><p class=\"wp-block-getwid-banner__text\">Perros de trineo<br>Rutas todo el a\u00f1o<br>Formaci\u00f3n<\/p><\/div><\/div><\/div><\/a><\/div>\n<\/div>\n<\/div>\n\n\n\n<p>*No olvides leer nuestras recomendaciones de seguridad para disfrutar tu estancia en la nieve! <\/p>\n\n\n\n<a name=\"tuixent\"><\/a>\n\n\n\n<div class=\"wp-block-getwid-advanced-spacer getwid-hide-tablet getwid-hide-mobile\" style=\"height:50px\" aria-hidden=\"true\"><\/div>\n<\/div><\/div><\/div><\/div><\/div>\n\n\n\n<div class=\"wp-block-columns has-2-columns is-layout-flex wp-container-core-columns-is-layout-9d6595d7 wp-block-columns-is-layout-flex\">\n<div class=\"wp-block-column is-layout-flow wp-block-column-is-layout-flow\">\n<div class=\"wp-block-getwid-advanced-heading has-custom-font-size\" style=\"font-size:16px;margin-bottom:0px;margin-top:0px\"><h3 class=\"wp-block-getwid-advanced-heading__content\"><mark style=\"background-color:rgba(0, 0, 0, 0)\" class=\"has-inline-color has-grey-color\">Esqu\u00ed n\u00f3rdico y raquetas<\/mark><\/h3><\/div>\n\n\n\n<div class=\"wp-block-getwid-advanced-heading\" style=\"margin-bottom:30px;margin-top:10px\"><h2 class=\"wp-block-getwid-advanced-heading__content\">Tuixent &#8211; La Vansa<\/h2><\/div>\n\n\n\n<p>Disfruta de la nieve con las instalaciones m\u00e1s cercanas a Cal Gabriel .<\/p>\n\n\n\n<ul class=\"wp-block-list\">\n<li>30 km pistas de esqu\u00ed: 6 itinerarios<\/li>\n\n\n\n<li>7 itinerarios de raquetas<\/li>\n\n\n\n<li>Zona trineos<\/li>\n\n\n\n<li>Escuela de esqu\u00ed<\/li>\n\n\n\n<li>Alquiler de material<\/li>\n\n\n\n<li>Compra de forfait y seguro<\/li>\n\n\n\n<li>Bar<\/li>\n\n\n\n<li><a href=\"https:\/\/www.google.com\/maps\/d\/u\/0\/viewer?mid=1XFuLrO3fPlfq1l0mzw_FYX0P0Nw&amp;ll=42.20505868981256%2C1.5255329999999745&amp;z=14\" target=\"_blank\" rel=\"noreferrer noopener ugc\">Mapa de las pistas<\/a><\/li>\n\n\n\n<li>Estado: <strong>100% ABIERTA<\/strong> (20\/01\/2026).<\/li>\n<\/ul>\n\n\n\n<div class=\"wp-block-button\"><a class=\"wp-block-button__link has-text-color has-background wp-element-button\" href=\"https:\/\/www.tuixent-lavansa.com\" style=\"color:#ffffff;background-color:#000000\" target=\"_blank\" rel=\"noreferrer noopener\">VISITAR WEB<\/a><\/div>\n<\/div>\n\n\n\n<div class=\"wp-block-column is-layout-flow wp-block-column-is-layout-flow\">\n<div class=\"wp-block-getwid-images-stack\"><div class=\"wp-block-getwid-images-stack__wrapper\"><div class=\"wp-block-getwid-images-stack__chunk\"><div class=\"wp-block-getwid-images-stack__media-wrapper\"><div class=\"wp-block-getwid-images-stack__media-inner-wrapper\"><img decoding=\"async\" width=\"400\" height=\"398\" class=\"wp-block-getwid-images-stack__media wp-image-1353 lazyload\" data-src=\"http:\/\/calgabriel.es\/wp-content\/uploads\/2020\/04\/Logo_TLV-1.png\" data-id=\"1353\" data-link=\"http:\/\/calgabriel.es\/entorno\/esqui\/logo_tlv-2\/\" data-srcset=\"https:\/\/calgabriel.es\/wp-content\/uploads\/2020\/04\/Logo_TLV-1.png 400w, https:\/\/calgabriel.es\/wp-content\/uploads\/2020\/04\/Logo_TLV-1-300x300.png 300w, https:\/\/calgabriel.es\/wp-content\/uploads\/2020\/04\/Logo_TLV-1-100x100.png 100w, https:\/\/calgabriel.es\/wp-content\/uploads\/2020\/04\/Logo_TLV-1-150x150.png 150w\" data-sizes=\"(max-width: 400px) 100vw, 400px\" src=\"data:image\/svg+xml;base64,PHN2ZyB3aWR0aD0iMSIgaGVpZ2h0PSIxIiB4bWxucz0iaHR0cDovL3d3dy53My5vcmcvMjAwMC9zdmciPjwvc3ZnPg==\" style=\"--smush-placeholder-width: 400px; --smush-placeholder-aspect-ratio: 400\/398;\" \/><\/div><\/div><div class=\"wp-block-getwid-images-stack__media-wrapper\"><div class=\"wp-block-getwid-images-stack__media-inner-wrapper\"><img decoding=\"async\" width=\"504\" height=\"357\" class=\"wp-block-getwid-images-stack__media wp-image-1354 lazyload\" data-src=\"http:\/\/calgabriel.es\/wp-content\/uploads\/2020\/04\/TLV-1.png\" data-id=\"1354\" data-link=\"http:\/\/calgabriel.es\/entorno\/esqui\/tlv-2\/\" src=\"data:image\/svg+xml;base64,PHN2ZyB3aWR0aD0iMSIgaGVpZ2h0PSIxIiB4bWxucz0iaHR0cDovL3d3dy53My5vcmcvMjAwMC9zdmciPjwvc3ZnPg==\" style=\"--smush-placeholder-width: 504px; --smush-placeholder-aspect-ratio: 504\/357;\"><\/div><\/div><div class=\"wp-block-getwid-images-stack__media-wrapper\"><div class=\"wp-block-getwid-images-stack__media-inner-wrapper\"><img decoding=\"async\" width=\"715\" height=\"499\" class=\"wp-block-getwid-images-stack__media wp-image-1355 lazyload\" data-src=\"http:\/\/calgabriel.es\/wp-content\/uploads\/2020\/04\/TLV2-1.png\" data-id=\"1355\" data-link=\"http:\/\/calgabriel.es\/entorno\/esqui\/tlv2-2\/\" data-srcset=\"https:\/\/calgabriel.es\/wp-content\/uploads\/2020\/04\/TLV2-1.png 715w, https:\/\/calgabriel.es\/wp-content\/uploads\/2020\/04\/TLV2-1-600x419.png 600w, https:\/\/calgabriel.es\/wp-content\/uploads\/2020\/04\/TLV2-1-300x209.png 300w\" data-sizes=\"(max-width: 715px) 100vw, 715px\" src=\"data:image\/svg+xml;base64,PHN2ZyB3aWR0aD0iMSIgaGVpZ2h0PSIxIiB4bWxucz0iaHR0cDovL3d3dy53My5vcmcvMjAwMC9zdmciPjwvc3ZnPg==\" style=\"--smush-placeholder-width: 715px; --smush-placeholder-aspect-ratio: 715\/499;\" \/><\/div><\/div><\/div><\/div><\/div>\n\n\n\n<p><\/p>\n<\/div>\n<\/div>\n\n\n\n<div class=\"wp-block-getwid-advanced-spacer\" style=\"height:53px\" aria-hidden=\"true\"><\/div>\n\n\n\n<hr class=\"wp-block-separator has-text-color has-css-opacity has-background is-style-wide\" style=\"background-color:#498628;color:#498628\"\/>\n\n\n\n<div class=\"wp-block-getwid-advanced-spacer\" style=\"height:50px\" aria-hidden=\"true\"><\/div>\n\n\n\n<a name=\"portdelcomte\"><\/a>\n\n\n\n<div class=\"wp-block-columns has-2-columns is-layout-flex wp-container-core-columns-is-layout-9d6595d7 wp-block-columns-is-layout-flex\">\n<div class=\"wp-block-column is-layout-flow wp-block-column-is-layout-flow\">\n<div class=\"wp-block-getwid-advanced-heading has-custom-font-size\" style=\"font-size:16px;margin-bottom:0px;margin-top:0px\"><h3 class=\"wp-block-getwid-advanced-heading__content\"><mark style=\"background-color:rgba(0, 0, 0, 0)\" class=\"has-inline-color has-grey-color\">Esqu\u00ed alpino y raquetas<\/mark><\/h3><\/div>\n\n\n\n<div class=\"wp-block-getwid-advanced-heading\" style=\"margin-bottom:30px;margin-top:10px\"><h2 class=\"wp-block-getwid-advanced-heading__content\">Port del comte<\/h2><\/div>\n\n\n\n<p>\u00a1Ponte los esqu\u00eds alpinos y a disfrutar!<\/p>\n\n\n\n<ul class=\"wp-block-list\">\n<li>37 pistas de esqu\u00ed: 50 kms esquiables, 17 remontes<\/li>\n\n\n\n<li>5 itinerarios de raquetas<\/li>\n\n\n\n<li>Zona juegos: tubbies, trineos y snake gliss<\/li>\n\n\n\n<li>Escuela de esqu\u00ed<\/li>\n\n\n\n<li>Alquiler de material<\/li>\n\n\n\n<li>Compra de forfait y seguro<\/li>\n\n\n\n<li>Bar, restaurante y tiendas de esqu\u00ed<\/li>\n\n\n\n<li>Estado: <strong>CERRADA<\/strong> (7\/4\/2026).<\/li>\n<\/ul>\n\n\n\n<div class=\"wp-block-button\"><a class=\"wp-block-button__link has-text-color has-background wp-element-button\" href=\"https:\/\/www.portdelcomte.net\" style=\"color:#ffffff;background-color:#000000\" target=\"_blank\" rel=\"noreferrer noopener\">VISITAR WEB<\/a><\/div>\n<\/div>\n\n\n\n<div class=\"wp-block-column is-layout-flow wp-block-column-is-layout-flow\">\n<div class=\"wp-block-getwid-images-stack\"><div class=\"wp-block-getwid-images-stack__wrapper\"><div class=\"wp-block-getwid-images-stack__chunk\"><div class=\"wp-block-getwid-images-stack__media-wrapper\"><div class=\"wp-block-getwid-images-stack__media-inner-wrapper\"><img decoding=\"async\" width=\"210\" height=\"79\" class=\"wp-block-getwid-images-stack__media wp-image-1363 lazyload\" data-src=\"http:\/\/calgabriel.es\/wp-content\/uploads\/2020\/04\/logo-portdelcomte-blanc.png\" alt=\"\" data-id=\"1363\" data-link=\"http:\/\/calgabriel.es\/entorno\/esqui\/logo-portdelcomte-blanc\/\" src=\"data:image\/svg+xml;base64,PHN2ZyB3aWR0aD0iMSIgaGVpZ2h0PSIxIiB4bWxucz0iaHR0cDovL3d3dy53My5vcmcvMjAwMC9zdmciPjwvc3ZnPg==\" style=\"--smush-placeholder-width: 210px; --smush-placeholder-aspect-ratio: 210\/79;\"><\/div><\/div><div class=\"wp-block-getwid-images-stack__media-wrapper\"><div class=\"wp-block-getwid-images-stack__media-inner-wrapper\"><img decoding=\"async\" width=\"445\" height=\"445\" class=\"wp-block-getwid-images-stack__media wp-image-1368 lazyload\" data-src=\"http:\/\/calgabriel.es\/wp-content\/uploads\/2020\/04\/PDC_telecadira-serveis.jpg\" alt=\"\" data-id=\"1368\" data-link=\"http:\/\/calgabriel.es\/entorno\/esqui\/pdc_telecadira-serveis\/\" data-srcset=\"https:\/\/calgabriel.es\/wp-content\/uploads\/2020\/04\/PDC_telecadira-serveis.jpg 445w, https:\/\/calgabriel.es\/wp-content\/uploads\/2020\/04\/PDC_telecadira-serveis-300x300.jpg 300w, https:\/\/calgabriel.es\/wp-content\/uploads\/2020\/04\/PDC_telecadira-serveis-100x100.jpg 100w\" data-sizes=\"(max-width: 445px) 100vw, 445px\" src=\"data:image\/svg+xml;base64,PHN2ZyB3aWR0aD0iMSIgaGVpZ2h0PSIxIiB4bWxucz0iaHR0cDovL3d3dy53My5vcmcvMjAwMC9zdmciPjwvc3ZnPg==\" style=\"--smush-placeholder-width: 445px; --smush-placeholder-aspect-ratio: 445\/445;\" \/><\/div><\/div><div class=\"wp-block-getwid-images-stack__media-wrapper\"><div class=\"wp-block-getwid-images-stack__media-inner-wrapper\"><img decoding=\"async\" width=\"1000\" height=\"667\" class=\"wp-block-getwid-images-stack__media wp-image-1369 lazyload\" data-src=\"http:\/\/calgabriel.es\/wp-content\/uploads\/2020\/04\/PDC_trineus4.jpg\" alt=\"\" data-id=\"1369\" data-link=\"http:\/\/calgabriel.es\/entorno\/esqui\/pdc_trineus4\/\" data-srcset=\"https:\/\/calgabriel.es\/wp-content\/uploads\/2020\/04\/PDC_trineus4.jpg 1000w, https:\/\/calgabriel.es\/wp-content\/uploads\/2020\/04\/PDC_trineus4-600x400.jpg 600w, https:\/\/calgabriel.es\/wp-content\/uploads\/2020\/04\/PDC_trineus4-300x200.jpg 300w, https:\/\/calgabriel.es\/wp-content\/uploads\/2020\/04\/PDC_trineus4-768x512.jpg 768w\" data-sizes=\"(max-width: 1000px) 100vw, 1000px\" src=\"data:image\/svg+xml;base64,PHN2ZyB3aWR0aD0iMSIgaGVpZ2h0PSIxIiB4bWxucz0iaHR0cDovL3d3dy53My5vcmcvMjAwMC9zdmciPjwvc3ZnPg==\" style=\"--smush-placeholder-width: 1000px; --smush-placeholder-aspect-ratio: 1000\/667;\" \/><\/div><\/div><\/div><div class=\"wp-block-getwid-images-stack__chunk\"><div class=\"wp-block-getwid-images-stack__media-wrapper\"><div class=\"wp-block-getwid-images-stack__media-inner-wrapper\"><img decoding=\"async\" width=\"594\" height=\"465\" class=\"wp-block-getwid-images-stack__media wp-image-1370 lazyload\" data-src=\"http:\/\/calgabriel.es\/wp-content\/uploads\/2020\/04\/PDC_tubbies1.jpg\" alt=\"Pixselect\" data-id=\"1370\" data-link=\"http:\/\/calgabriel.es\/entorno\/esqui\/pixselect\/\" src=\"data:image\/svg+xml;base64,PHN2ZyB3aWR0aD0iMSIgaGVpZ2h0PSIxIiB4bWxucz0iaHR0cDovL3d3dy53My5vcmcvMjAwMC9zdmciPjwvc3ZnPg==\" style=\"--smush-placeholder-width: 594px; --smush-placeholder-aspect-ratio: 594\/465;\"><\/div><\/div><\/div><\/div><\/div>\n\n\n\n<p><\/p>\n<\/div>\n<\/div>\n\n\n\n<div class=\"wp-block-getwid-advanced-spacer\" style=\"height:41px\" aria-hidden=\"true\"><\/div>\n\n\n\n<hr class=\"wp-block-separator has-text-color has-css-opacity has-background is-style-wide\" style=\"background-color:#2f6b26;color:#2f6b26\"\/>\n\n\n\n<div style=\"height:31px\" aria-hidden=\"true\" class=\"wp-block-spacer\"><\/div>\n\n\n\n<a name=\"caudellops\"><\/a>\n\n\n\n<div class=\"wp-block-getwid-section alignfull alignfull getwid-section-content-custom-width\"><div class=\"wp-block-getwid-section__wrapper getwid-padding-left-medium getwid-padding-right-medium\"><div class=\"wp-block-getwid-section__inner-wrapper\" style=\"max-width:1140px\"><div class=\"wp-block-getwid-section__background-holder\"><div class=\"wp-block-getwid-section__background\"><\/div><div class=\"wp-block-getwid-section__foreground\"><\/div><\/div><div class=\"wp-block-getwid-section__content\"><div class=\"wp-block-getwid-section__inner-content\">\n<div class=\"wp-block-columns alignwide has-2-columns is-layout-flex wp-container-core-columns-is-layout-9d6595d7 wp-block-columns-is-layout-flex\">\n<div class=\"wp-block-column is-layout-flow wp-block-column-is-layout-flow\">\n<div class=\"wp-block-getwid-advanced-heading has-custom-font-size\" style=\"font-size:16px;margin-bottom:0px;margin-top:0px\"><h3 class=\"wp-block-getwid-advanced-heading__content\"><mark style=\"background-color:rgba(0, 0, 0, 0)\" class=\"has-inline-color has-grey-color\">Perros de trineo<\/mark><\/h3><\/div>\n\n\n\n<div class=\"wp-block-getwid-advanced-heading\" style=\"margin-bottom:30px;margin-top:10px\"><h2 class=\"wp-block-getwid-advanced-heading__content\">Cau de llops<\/h2><\/div>\n\n\n\n<p>En el refugio de Arp, los amigos de Cau de llops nos ofrecen rutas y actividades a realizar con perros de nieve:<\/p>\n\n\n\n<ul class=\"wp-block-list\">\n<li>Ruta trineo de nieve con perros<\/li>\n\n\n\n<li>Rutas con perros todo el a\u00f1o<\/li>\n\n\n\n<li>Talleres de mushing<\/li>\n\n\n\n<li>Formaci\u00f3n<\/li>\n\n\n\n<li>Apadrinamiento de perros<\/li>\n<\/ul>\n\n\n\n<div class=\"wp-block-button\"><a class=\"wp-block-button__link has-text-color has-background wp-element-button\" href=\"http:\/\/caudellops.com\" style=\"color:#ffffff;background-color:#000000\" target=\"_blank\" rel=\"noreferrer noopener\">ViSITAR WEB<\/a><\/div>\n<\/div>\n\n\n\n<div class=\"wp-block-column is-layout-flow wp-block-column-is-layout-flow\">\n<div class=\"wp-block-getwid-images-stack\"><div class=\"wp-block-getwid-images-stack__wrapper\"><div class=\"wp-block-getwid-images-stack__chunk\"><div class=\"wp-block-getwid-images-stack__media-wrapper\"><div class=\"wp-block-getwid-images-stack__media-inner-wrapper\"><img decoding=\"async\" width=\"300\" height=\"152\" class=\"wp-block-getwid-images-stack__media wp-image-1380 lazyload\" data-src=\"http:\/\/calgabriel.es\/wp-content\/uploads\/2020\/04\/CDL_Logotip-2019-300.jpg\" data-id=\"1380\" data-link=\"http:\/\/calgabriel.es\/entorno\/esqui\/cdl_logotip-2019-300\/\" src=\"data:image\/svg+xml;base64,PHN2ZyB3aWR0aD0iMSIgaGVpZ2h0PSIxIiB4bWxucz0iaHR0cDovL3d3dy53My5vcmcvMjAwMC9zdmciPjwvc3ZnPg==\" style=\"--smush-placeholder-width: 300px; --smush-placeholder-aspect-ratio: 300\/152;\"><\/div><\/div><div class=\"wp-block-getwid-images-stack__media-wrapper\"><div class=\"wp-block-getwid-images-stack__media-inner-wrapper\"><img decoding=\"async\" width=\"424\" height=\"309\" class=\"wp-block-getwid-images-stack__media wp-image-1381 lazyload\" data-src=\"http:\/\/calgabriel.es\/wp-content\/uploads\/2020\/04\/CDL1.png\" data-id=\"1381\" data-link=\"http:\/\/calgabriel.es\/entorno\/esqui\/cdl1\/\" data-srcset=\"https:\/\/calgabriel.es\/wp-content\/uploads\/2020\/04\/CDL1.png 424w, https:\/\/calgabriel.es\/wp-content\/uploads\/2020\/04\/CDL1-300x219.png 300w, https:\/\/calgabriel.es\/wp-content\/uploads\/2020\/04\/CDL1-370x270.png 370w\" data-sizes=\"(max-width: 424px) 100vw, 424px\" src=\"data:image\/svg+xml;base64,PHN2ZyB3aWR0aD0iMSIgaGVpZ2h0PSIxIiB4bWxucz0iaHR0cDovL3d3dy53My5vcmcvMjAwMC9zdmciPjwvc3ZnPg==\" style=\"--smush-placeholder-width: 424px; --smush-placeholder-aspect-ratio: 424\/309;\" \/><\/div><\/div><div class=\"wp-block-getwid-images-stack__media-wrapper\"><div class=\"wp-block-getwid-images-stack__media-inner-wrapper\"><img decoding=\"async\" width=\"322\" height=\"215\" class=\"wp-block-getwid-images-stack__media wp-image-1382 lazyload\" data-src=\"http:\/\/calgabriel.es\/wp-content\/uploads\/2020\/04\/CDL2.png\" data-id=\"1382\" data-link=\"http:\/\/calgabriel.es\/entorno\/esqui\/cdl2\/\" src=\"data:image\/svg+xml;base64,PHN2ZyB3aWR0aD0iMSIgaGVpZ2h0PSIxIiB4bWxucz0iaHR0cDovL3d3dy53My5vcmcvMjAwMC9zdmciPjwvc3ZnPg==\" style=\"--smush-placeholder-width: 322px; --smush-placeholder-aspect-ratio: 322\/215;\"><\/div><\/div><\/div><\/div><\/div>\n<\/div>\n<\/div>\n<\/div><\/div><\/div><\/div><\/div>\n<\/div><\/div><\/div><\/div><\/div>\n","protected":false},"excerpt":{"rendered":"","protected":false},"author":1,"featured_media":0,"parent":6539,"menu_order":2,"comment_status":"open","ping_status":"open","template":"","meta":{"inline_featured_image":false,"_joinchat":[],"footnotes":""},"class_list":["post-6544","page","type-page","status-publish","hentry"],"aioseo_notices":[],"_links":{"self":[{"href":"https:\/\/calgabriel.es\/es\/wp-json\/wp\/v2\/pages\/6544","targetHints":{"allow":["GET"]}}],"collection":[{"href":"https:\/\/calgabriel.es\/es\/wp-json\/wp\/v2\/pages"}],"about":[{"href":"https:\/\/calgabriel.es\/es\/wp-json\/wp\/v2\/types\/page"}],"author":[{"embeddable":true,"href":"https:\/\/calgabriel.es\/es\/wp-json\/wp\/v2\/users\/1"}],"replies":[{"embeddable":true,"href":"https:\/\/calgabriel.es\/es\/wp-json\/wp\/v2\/comments?post=6544"}],"version-history":[{"count":20,"href":"https:\/\/calgabriel.es\/es\/wp-json\/wp\/v2\/pages\/6544\/revisions"}],"predecessor-version":[{"id":37606,"href":"https:\/\/calgabriel.es\/es\/wp-json\/wp\/v2\/pages\/6544\/revisions\/37606"}],"up":[{"embeddable":true,"href":"https:\/\/calgabriel.es\/es\/wp-json\/wp\/v2\/pages\/6539"}],"wp:attachment":[{"href":"https:\/\/calgabriel.es\/es\/wp-json\/wp\/v2\/media?parent=6544"}],"curies":[{"name":"wp","href":"https:\/\/api.w.org\/{rel}","templated":true}]}}