{"id":6537,"date":"2019-06-11T10:06:47","date_gmt":"2019-06-11T10:06:47","guid":{"rendered":"https:\/\/calgabriel.es\/search-results\/"},"modified":"2022-11-08T01:15:25","modified_gmt":"2022-11-08T01:15:25","slug":"search-results","status":"publish","type":"page","link":"https:\/\/calgabriel.es\/es\/search-results\/","title":{"rendered":"Elige tu opci\u00f3n"},"content":{"rendered":"\n<p>A continuaci\u00f3n encontrar\u00e1s todas las opciones de habitaci\u00f3n disponibles.<\/p>\n\n<a href=\"#ajuda\">Instrucciones<\/a>\n<div class=\"mphb_sc_search_results-wrapper \"><div class=\"mphb-errors-wrapper\">\n\t<\/div>\n<\/div>\n<a name=\"ajuda\">Instruccion:<\/a>\n\n<p>Una vez escogida el tipo de habitaci\u00f3n, selecciona el n\u00famero de unidades a reservar y pulsa sobre &#8220;Hacer reserva&#8221;, el sistema te dirige a la p\u00e1gina de confirmaci\u00f3n donde deber\u00e1s escoger entre transferencia bancaria o mediante tarjeta bancaria (pasarela segura de pago v\u00eda Caja de Ingenieros).<\/p>\n\n<p>Para hacer reserva de dos tipos de habitaci\u00f3n diferentes, si la opci\u00f3n por defecto no encaja, deber\u00e1 hacer una reserva diferente por tipolog\u00eda de dormitorio. En este caso, en &#8220;notas&#8221; ind\u00edcanoslo para asociarlas, o env\u00edanos un mensaje de <a href=\"https:\/\/wa.me\/+34973370142\">WhatsApp<\/a> .<\/p>\n\n<p>Cualquier duda, estamos a tu disposici\u00f3n por <a href=\"tel:+34973370142\">tel\u00e9fono<\/a> y <a href=\"https:\/\/wa.me\/+34973370142\">WhatsApp<\/a> en el n\u00famero 973370142, y por correo a <a href=\"mailto:info@calgabriel.com\">info@calgabriel.com<\/a><\/p>\n\n<p>\u00a1Gracias por escogernos!<\/p>\n","protected":false},"excerpt":{"rendered":"A continuaci\u00f3n encontrar\u00e1s todas las opciones de habitaci\u00f3n disponibles. Instrucciones Instruccion: Una vez escogida el tipo de habitaci\u00f3n, selecciona el n\u00famero de unidades a reservar y pulsa sobre &#8220;Hacer reserva&#8221;, el sistema te dirige a la p\u00e1gina de confirmaci\u00f3n donde deber\u00e1s escoger entre transferencia bancaria o mediante tarjeta bancaria (pasarela segura de pago v\u00eda Caja [&hellip;]","protected":false},"author":1,"featured_media":0,"parent":0,"menu_order":0,"comment_status":"closed","ping_status":"closed","template":"template-page-with-sidebar.php","meta":{"inline_featured_image":false,"_joinchat":[],"footnotes":""},"class_list":["post-6537","page","type-page","status-publish","hentry"],"aioseo_notices":[],"_links":{"self":[{"href":"https:\/\/calgabriel.es\/es\/wp-json\/wp\/v2\/pages\/6537","targetHints":{"allow":["GET"]}}],"collection":[{"href":"https:\/\/calgabriel.es\/es\/wp-json\/wp\/v2\/pages"}],"about":[{"href":"https:\/\/calgabriel.es\/es\/wp-json\/wp\/v2\/types\/page"}],"author":[{"embeddable":true,"href":"https:\/\/calgabriel.es\/es\/wp-json\/wp\/v2\/users\/1"}],"replies":[{"embeddable":true,"href":"https:\/\/calgabriel.es\/es\/wp-json\/wp\/v2\/comments?post=6537"}],"version-history":[{"count":1,"href":"https:\/\/calgabriel.es\/es\/wp-json\/wp\/v2\/pages\/6537\/revisions"}],"predecessor-version":[{"id":6538,"href":"https:\/\/calgabriel.es\/es\/wp-json\/wp\/v2\/pages\/6537\/revisions\/6538"}],"wp:attachment":[{"href":"https:\/\/calgabriel.es\/es\/wp-json\/wp\/v2\/media?parent=6537"}],"curies":[{"name":"wp","href":"https:\/\/api.w.org\/{rel}","templated":true}]}}