{"id":6535,"date":"2018-06-10T18:45:24","date_gmt":"2018-06-10T18:45:24","guid":{"rendered":"https:\/\/calgabriel.es\/politica-de-privacidad\/"},"modified":"2022-11-12T21:02:20","modified_gmt":"2022-11-12T21:02:20","slug":"politica-de-privacidad","status":"publish","type":"page","link":"https:\/\/calgabriel.es\/es\/politica-de-privacidad\/","title":{"rendered":"Pol\u00edtica de privacidad"},"content":{"rendered":"<h2>Responsable tratamiento de datos personales<\/h2>\n<p>La direcci\u00f3n de nuestra web es: http:\/\/www.calgabriel.es<\/p>\n<p>El propietario de la web es Mario Mata Madrid, ubicado en C\/ Riu de la Mola, 5 &#8211; 25717 Tuixent . Tel\u00e9fono de contacto: 973370142 y correo-e: info@calgabriel.es<\/p>\n<h2>Qu\u00e9 datos personales recogemos y por qu\u00e9 los recogemos<\/h2>\n<h3>Comentarios<\/h3>\n<p>Cuando los visitantes dejan comentarios en la web, recopilamos las datos que se muestran en el formulario de comentarios, as\u00ed como la direcci\u00f3n IP del visitante y la cadena de agentes de usuario del navegador para ayudar a la detecci\u00f3n de spam.<\/p>\n<p>Una cadena an\u00f3nima creada a partir de tu direcci\u00f3n de correo electr\u00f3nico (tambi\u00e9n llamada hash) puede ser proporcionada al servicio de Gravatar para ver si la est\u00e1s usando. La pol\u00edtica de privacidad del servicio Gravatar est\u00e1 disponible aqu\u00ed: https:\/\/automattic.com\/privacy\/. Tras la aprobaci\u00f3n de tu comentario, la imagen de tu perfil es visible para el p\u00fablico en el contexto de su comentario.<\/p>\n<h3>Medios<\/h3>\n<p>Si subes im\u00e1genes a la web deber\u00edas evitar subir im\u00e1genes con datos de ubicaci\u00f3n (GPS EXIF) incluidos. Los visitantes de la web pueden descargar y extraer cualquier fecha de localizaci\u00f3n de las im\u00e1genes de la web.<\/p>\n<h3>Formularios de contacto<\/h3>\n<p>Si nos haces legar un formulario de contacto, las datos ser\u00e1n utilizadas \u00fanicamente con la funci\u00f3n de dar respuesta al mismo. .<\/p>\n<h3>Cookies<\/h3>\n<p>Si dejas un comentario en nuestro sitio puedes elegir guardar tu n\u00famero, direcci\u00f3n de correo electr\u00f3nico y web en cookies. Esto se para tu comodidad, para que no tengas que rellenar tus datos cuando dejes otro comentario. Estas cookies tendr\u00e1n una duraci\u00f3n de un a\u00f1o.<\/p>\n<p>Si tienes un cuenta y te conectas a este sitio, instalaremos una cookie temporal para determinar si tu navegador acepta cookies. Esta cookie no contiene datos personales y se elimina al cerrar el navegador.<\/p>\n<p>Cuando inicias sesi\u00f3n, tambi\u00e9n instalaremos varias cookies para guardar tu informaci\u00f3n de inicio de sesi\u00f3n y tus opciones de visualizaci\u00f3n de pantalla. Las cookies de inicio de sesi\u00f3n durar\u00e1n dos d\u00edas y las cookies de opciones de pantalla durar\u00e1n un a\u00f1o. Si seleccionas &#8220;Recordarme&#8221;, tu inicio de sesi\u00f3n perdurar\u00e1 durante dos semanas. Si sales de tu cuenta, las cookies de inicio de sesi\u00f3n se eliminar\u00e1n.<\/p>\n<p>Si editas o publicas un art\u00edculo se guardar\u00e1 una cookie adicional en tu navegador. Esta cookie no incluye datos personales y simplemente indica el ID del art\u00edculo que acabas de editar. Caduca despu\u00e9s de 1 d\u00eda.<\/p>\n<h3>Contenido incrustado de otros sitios web<\/h3>\n<p>Los art\u00edculos de este sitio pueden incluir contenido incrustado (por ejemplo, v\u00eddeos, im\u00e1genes, art\u00edculos, etc.). El contenido incrustado de otras web se comporta exactamente de la misma forma que si el visitante hubiera visitado la otra web.<\/p>\n<p>Estas web pueden recopilar datos sobre ti, utilizar cookies, incrustar un seguimiento adicional de terceros, y supervisar tu interacci\u00f3n con ese contenido incrustado, incluido el seguimiento de su interacci\u00f3n con el contenido incrustado si tienes un cuenta y est\u00e1s conectado a esa web.<\/p>\n<h3>Reservas a trav\u00e9s de nuestra web<\/h3>\n<p>La informaci\u00f3n facilitada por las personas interesadas, es decir, aquellas que en alg\u00fan momento por cualquier v\u00eda de contacto se han comunicado con nuestro establecimiento, la destinaremos exclusivamente a una finalidad comercial, para enviar informaci\u00f3n relativa a nuestro establecimiento (novedades, actividades, obsequipos o promociones) por correo electr\u00f3nico.<\/p>\n<p>La informaci\u00f3n facilitada por nuestros clientes la destinaremos a las siguientes finalidades:<\/p>\n<ul>\n<li><b>Finalidad contractual.<\/b> Trataremos los<b> <\/b>datos personales de nuestros clientes que sean necesarios para la formalizaci\u00f3n del contrato de prestaci\u00f3n del servicio de alojamiento tur\u00edstico.<\/li>\n<\/ul>\n<ul>\n<li><b> Finalidad legal.<\/b> Sus datos personales tambi\u00e9n son tratados seg\u00fan dispone la normativa sectorial, en especial:<\/li>\n<\/ul>\n<ul>\n<li>la normativa tributar\u00eda<\/li>\n<li>la normativa mercantil<\/li>\n<li>la normativa de seguridad ciudadana (obligaci\u00f3n de registro en establecimientos hoteleros)<\/li>\n<\/ul>\n<ul>\n<li><b>Finalidad comercial.<\/b> Si ha facilitado su consentimiento, le proporcionaremos informaci\u00f3n comercial, propuestas, promociones y otra informaci\u00f3n relativa a nuestro establecimiento. En ning\u00fan momento se ofrecer\u00e1n sus datos a terceras personas ni negocios ajenos a Cal Gabriel y sus marcas comerciales.<\/li>\n<\/ul>\n<h3>Anal\u00edtica<\/h3>\n<h2>Con qui\u00e9n compartimos tus datos<\/h2>\n<p>Tus datos personales no son compartidos con terceras personas ni organizaciones internacionales.<\/p>\n<p>En cumplimiento de la normativa sectorial, existen una serie de datos que deben ser enviados a la Adminitraci\u00f3n P\u00fablica para hacer cumplir las obligaciones que nos marcan.<\/p>\n<h2>Cu\u00e1nto tiempo conservamos tus datos<\/h2>\n<p>Si dejas un comentario, el comentario y sus metadatos se conservan indefinidamente. Esto es para que podamos reconocer y aprobar comentarios sucesivos autom\u00e1ticamente en lugar de mantenerlos en un pegamento de moderaci\u00f3n.<\/p>\n<p>De los usuarios que se registran en nuestra web (si existen), tambi\u00e9n almacenamos la informaci\u00f3n personal que proporcionan en su perfil de usuario. Todos los usuarios pueden ver, editar o eliminar su informaci\u00f3n personal en cualquier momento (excepto que no pueden cambiar su n\u00famero de usuario). Los administradores de la web tambi\u00e9n pueden ver y editar esa informaci\u00f3n.<\/p>\n<p>En lo relativo a las datos con finalidades contractuales y legales (tributario y mercantil), el tiempo de conservaci\u00f3n es de 5 a\u00f1os. Los relativos al cumplimiento de la normativa de seguridad ciudadana son 4 a\u00f1os. Las datos comerciales se mantienen durante 10 a\u00f1os, salvo que nos hayas solicitado su cancelaci\u00f3n con anterioridad.<\/p>\n<h2>Qu\u00e9 derechos tienes sobre tus datos<\/h2>\n<p>Si tienes un cuenta o has dejado comentarios en esta web, puedes solicitar recibir un archivo de exportaci\u00f3n de las datos personales que tenemos sobre ti, incluyendo cualquier dato que nos hayas proporcionado. Tambi\u00e9n puedes solicitar que eliminemos cualquier fecha personal que tengamos sobre ti. Esto no incluye ninguna fecha que estemos obligados a conservar fines administrativos, legales o de seguridad.<\/p>\n<h2>D\u00f3nde ejercer tus derechos<\/h2>\n<p>Para contactar con nosotros puedes hacerlo en info@calgabriel.es o en el tel\u00e9fono 973370142<\/p>\n<h2>Informaci\u00f3n adicional<\/h2>\n<h3>C\u00f3mo protegemos tus datos<\/h3>\n<p>Cal Gabriel no almacena tus datos de contacto, \u00fanicamente los utilizamos para contactar contigo en caso de formularios de contacto, reserva de habitaciones o restaurante, o consultas realizadas. S\u00f3lo se almacenar\u00e1n las datos obligatorios por ley, y ser\u00e1n eliminados una vez la legislaci\u00f3n nos lo permita.<\/p>\n<h3>De qu\u00e9 terceros recibimos datos<\/h3>\n<p>Google Analytics nos proporciona datos gen\u00e9ricos de navegaci\u00f3n para uso estad\u00edstico.<\/p>\n<h3>\u00bfQu\u00e9 tipo de toma de decisiones automatizada y\/o perfilado hacemos con las datos del usuario<\/h3>\n<p>No hay datos de perfil de usuarios.<\/p>\n<h3>Requerimientos regulatorios de revelaci\u00f3n de informaci\u00f3n del sector<\/h3>\n<p>Para aquellos hospedados en nuestro establecimiento, la direcci\u00f3n de polic\u00eda nos obliga a registrar a todas las personas que se encuentran alojadas. Sin este consentimiento expreso no es posible pernoctar en Cal Gabriel .<\/p>\n","protected":false},"excerpt":{"rendered":"Responsable tratamiento de datos personales La direcci\u00f3n de nuestra web es: http:\/\/www.calgabriel.es El propietario de la web es Mario Mata Madrid, ubicado en C\/ Riu de la Mola, 5 &#8211; 25717 Tuixent . Tel\u00e9fono de contacto: 973370142 y correo-e: info@calgabriel.es Qu\u00e9 datos personales recogemos y por qu\u00e9 los recogemos Comentarios Cuando los visitantes dejan comentarios [&hellip;]","protected":false},"author":1,"featured_media":0,"parent":0,"menu_order":0,"comment_status":"closed","ping_status":"closed","template":"","meta":{"inline_featured_image":false,"_joinchat":[],"footnotes":""},"class_list":["post-6535","page","type-page","status-publish","hentry"],"aioseo_notices":[],"_links":{"self":[{"href":"https:\/\/calgabriel.es\/es\/wp-json\/wp\/v2\/pages\/6535","targetHints":{"allow":["GET"]}}],"collection":[{"href":"https:\/\/calgabriel.es\/es\/wp-json\/wp\/v2\/pages"}],"about":[{"href":"https:\/\/calgabriel.es\/es\/wp-json\/wp\/v2\/types\/page"}],"author":[{"embeddable":true,"href":"https:\/\/calgabriel.es\/es\/wp-json\/wp\/v2\/users\/1"}],"replies":[{"embeddable":true,"href":"https:\/\/calgabriel.es\/es\/wp-json\/wp\/v2\/comments?post=6535"}],"version-history":[{"count":1,"href":"https:\/\/calgabriel.es\/es\/wp-json\/wp\/v2\/pages\/6535\/revisions"}],"predecessor-version":[{"id":6609,"href":"https:\/\/calgabriel.es\/es\/wp-json\/wp\/v2\/pages\/6535\/revisions\/6609"}],"wp:attachment":[{"href":"https:\/\/calgabriel.es\/es\/wp-json\/wp\/v2\/media?parent=6535"}],"curies":[{"name":"wp","href":"https:\/\/api.w.org\/{rel}","templated":true}]}}