{"id":6531,"date":"2020-05-26T20:54:23","date_gmt":"2020-05-26T20:54:23","guid":{"rendered":"https:\/\/calgabriel.es\/menu\/"},"modified":"2022-11-16T21:22:32","modified_gmt":"2022-11-16T21:22:32","slug":"menu","status":"publish","type":"page","link":"https:\/\/calgabriel.es\/es\/menu\/","title":{"rendered":"Men\u00fa"},"content":{"rendered":"\n<div class=\"wp-block-getwid-icon-box has-icon-left has-text-center\"><div class=\"wp-block-getwid-icon-box__icon-container is-position-middle\"><div class=\"wp-block-getwid-icon-box__icon-wrapper\"><i class=\"fas fa-search\"><\/i><\/div><\/div><div class=\"wp-block-getwid-icon-box__content\">\n<p class=\"has-text-align-left\">Como medida de seguridad adicional, le facilitamos nuestro men\u00fa en formato digital. Escoge el idioma y ver\u00e1s en tu pantalla todos los platos que tenemos preparados para ti. <\/p>\n<\/div><\/div>\n\n<div class=\"wp-block-getwid-icon-box has-icon-left has-text-center\"><div class=\"wp-block-getwid-icon-box__icon-container is-position-middle\"><div class=\"wp-block-getwid-icon-box__icon-wrapper\"><i class=\"far fa-question-circle\"><\/i><\/div><\/div><div class=\"wp-block-getwid-icon-box__content\">\n<p class=\"has-text-align-left\">Como siempre, si tienes cualquier duda y\/o alergia, \u00a1nos lo puedes pedir y te ayudamos! Buen provecho!!<\/p>\n<\/div><\/div>\n\n<div style=\"height:46px\" aria-hidden=\"true\" class=\"wp-block-spacer\"><\/div>\n\n<div class=\"wp-block-columns is-layout-flex wp-container-core-columns-is-layout-9d6595d7 wp-block-columns-is-layout-flex\">\n<div class=\"wp-block-column is-vertically-aligned-center is-layout-flow wp-block-column-is-layout-flow\">\n<div class=\"wp-block-getwid-advanced-heading is-style-style-1 has-custom-font-size\" style=\"font-size:21px\"><h3 class=\"wp-block-getwid-advanced-heading__content\">Carta (noches)<\/h3><\/div>\n\n\n\n<p><a href=\"https:\/\/drive.google.com\/file\/d\/114uVuNbDwY7C_bYvSeMg70tUMZs_ak_n\/view?usp=sharing\" target=\"_blank\" rel=\"noreferrer noopener nofollow\" title=\"https:\/\/drive.google.com\/file\/d\/15IY_p50vgP1OVVTes0zikKduhFgJVnip\/view?usp=sharing\">Catal\u00e1n<\/a><\/p>\n\n\n\n<p><a href=\"https:\/\/drive.google.com\/file\/d\/113HVOkGBBFCPV1k0jlhvlAIzkliRFY9H\/view?usp=sharing\" target=\"_blank\" rel=\"noreferrer noopener nofollow\" title=\"https:\/\/drive.google.com\/file\/d\/1tpJiA0df-pjShFnAoU2QCEPLcJykq1LI\/view?usp=sharing\">Espa\u00f1ol<\/a><\/p>\n\n\n\n<p><a href=\"https:\/\/drive.google.com\/file\/d\/11TOIkd1q10GfLgVmqoGINZ3jg6rrrDVM\/view?usp=sharing\" target=\"_blank\" rel=\"noreferrer noopener nofollow\">English<\/a><\/p>\n\n\n\n<p><a href=\"https:\/\/drive.google.com\/file\/d\/11GdCqgl87xlpTiW-3ssciNmMMR3CZ9pP\/view?usp=sharing\" target=\"_blank\" rel=\"noreferrer noopener nofollow\">Fran\u00e7ais<\/a><\/p>\n<\/div>\n\n\n\n<div class=\"wp-block-column is-layout-flow wp-block-column-is-layout-flow\" style=\"flex-basis:16%\"><\/div>\n\n\n\n<div class=\"wp-block-column is-layout-flow wp-block-column-is-layout-flow\">\n<div style=\"height:33px\" aria-hidden=\"true\" class=\"wp-block-spacer\"><\/div>\n\n\n\n<div class=\"wp-block-getwid-banner has-animation-style4\"><a href=\"https:\/\/calgabriel.es\/es\/contacta\/\" target=\"_blank\" rel=\"noreferrer noopener\" class=\"wp-block-getwid-banner__link\"><div class=\"wp-block-getwid-banner__wrapper\"><img fetchpriority=\"high\" decoding=\"async\" width=\"1024\" height=\"788\" src=\"http:\/\/calgabriel.es\/wp-content\/uploads\/2020\/05\/Taula-parada_2-1024x788.jpg\" alt=\"\" class=\"wp-block-getwid-banner__image wp-block-getwid-banner__source wp-image-1582\" srcset=\"https:\/\/calgabriel.es\/wp-content\/uploads\/2020\/05\/Taula-parada_2-1024x788.jpg 1024w, https:\/\/calgabriel.es\/wp-content\/uploads\/2020\/05\/Taula-parada_2-scaled-600x462.jpg 600w, https:\/\/calgabriel.es\/wp-content\/uploads\/2020\/05\/Taula-parada_2-300x231.jpg 300w, https:\/\/calgabriel.es\/wp-content\/uploads\/2020\/05\/Taula-parada_2-768x591.jpg 768w, https:\/\/calgabriel.es\/wp-content\/uploads\/2020\/05\/Taula-parada_2-1536x1182.jpg 1536w, https:\/\/calgabriel.es\/wp-content\/uploads\/2020\/05\/Taula-parada_2-2048x1576.jpg 2048w, https:\/\/calgabriel.es\/wp-content\/uploads\/2020\/05\/Taula-parada_2-1170x901.jpg 1170w\" sizes=\"(max-width: 1024px) 100vw, 1024px\" \/><div class=\"wp-block-getwid-banner__caption\" style=\"min-height:80px\"><div class=\"wp-block-getwid-banner__caption-wrapper\"><span class=\"wp-block-getwid-banner__title\">Reserva mesa<\/span><p class=\"wp-block-getwid-banner__text\">No te quedes sin!!!<\/p><\/div><\/div><\/div><\/a><\/div>\n\n\n\n<p><\/p>\n<\/div>\n<\/div>\n\n<div style=\"height:46px\" aria-hidden=\"true\" class=\"wp-block-spacer\"><\/div>\n\n<div class=\"wp-block-columns is-layout-flex wp-container-core-columns-is-layout-9d6595d7 wp-block-columns-is-layout-flex\">\n<div class=\"wp-block-column is-layout-flow wp-block-column-is-layout-flow\">\n<div class=\"wp-block-getwid-advanced-heading is-style-style-1 has-custom-font-size\" style=\"font-size:21px\"><h3 class=\"wp-block-getwid-advanced-heading__content\">Men\u00fa bebidas<\/h3><\/div>\n\n\n\n<p><a href=\"https:\/\/drive.google.com\/file\/d\/10hQwI6oFOciXNDWXMWDHD9ThQiyrWYFN\/view?usp=sharing\" target=\"_blank\" rel=\"noreferrer noopener nofollow\">Catal\u00e1n<\/a><\/p>\n\n\n\n<p><a href=\"https:\/\/drive.google.com\/file\/d\/1qfUKBeXt-irDk1PaXbugYDnlaLt1Hbi7\/view?usp=sharing\" target=\"_blank\" rel=\"noreferrer noopener nofollow\">Espa\u00f1ol<\/a><\/p>\n<\/div>\n\n\n\n<div class=\"wp-block-column is-layout-flow wp-block-column-is-layout-flow\">\n<div class=\"wp-block-getwid-advanced-heading is-style-style-1 has-custom-font-size\" style=\"font-size:21px\"><h3 class=\"wp-block-getwid-advanced-heading__content\">Men\u00fa vinos<\/h3><\/div>\n\n\n\n<p><a href=\"https:\/\/drive.google.com\/file\/d\/1dvJPm9vP6pLb4yWKHgQTMRIht-6wnvK4\/view?usp=sharing\" target=\"_blank\" aria-label=\"  (opens in a new tab)\" rel=\"noreferrer noopener nofollow\" class=\"aioseop-link\">Catal\u00e1n<\/a><\/p>\n\n\n\n<p><a href=\"https:\/\/drive.google.com\/file\/d\/1CUziAn9w3iTXq7ER0zOhzABDnixatuXr\/view?usp=sharing\" target=\"_blank\" aria-label=\"  (opens in a new tab)\" rel=\"noreferrer noopener nofollow\" class=\"aioseop-link\">Espa\u00f1ol<\/a><\/p>\n<\/div>\n<\/div>\n\n<div style=\"height:25px\" aria-hidden=\"true\" class=\"wp-block-spacer\"><\/div>\n\n<div class=\"wp-block-buttons is-horizontal is-content-justification-center is-layout-flex wp-container-core-buttons-is-layout-499968f5 wp-block-buttons-is-layout-flex\"><\/div>\n","protected":false},"excerpt":{"rendered":"Consuta el men\u00fa de Cal Gabriel . Entorno de naturaleza, comida casera de monta\u00f1a y carta de vinos de peque\u00f1os productos.","protected":false},"author":1,"featured_media":0,"parent":0,"menu_order":0,"comment_status":"closed","ping_status":"closed","template":"","meta":{"inline_featured_image":false,"_joinchat":[],"footnotes":""},"class_list":["post-6531","page","type-page","status-publish","hentry"],"aioseo_notices":[],"_links":{"self":[{"href":"https:\/\/calgabriel.es\/es\/wp-json\/wp\/v2\/pages\/6531","targetHints":{"allow":["GET"]}}],"collection":[{"href":"https:\/\/calgabriel.es\/es\/wp-json\/wp\/v2\/pages"}],"about":[{"href":"https:\/\/calgabriel.es\/es\/wp-json\/wp\/v2\/types\/page"}],"author":[{"embeddable":true,"href":"https:\/\/calgabriel.es\/es\/wp-json\/wp\/v2\/users\/1"}],"replies":[{"embeddable":true,"href":"https:\/\/calgabriel.es\/es\/wp-json\/wp\/v2\/comments?post=6531"}],"version-history":[{"count":4,"href":"https:\/\/calgabriel.es\/es\/wp-json\/wp\/v2\/pages\/6531\/revisions"}],"predecessor-version":[{"id":6771,"href":"https:\/\/calgabriel.es\/es\/wp-json\/wp\/v2\/pages\/6531\/revisions\/6771"}],"wp:attachment":[{"href":"https:\/\/calgabriel.es\/es\/wp-json\/wp\/v2\/media?parent=6531"}],"curies":[{"name":"wp","href":"https:\/\/api.w.org\/{rel}","templated":true}]}}