{"id":6513,"date":"2019-06-11T10:06:47","date_gmt":"2019-06-11T10:06:47","guid":{"rendered":"https:\/\/calgabriel.es\/booking-confirmation\/"},"modified":"2023-01-24T23:35:02","modified_gmt":"2023-01-24T23:35:02","slug":"booking-confirmation","status":"publish","type":"page","link":"https:\/\/calgabriel.es\/es\/booking-confirmation\/","title":{"rendered":"Confirmaci\u00f3n de reserva"},"content":{"rendered":"<div class=\"mphb_sc_checkout-wrapper \"><\/div>\n\n\n<p>Muchas gracias por tu reserva en Cal Gabriel y Cal Farragetes . Ya tenemos ganas de tenerte en casa.<\/p>\n\n\n\n<p>Revisa tu correo electr\u00f3nico de confirmaci\u00f3n para verificar que todos los datos son correctos. Si encuentras cualquier error av\u00edsanos lo antes posible para rectificarlo.<\/p>\n\n\n\n<p>\u00a1Hasta pronto!<\/p>\n","protected":false},"excerpt":{"rendered":"Muchas gracias por tu reserva en Cal Gabriel y Cal Farragetes . Ya tenemos ganas de tenerte en casa. Revisa tu correo electr\u00f3nico de confirmaci\u00f3n para verificar que todos los datos son correctos. Si encuentras cualquier error av\u00edsanos lo antes posible para rectificarlo. \u00a1Hasta pronto!","protected":false},"author":1,"featured_media":0,"parent":0,"menu_order":0,"comment_status":"closed","ping_status":"closed","template":"","meta":{"inline_featured_image":false,"_joinchat":[],"footnotes":""},"class_list":["post-6513","page","type-page","status-publish","hentry"],"aioseo_notices":[],"_links":{"self":[{"href":"https:\/\/calgabriel.es\/es\/wp-json\/wp\/v2\/pages\/6513","targetHints":{"allow":["GET"]}}],"collection":[{"href":"https:\/\/calgabriel.es\/es\/wp-json\/wp\/v2\/pages"}],"about":[{"href":"https:\/\/calgabriel.es\/es\/wp-json\/wp\/v2\/types\/page"}],"author":[{"embeddable":true,"href":"https:\/\/calgabriel.es\/es\/wp-json\/wp\/v2\/users\/1"}],"replies":[{"embeddable":true,"href":"https:\/\/calgabriel.es\/es\/wp-json\/wp\/v2\/comments?post=6513"}],"version-history":[{"count":6,"href":"https:\/\/calgabriel.es\/es\/wp-json\/wp\/v2\/pages\/6513\/revisions"}],"predecessor-version":[{"id":7404,"href":"https:\/\/calgabriel.es\/es\/wp-json\/wp\/v2\/pages\/6513\/revisions\/7404"}],"wp:attachment":[{"href":"https:\/\/calgabriel.es\/es\/wp-json\/wp\/v2\/media?parent=6513"}],"curies":[{"name":"wp","href":"https:\/\/api.w.org\/{rel}","templated":true}]}}