{"id":6504,"date":"2019-07-11T13:57:30","date_gmt":"2019-07-11T13:57:30","guid":{"rendered":"https:\/\/calgabriel.es\/contacta\/"},"modified":"2022-11-12T22:06:01","modified_gmt":"2022-11-12T22:06:01","slug":"contacta","status":"publish","type":"page","link":"https:\/\/calgabriel.es\/es\/contacta\/","title":{"rendered":"Contacta"},"content":{"rendered":"\n<div class=\"wp-block-getwid-section alignfull alignfull\"><div class=\"wp-block-getwid-section__wrapper getwid-padding-top-none getwid-padding-bottom-none getwid-padding-left-medium getwid-padding-right-medium getwid-padding-mobile-left-small getwid-padding-mobile-right-small\"><div class=\"wp-block-getwid-section__inner-wrapper\"><div class=\"wp-block-getwid-section__background-holder\"><div class=\"wp-block-getwid-section__background\"><\/div><div class=\"wp-block-getwid-section__foreground\"><\/div><\/div><div class=\"wp-block-getwid-section__content\"><div class=\"wp-block-getwid-section__inner-content\">\n<div class=\"wp-block-group\"><div class=\"wp-block-group__inner-container is-layout-flow wp-block-group-is-layout-flow\">\n<div class=\"wp-block-columns has-4-columns is-layout-flex wp-container-core-columns-is-layout-9d6595d7 wp-block-columns-is-layout-flex\">\n<div class=\"wp-block-column is-layout-flow wp-block-column-is-layout-flow\">\n<div class=\"wp-block-getwid-advanced-heading\" style=\"margin-bottom:20px\"><h5 class=\"wp-block-getwid-advanced-heading__content\">Donde estamos<\/h5><\/div>\n\n\n\n<div class=\"wp-block-getwid-icon-box has-icon-left has-text-left\"><div style=\"margin-top:7px;margin-right:15px\" class=\"wp-block-getwid-icon-box__icon-container is-position-top\"><div class=\"wp-block-getwid-icon-box__icon-wrapper has-text-color has-gold-color\" style=\"font-size:16px;padding:0px\"><i class=\"fas fa-map-marker-alt\"><\/i><\/div><\/div><div class=\"wp-block-getwid-icon-box__content\">\n<p>Riu de Mola, 5<br\/>25717 Tuixent Lleida<br\/><a rel=\"noreferrer noopener\" aria-label=\"view on map (se abre en una nueva pesta&#xF1;a)\" href=\"https:\/\/goo.gl\/maps\/t1tEFPanbk2hwrEt5\" target=\"_blank\">Ver en Google Maps<\/a><\/p>\n<\/div><\/div>\n<\/div>\n\n\n\n<div class=\"wp-block-column is-layout-flow wp-block-column-is-layout-flow\">\n<div class=\"wp-block-getwid-advanced-heading\" style=\"margin-bottom:20px\"><h5 class=\"wp-block-getwid-advanced-heading__content\">Ll\u00e1manos<\/h5><\/div>\n\n\n\n<div class=\"wp-block-getwid-icon-box has-icon-left has-text-left\"><div style=\"margin-top:7px;margin-right:15px\" class=\"wp-block-getwid-icon-box__icon-container is-position-top\"><div class=\"wp-block-getwid-icon-box__icon-wrapper has-text-color has-gold-color\" style=\"font-size:16px;padding:0px\"><i class=\"fas fa-phone\"><\/i><\/div><\/div><div class=\"wp-block-getwid-icon-box__content\">\n<p> <a href=\"tel:973370142\">(34) 973.370.142<\/a><br\/><\/p>\n<\/div><\/div>\n\n\n\n<div class=\"wp-block-getwid-icon-box getwid-animation has-icon-left has-text-left\" data-animation=\"pulse\"><div style=\"margin-top:7px;margin-right:15px\" class=\"wp-block-getwid-icon-box__icon-container is-position-top\"><div class=\"wp-block-getwid-icon-box__icon-wrapper has-text-color has-gold-color\" style=\"font-size:20px;padding:0px\"><i class=\"fab fa-whatsapp\"><\/i><\/div><\/div><div class=\"wp-block-getwid-icon-box__content\">\n<p> <a href=\"https:\/\/api.whatsapp.com\/send?phone=34973370142&amp;text=Hola%21\" target=\"_blank\" rel=\"noreferrer noopener\" aria-label=\"(34) 973.370.142 (se abre en una nueva pesta&#xF1;a)\">(34) 973.370.142<\/a><br\/><\/p>\n\n\n\n<p><\/p>\n<\/div><\/div>\n\n\n\n<div class=\"wp-block-getwid-advanced-heading\" style=\"margin-bottom:20px\"><h5 class=\"wp-block-getwid-advanced-heading__content\">Correo<\/h5><\/div>\n\n\n\n<div class=\"wp-block-getwid-icon-box has-icon-left has-text-left\"><div style=\"margin-top:7px;margin-right:15px\" class=\"wp-block-getwid-icon-box__icon-container is-position-top\"><div class=\"wp-block-getwid-icon-box__icon-wrapper has-text-color has-gold-color\" style=\"font-size:16px;padding:0px\"><i class=\"fas fa-envelope\"><\/i><\/div><\/div><div class=\"wp-block-getwid-icon-box__content\">\n<p><a href=\"mailto:info@calgabriel.com\">info@calgabriel.com<\/a><\/p>\n<\/div><\/div>\n\n\n\n<p><\/p>\n<\/div>\n\n\n\n<div class=\"wp-block-column is-layout-flow wp-block-column-is-layout-flow\">\n<div class=\"wp-block-getwid-advanced-heading\" style=\"margin-bottom:20px\"><h5 class=\"wp-block-getwid-advanced-heading__content\">Horario restaurante<\/h5><\/div>\n\n\n\n<div class=\"wp-block-getwid-icon-box has-icon-left has-text-left\"><div style=\"margin-top:7px;margin-right:15px\" class=\"wp-block-getwid-icon-box__icon-container is-position-top\"><div class=\"wp-block-getwid-icon-box__icon-wrapper has-text-color has-gold-color\" style=\"font-size:16px;padding:0px\"><i class=\"fas fa-clock\"><\/i><\/div><\/div><div class=\"wp-block-getwid-icon-box__content\">\n<p>Atenci\u00f3n telef\u00f3nica de 9 a 22h<\/p>\n\n\n\n<p>Desayunos (alojados): de 9h a 10:30h.<\/p>\n\n\n\n<p>Comidas: Cerrado, salvo peticiones especiales.<\/p>\n\n\n\n<p>Cenas (con reserva): de 20:30h a 23 h.<\/p>\n\n\n\n<p>Abierto de lunes a domingo, con reserva previa. <\/p>\n\n\n\n<p><\/p>\n<\/div><\/div>\n<\/div>\n\n\n\n<div class=\"wp-block-column is-layout-flow wp-block-column-is-layout-flow\" style=\"flex-basis:0%\"><\/div>\n<\/div>\n<\/div><\/div>\n<\/div><\/div><\/div><\/div><\/div>\n\n<a name=\"formulari\"><\/a>\n\n<div class=\"wp-block-getwid-section alignfull getwid-section-content-full-width\" style=\"margin-top:90px\"><div class=\"wp-block-getwid-section__wrapper getwid-padding-top-none getwid-padding-bottom-none getwid-padding-left-none getwid-padding-right-none\"><div class=\"wp-block-getwid-section__inner-wrapper\"><div class=\"wp-block-getwid-section__background-holder\"><div class=\"wp-block-getwid-section__background lazyload\" style=\"background-image:inherit;background-size:contain\" data-bg-image=\"url(&#039;http:\/\/calgabriel.es\/wp-content\/uploads\/2019\/07\/image_placeholder-copy-5.png&#039;)\"><div class=\"wp-block-getwid-section__background-image-wrapper\"><img decoding=\"async\" class=\"wp-block-getwid-section__background-image lazyload\" data-src=\"http:\/\/calgabriel.es\/wp-content\/uploads\/2019\/07\/image_placeholder-copy-5.png\" alt=\"\" src=\"data:image\/svg+xml;base64,PHN2ZyB3aWR0aD0iMSIgaGVpZ2h0PSIxIiB4bWxucz0iaHR0cDovL3d3dy53My5vcmcvMjAwMC9zdmciPjwvc3ZnPg==\" \/><\/div><\/div><div class=\"wp-block-getwid-section__foreground\"><\/div><\/div><div class=\"wp-block-getwid-section__content\"><div class=\"wp-block-getwid-section__inner-content\">\n<div class=\"wp-block-columns has-2-columns is-layout-flex wp-container-core-columns-is-layout-9d6595d7 wp-block-columns-is-layout-flex\">\n<div class=\"wp-block-column is-layout-flow wp-block-column-is-layout-flow\">\n<div class=\"wp-block-getwid-section bring-to-top getwid-section-content-custom-width\" style=\"margin-top:90px;margin-bottom:90px\"><div class=\"wp-block-getwid-section__wrapper getwid-padding-top-none getwid-padding-bottom-none getwid-padding-left-none getwid-padding-right-none getwid-justify-content-flex-end getwid-justify-content-tablet-center getwid-reset-min-height-tablet getwid-reset-min-height-mobile\" style=\"min-height:852px\"><div class=\"wp-block-getwid-section__inner-wrapper\" style=\"max-width:500px\"><div class=\"wp-block-getwid-section__background-holder\"><div class=\"wp-block-getwid-section__background\"><\/div><div class=\"wp-block-getwid-section__foreground\"><\/div><\/div><div class=\"wp-block-getwid-section__content\"><div class=\"wp-block-getwid-section__inner-content\">\n<div class=\"wp-block-getwid-section\"><div class=\"wp-block-getwid-section__wrapper\" style=\"padding-top:75px;padding-bottom:75px;padding-left:51px;padding-right:60px\"><div class=\"wp-block-getwid-section__inner-wrapper\"><div class=\"wp-block-getwid-section__background-holder\"><div class=\"wp-block-getwid-section__background has-background has-white-background-color\"><\/div><div class=\"wp-block-getwid-section__foreground\"><\/div><\/div><div class=\"wp-block-getwid-section__content\"><div class=\"wp-block-getwid-section__inner-content\">\n<div class=\"wp-block-getwid-advanced-heading is-style-default\" style=\"margin-bottom:20px\"><h2 class=\"wp-block-getwid-advanced-heading__content\">Env\u00edanos un mensaje<\/h2><\/div>\n\n\n\n<p>A continuaci\u00f3n puedes rellenar el formulario de contacto para enviarnos cualquier consulta o sugerencia. Gracias por adelantado.<\/p>\n\n\n        <div class=\"wp-block-getwid-contact-form\" >\n            <form class='wp-block-getwid-contact-form__form'>\n    \n        <p class='wp-block-getwid-field-name'>\n\t    <label\n        for='name-69d913357411a'\n        class='wp-block-getwid-field-name__label'\n    >Nom<\/label>\n\t    <input id='name-69d913357411a' type='text' name='name'            required=''\n            \/>\n<\/p>\n\n\n        <p class='wp-block-getwid-field-email'>\n\t    <label\n\t\tfor='email-69d91335741d8'\n        class='wp-block-getwid-field-email__label'\n    >Adre\u00e7a de correu electr\u00f2nic<\/label>\n\t    <input id='email-69d91335741d8' type='email' name='email'             required=''    \/>\n<\/p>\n\n\n        <p class='wp-block-getwid-field-textarea'>\n\t    <label\n\t\tfor='Missatge'\n        class='wp-block-getwid-field-textarea__label'\n    >Missatge<\/label>\n\t    <textarea\n\t\tid='Missatge' rows='5' name='message'            placeholder='Escriu aqu\u00ed...'            required=''\n            ><\/textarea>\n<\/p>\n\n\n\n<p><\/p>\n\n            <div class='wp-block-getwid-captcha' data-sitekey='6LcHRe8gAAAAALh0z2BYcNpVCsFoh_5CehFIZ6SA'        data-theme=''>\n<\/div>\n\n    <input name='subject'             value='Contacte'\t\ttype='hidden'\n\t\/>\n\n\t<p class='wp-block-getwid-contact-form__result'><\/p>\n\n\t<div class='wp-block-getwid-contact-form__submit'>\n\t\t<div class='wp-block-button'>\n\t\t\t<button\n\t\t\t\ttype='submit'\n\t\t\t\tclass='wp-block-button__link '\t\t\t\t\tstyle=''\t\t\t>Enviar<\/button>\n\t\t<\/div>\n\n\t<\/div>\n<\/form>\n        <\/div><\/div><\/div><\/div><\/div><\/div>\n<\/div><\/div><\/div><\/div><\/div>\n\n\n\n<div style=\"height:52px\" aria-hidden=\"true\" class=\"wp-block-spacer\"><\/div>\n\n\n\n<div id=\"reservarestaurant\" class=\"wp-block-group\"><div class=\"wp-block-group__inner-container is-layout-flow wp-block-group-is-layout-flow\"><\/div><\/div>\n\n\n\n<p><\/p>\n<\/div>\n\n\n\n<div class=\"wp-block-column is-layout-flow wp-block-column-is-layout-flow\">\n<div class=\"wp-block-getwid-section getwid-section-content-full-width\" style=\"margin-top:45px;margin-bottom:45px\"><div class=\"wp-block-getwid-section__wrapper getwid-padding-top-none getwid-padding-bottom-none getwid-padding-left-none getwid-padding-right-none\" style=\"margin-left:-90px\"><div class=\"wp-block-getwid-section__inner-wrapper\"><div class=\"wp-block-getwid-section__background-holder\"><div class=\"wp-block-getwid-section__background\"><\/div><div class=\"wp-block-getwid-section__foreground\"><\/div><\/div><div class=\"wp-block-getwid-section__content\"><div class=\"wp-block-getwid-section__inner-content\">\n<div data-map-zoom=\"17\" data-interaction=\"cooperative\" data-map-style=\"retro\" data-map-center=\"{\"lat\":42.230738,\"lng\":1.567264}\" data-zoom-control=\"true\" data-type-control=\"false\" data-street-view-control=\"false\" data-full-screen-control=\"true\" data-map-markers=\"[{\"name\":\"Leof. Nearchou, Iraklio 712 02\",\"description\":\"Leof. Nearchou, Iraklio 712 02\",\"popUpOpen\":false,\"popUpMaxWidth\":250,\"bounce\":false,\"coords\":{\"lat\":35.34218217026727,\"lng\":25.138617085351825}},{\"name\":\"Cal Gabriel\",\"description\":\"Carrer del Riu de la Mola, 5, 25717 Tuixent, Lleida, Espa\u00f1a\",\"popUpOpen\":true,\"popUpMaxWidth\":250,\"bounce\":false,\"coords\":{\"lat\":42.23054314139523,\"lng\":1.567246913909912}}]\" class=\"wp-block-getwid-map\"><div style=\"height:940px\" class=\"wp-block-getwid-map__container\"><\/div><ul class=\"wp-block-getwid-map__points\"><li><a href=\"https:\/\/maps.google.com\/?q=35.34218217026727,25.138617085351825&amp;ll=35.34218217026727,25.138617085351825&amp;z=17\">Leof. Nearchou, Iraklio 712 02<\/a><\/li><li><a href=\"https:\/\/maps.google.com\/?q=42.23054314139523,1.567246913909912&amp;ll=42.23054314139523,1.567246913909912&amp;z=17\">Cal Gabriel<\/a><\/li><\/ul><\/div>\n<\/div><\/div><\/div><\/div><\/div>\n<\/div>\n<\/div>\n\n\n\n<div class=\"wp-block-group\"><div class=\"wp-block-group__inner-container is-layout-flow wp-block-group-is-layout-flow\">\n<div class=\"wp-block-group alignwide\"><div class=\"wp-block-group__inner-container is-layout-flow wp-block-group-is-layout-flow\">\n<div class=\"wp-block-group alignwide\"><div class=\"wp-block-group__inner-container is-layout-flow wp-block-group-is-layout-flow\"><\/div><\/div>\n<\/div><\/div>\n<\/div><\/div>\n\n\n\n<div class=\"wp-block-getwid-section\"><div class=\"wp-block-getwid-section__wrapper\" style=\"margin-left:66px;margin-right:58px\"><div class=\"wp-block-getwid-section__inner-wrapper\"><div class=\"wp-block-getwid-section__background-holder\"><div class=\"wp-block-getwid-section__background\"><\/div><div class=\"wp-block-getwid-section__foreground\"><\/div><\/div><div class=\"wp-block-getwid-section__content\"><div class=\"wp-block-getwid-section__inner-content\">\n<div class=\"wp-block-group\"><div class=\"wp-block-group__inner-container is-layout-flow wp-block-group-is-layout-flow\">\n<h2 class=\"wp-block-heading\" id=\"reservarestaurant\">Formulario reserva restaurante<\/h2>\n\n\n\n<div style=\"height:39px\" aria-hidden=\"true\" class=\"wp-block-spacer\"><\/div>\n\n\n\n<div class=\"wp-block-columns is-layout-flex wp-container-core-columns-is-layout-9d6595d7 wp-block-columns-is-layout-flex\">\n<div class=\"wp-block-column is-layout-flow wp-block-column-is-layout-flow\">\n\n<div class=\"wpcf7 no-js\" id=\"wpcf7-f6641-o1\" lang=\"es-ES\" dir=\"ltr\" data-wpcf7-id=\"6641\">\n<div class=\"screen-reader-response\"><p role=\"status\" aria-live=\"polite\" aria-atomic=\"true\"><\/p> <ul><\/ul><\/div>\n<form action=\"\/es\/wp-json\/wp\/v2\/pages\/6504#wpcf7-f6641-o1\" method=\"post\" class=\"wpcf7-form init\" aria-label=\"Formulario de contacto\" novalidate=\"novalidate\" data-status=\"init\">\n<fieldset class=\"hidden-fields-container\"><input type=\"hidden\" name=\"_wpcf7\" value=\"6641\" \/><input type=\"hidden\" name=\"_wpcf7_version\" value=\"6.1.5\" \/><input type=\"hidden\" name=\"_wpcf7_locale\" value=\"es_ES\" \/><input type=\"hidden\" name=\"_wpcf7_unit_tag\" value=\"wpcf7-f6641-o1\" \/><input type=\"hidden\" name=\"_wpcf7_container_post\" value=\"0\" \/><input type=\"hidden\" name=\"_wpcf7_posted_data_hash\" value=\"\" \/>\n<\/fieldset>\n<p><label> Nombre y apellidos (obligatorio)<br \/>\n<span class=\"wpcf7-form-control-wrap\" data-name=\"your-name\"><input size=\"40\" maxlength=\"400\" class=\"wpcf7-form-control wpcf7-text wpcf7-validates-as-required\" aria-required=\"true\" aria-invalid=\"false\" value=\"\" type=\"text\" name=\"your-name\" \/><\/span> <\/label>\n<\/p>\n<p><label> Correo electr\u00f3nico (obligatorio)<br \/>\n<span class=\"wpcf7-form-control-wrap\" data-name=\"email-628\"><input size=\"40\" maxlength=\"400\" class=\"wpcf7-form-control wpcf7-email wpcf7-validates-as-required wpcf7-text wpcf7-validates-as-email\" aria-required=\"true\" aria-invalid=\"false\" value=\"\" type=\"email\" name=\"email-628\" \/><\/span><\/label>\n<\/p>\n<p><label> Tel\u00e9fono (se confirmar\u00e1 reserva por esta v\u00eda)<br \/>\n<span class=\"wpcf7-form-control-wrap\" data-name=\"Telefon\"><input size=\"40\" maxlength=\"400\" class=\"wpcf7-form-control wpcf7-tel wpcf7-validates-as-required wpcf7-text wpcf7-validates-as-tel\" aria-required=\"true\" aria-invalid=\"false\" placeholder=\"666666666\" value=\"\" type=\"tel\" name=\"Telefon\" \/><\/span> <\/label>\n<\/p>\n<p><label> Fecha de la reserva (obligatorio)<br \/>\n<span class=\"wpcf7-form-control-wrap\" data-name=\"date-382\"><input class=\"wpcf7-form-control wpcf7-date wpcf7-validates-as-required wpcf7-validates-as-date\" aria-required=\"true\" aria-invalid=\"false\" value=\"AAAA-MM-DD\" type=\"date\" name=\"date-382\" \/><\/span><\/label>\n<\/p>\n<p>Elige hora (la reserva se mantiene durante 5 minutos):<br \/>\n<span class=\"wpcf7-form-control-wrap\" data-name=\"hora\"><span class=\"wpcf7-form-control wpcf7-radio\"><span class=\"wpcf7-list-item first\"><input type=\"radio\" name=\"hora\" value=\"20:15h\" \/><span class=\"wpcf7-list-item-label\">20:15h<\/span><\/span><span class=\"wpcf7-list-item\"><input type=\"radio\" name=\"hora\" value=\"20:30h\" \/><span class=\"wpcf7-list-item-label\">20:30h<\/span><\/span><span class=\"wpcf7-list-item\"><input type=\"radio\" name=\"hora\" value=\"20:45h\" \/><span class=\"wpcf7-list-item-label\">20:45h<\/span><\/span><span class=\"wpcf7-list-item last\"><input type=\"radio\" name=\"hora\" value=\"21h\" \/><span class=\"wpcf7-list-item-label\">21h<\/span><\/span><\/span><\/span>\n<\/p>\n<p>N\u00famero de adultos:<br \/>\n<span class=\"wpcf7-form-control-wrap\" data-name=\"nombreadults\"><input class=\"wpcf7-form-control wpcf7-number wpcf7-validates-as-required wpcf7-validates-as-number\" min=\"1\" max=\"40\" aria-required=\"true\" aria-invalid=\"false\" value=\"2\" type=\"number\" name=\"nombreadults\" \/><\/span>\n<\/p>\n<p>N\u00famero de ni\u00f1os (hasta 12 a\u00f1os):<br \/>\n<span class=\"wpcf7-form-control-wrap\" data-name=\"nombreinfants\"><input class=\"wpcf7-form-control wpcf7-number wpcf7-validates-as-required wpcf7-validates-as-number\" aria-required=\"true\" aria-invalid=\"false\" value=\"0\" type=\"number\" name=\"nombreinfants\" \/><\/span>\n<\/p>\n<p>\u00bfAlguna petici\u00f3n especial?<br \/>\n<span class=\"wpcf7-form-control-wrap\" data-name=\"peticions\"><span class=\"wpcf7-form-control wpcf7-checkbox wpcf7-validates-as-required\"><span class=\"wpcf7-list-item first\"><input type=\"checkbox\" name=\"peticions[]\" value=\"No\" \/><span class=\"wpcf7-list-item-label\">No<\/span><\/span><span class=\"wpcf7-list-item\"><input type=\"checkbox\" name=\"peticions[]\" value=\"Vegetarians\" \/><span class=\"wpcf7-list-item-label\">Vegetarians<\/span><\/span><span class=\"wpcf7-list-item\"><input type=\"checkbox\" name=\"peticions[]\" value=\"Vegans\" \/><span class=\"wpcf7-list-item-label\">Vegans<\/span><\/span><span class=\"wpcf7-list-item\"><input type=\"checkbox\" name=\"peticions[]\" value=\"Cel\u00edacs\" \/><span class=\"wpcf7-list-item-label\">Cel\u00edacs<\/span><\/span><span class=\"wpcf7-list-item\"><input type=\"checkbox\" name=\"peticions[]\" value=\"Intolerants lactosa\" \/><span class=\"wpcf7-list-item-label\">Intolerants lactosa<\/span><\/span><span class=\"wpcf7-list-item last\"><input type=\"checkbox\" name=\"peticions[]\" value=\"Altres (especificiar a comentaris)\" \/><span class=\"wpcf7-list-item-label\">Altres (especificiar a comentaris)<\/span><\/span><\/span><\/span>\n<\/p>\n<p>\u00bfNos quieres hacer alg\u00fan comentario?<br \/>\n<span class=\"wpcf7-form-control-wrap\" data-name=\"textarea\"><textarea cols=\"40\" rows=\"10\" maxlength=\"2000\" class=\"wpcf7-form-control wpcf7-textarea\" aria-invalid=\"false\" name=\"textarea\"><\/textarea><\/span>\n<\/p>\n<p><span class=\"wpcf7-form-control-wrap\" data-name=\"acceptacio\"><span class=\"wpcf7-form-control wpcf7-acceptance\"><span class=\"wpcf7-list-item\"><label><input type=\"checkbox\" name=\"acceptacio\" value=\"1\" aria-invalid=\"false\" \/><span class=\"wpcf7-list-item-label\">Necesitamos tu consentimiento para tramitar tu petici\u00f3n de reserva<\/span><\/label><\/span><\/span><\/span>\n<\/p>\n<p><input class=\"wpcf7-form-control wpcf7-submit has-spinner\" type=\"submit\" value=\"Enviar\" \/>\n<\/p><div class=\"wpcf7-response-output\" aria-hidden=\"true\"><\/div>\n<\/form>\n<\/div>\n\n<\/div>\n\n\n\n<div class=\"wp-block-column is-layout-flow wp-block-column-is-layout-flow\">\n<h5 class=\"wp-block-heading\">Ll\u00e1manos<\/h5>\n\n\n\n<div class=\"wp-block-getwid-icon-box has-icon-left has-text-left\"><div style=\"margin-top:7px;margin-right:15px\" class=\"wp-block-getwid-icon-box__icon-container is-position-top\"><div class=\"wp-block-getwid-icon-box__icon-wrapper has-text-color has-gold-color\" style=\"font-size:16px;padding:0px\"><i class=\"fas fa-phone\"><\/i><\/div><\/div><div class=\"wp-block-getwid-icon-box__content\">\n<p> <a href=\"tel:973370142\">(34) 973.370.142<\/a><br\/><\/p>\n<\/div><\/div>\n\n\n\n<div class=\"wp-block-getwid-icon-box getwid-animation has-icon-left has-text-left\" data-animation=\"pulse\"><div style=\"margin-top:7px;margin-right:15px\" class=\"wp-block-getwid-icon-box__icon-container is-position-top\"><div class=\"wp-block-getwid-icon-box__icon-wrapper has-text-color has-gold-color\" style=\"font-size:20px;padding:0px\"><i class=\"fab fa-whatsapp\"><\/i><\/div><\/div><div class=\"wp-block-getwid-icon-box__content\">\n<p> <a href=\"https:\/\/api.whatsapp.com\/send?phone=34973370142&amp;text=Hola%21\" target=\"_blank\" rel=\"noreferrer noopener\" aria-label=\"(34) 973.370.142 (se abre en una nueva pesta&#xF1;a)\">(34) 973.370.142<\/a><br\/><\/p>\n\n\n\n<p><\/p>\n<\/div><\/div>\n<\/div>\n<\/div>\n<\/div><\/div>\n<\/div><\/div><\/div><\/div><\/div>\n<\/div><\/div><\/div><\/div><\/div>\n","protected":false},"excerpt":{"rendered":"Estamos encantados de atender tus consultas. Aqu\u00ed encuentras todas las v\u00edas de comunicaci\u00f3n con nosotros. \u00a1Hablamos! ","protected":false},"author":1,"featured_media":0,"parent":0,"menu_order":0,"comment_status":"closed","ping_status":"closed","template":"template-front-page.php","meta":{"inline_featured_image":false,"_joinchat":[],"footnotes":""},"class_list":["post-6504","page","type-page","status-publish","hentry"],"aioseo_notices":[],"_links":{"self":[{"href":"https:\/\/calgabriel.es\/es\/wp-json\/wp\/v2\/pages\/6504","targetHints":{"allow":["GET"]}}],"collection":[{"href":"https:\/\/calgabriel.es\/es\/wp-json\/wp\/v2\/pages"}],"about":[{"href":"https:\/\/calgabriel.es\/es\/wp-json\/wp\/v2\/types\/page"}],"author":[{"embeddable":true,"href":"https:\/\/calgabriel.es\/es\/wp-json\/wp\/v2\/users\/1"}],"replies":[{"embeddable":true,"href":"https:\/\/calgabriel.es\/es\/wp-json\/wp\/v2\/comments?post=6504"}],"version-history":[{"count":5,"href":"https:\/\/calgabriel.es\/es\/wp-json\/wp\/v2\/pages\/6504\/revisions"}],"predecessor-version":[{"id":6645,"href":"https:\/\/calgabriel.es\/es\/wp-json\/wp\/v2\/pages\/6504\/revisions\/6645"}],"wp:attachment":[{"href":"https:\/\/calgabriel.es\/es\/wp-json\/wp\/v2\/media?parent=6504"}],"curies":[{"name":"wp","href":"https:\/\/api.w.org\/{rel}","templated":true}]}}