{"id":6502,"date":"2015-03-16T15:20:15","date_gmt":"2015-03-16T15:20:15","guid":{"rendered":"https:\/\/calgabriel.es\/mapa\/"},"modified":"2022-11-12T18:25:52","modified_gmt":"2022-11-12T18:25:52","slug":"mapa","status":"publish","type":"page","link":"https:\/\/calgabriel.es\/es\/mapa\/","title":{"rendered":"C\u00f3mo llegar"},"content":{"rendered":"\n<p>Encuentra la mejor manera para llegar a Cal Gabriel . Puedes venir en coche particular o utilizando el <a href=\"#public\" class=\"aioseop-link\">transporte p\u00fablico<\/a> .<\/p>\n\n<div class=\"wp-block-group\"><div class=\"wp-block-group__inner-container is-layout-flow wp-block-group-is-layout-flow\">\n<div class=\"wp-block-columns is-layout-flex wp-container-core-columns-is-layout-9d6595d7 wp-block-columns-is-layout-flex\">\n<div class=\"wp-block-column is-layout-flow wp-block-column-is-layout-flow\">\n<iframe data-src=\"https:\/\/www.google.com\/maps\/embed?pb=!1m23!1m12!1m3!1d761421.4974673338!2d1.224893835623706!3d41.80023864204338!2m3!1f0!2f0!3f0!3m2!1i1024!2i768!4f13.1!4m8!3e6!4m0!4m5!1s0x12a59585d5f261ed%3A0x1a8185bf7d504b64!2sCal%20Gabriel%2C%20Carrer%20Riu%20De%20Mola%2C%20Tuixent!3m2!1d42.2305396!2d1.5672533!5e0!3m2!1ses!2ses!4v1588622293405!5m2!1ses!2ses\" width=\"600\" height=\"450\" frameborder=\"0\" style=\"border:0;\" allowfullscreen=\"\" aria-hidden=\"false\" tabindex=\"0\" src=\"data:image\/svg+xml;base64,PHN2ZyB3aWR0aD0iMSIgaGVpZ2h0PSIxIiB4bWxucz0iaHR0cDovL3d3dy53My5vcmcvMjAwMC9zdmciPjwvc3ZnPg==\" class=\"lazyload\" data-load-mode=\"1\"><\/iframe>\n<\/div>\n\n\n\n<div class=\"wp-block-column is-vertically-aligned-top is-layout-flow wp-block-column-is-layout-flow\">\n<div class=\"wp-block-group\"><div class=\"wp-block-group__inner-container is-layout-flow wp-block-group-is-layout-flow\">\n<div class=\"wp-block-getwid-advanced-heading is-style-style-1\"><span class=\"wp-block-getwid-advanced-heading__content\"><strong>En coche<\/strong><\/span><\/div>\n<\/div><\/div>\n\n\n\n<div class=\"wp-block-group\"><div class=\"wp-block-group__inner-container is-layout-flow wp-block-group-is-layout-flow\">\n<p>C\/ Riu de mola, 5 &#8211; 25717 Tuixent .<\/p>\n<\/div><\/div>\n\n\n\n<p>Coordenadas GPS: <a aria-label=\"42&#xB0;13'50.5\" n=\"\" in=\"\" a=\"\" new=\"\" tab=\"\" href=\"https:\/\/goo.gl\/maps\/R7xyr3nofpashrSi8\" target=\"_blank\" rel=\"noreferrer noopener\" class=\"aioseop-link\">42\u00b013&#8217;50.5&#8243;N 1\u00b034&#8217;02.0&#8243;E<\/a><\/p>\n\n\n\n<div class=\"wp-block-buttons is-layout-flex wp-block-buttons-is-layout-flex\">\n<div class=\"wp-block-button\"><a class=\"wp-block-button__link\" href=\"https:\/\/goo.gl\/maps\/nSzf3ipF3yk1u8SAA\" target=\"_blank\" rel=\"noreferrer noopener\">cacula la ruta<\/a><\/div>\n<\/div>\n\n\n\n<p><\/p>\n<\/div>\n<\/div>\n<\/div><\/div>\n\n<a name=\"public\"><\/a>\n\n<div class=\"wp-block-getwid-advanced-heading is-style-style-1\"><span class=\"wp-block-getwid-advanced-heading__content\"><strong><span class=\"has-inline-color has-black-color\">Con transporte p\u00fablico<\/span><\/strong><\/span><\/div>\n\n<div class=\"wp-block-getwid-toggle has-icon-left\">\n<div class=\"wp-block-getwid-toggle__row\"><div class=\"wp-block-getwid-toggle__header-wrapper\"><span class=\"wp-block-getwid-toggle__header\"><a href=\"#\"><span class=\"wp-block-getwid-toggle__header-title\">Via Seu d&#8217;Urgell<\/span><span class=\"wp-block-getwid-toggle__icon is-active\"><i class=\"fas fa-plus\"><\/i><\/span><span class=\"wp-block-getwid-toggle__icon is-passive\"><i class=\"fas fa-minus\"><\/i><\/span><\/a><\/span><\/div><div class=\"wp-block-getwid-toggle__content-wrapper\"><div class=\"wp-block-getwid-toggle__content\">\n<p>Tuixent est\u00e1 conectado con la Seu d&#8217;Urgell a trav\u00e9s del servicio denominado &#8220;la lechera&#8221;.<br\/>Para subir a Tuixent necesitas llegar a la Seu d&#8217;Urgell en bus. Consulta <a aria-label=\"rutes aqu&#xED; (opens in a new tab)\" class=\"aioseop-link\" href=\"http:\/\/omio.sjv.io\/dMJbW\" target=\"_blank\" rel=\"noreferrer noopener sponsored\">rutas aqu\u00ed<\/a> . <br\/><strong>D\u00edas<\/strong> : de lunes a s\u00e1bado (excepto festivos). Domingos y festivos v\u00eda Guardiola.<br\/><strong>Horarios:<\/strong> <br\/>De Tuixent a la Seu. Salida de Tuixent a las 8h, llegada a la Seu 9:15h aproximadamente. <br\/>De La Seu d&#8217;Urgell a Tuixent . Salida a las 14h, llegada a Tuixent a las 15:15 aprox.<br\/><strong>Precio<\/strong> por trayecto: 1,20 \u20ac<br\/>Es necesaria reserva previa en el tel\u00e9fono: <a href=\"tel:+34669927795\">669927795<\/a><\/p>\n<\/div><\/div><\/div>\n\n\n\n<div class=\"wp-block-getwid-toggle__row\"><div class=\"wp-block-getwid-toggle__header-wrapper\"><span class=\"wp-block-getwid-toggle__header\"><a href=\"#\"><span class=\"wp-block-getwid-toggle__header-title\">Via Guardiola<\/span><span class=\"wp-block-getwid-toggle__icon is-active\"><i class=\"fas fa-plus\"><\/i><\/span><span class=\"wp-block-getwid-toggle__icon is-passive\"><i class=\"fas fa-minus\"><\/i><\/span><\/a><\/span><\/div><div class=\"wp-block-getwid-toggle__content-wrapper\"><div class=\"wp-block-getwid-toggle__content\">\n<p>Los fines de semana y festivos Tuixent est\u00e1 comunicado con los pueblos de alrededor, llegando hasta Guardiola de Bergued\u00e0 para poder tomar la ruta de autob\u00fas hasta Barcelona y\/o Manresa.<br\/>Para llegar a Tuixent necesitas un bus hasta Guardiola de Bergued\u00e0. Consulta <a aria-label=\"rutes aqu&#xED;. (opens in a new tab)\" class=\"aioseop-link\" href=\"http:\/\/omio.sjv.io\/krGg0\" target=\"_blank\" rel=\"noreferrer noopener sponsored\">rutas aqu\u00ed.<\/a><br\/><strong>D\u00edas<\/strong> : s\u00e1bados, domingos y festivos. Resto de d\u00edas v\u00eda La Seu d&#8217;Urgell.<br\/><strong>Horarios:<\/strong><br\/>2 horarios que var\u00edan los s\u00e1bados y domingos (y festivos). <a aria-label=\"Consulta aqu&#xED; l'horari (opens in a new tab)\" class=\"aioseop-link\" href=\"https:\/\/www.bergueda.cat\/wp-content\/uploads\/2019\/07\/Transport-a-demanda_vallpedraforca_fontsllobregat.pdf\" target=\"_blank\" rel=\"noreferrer noopener\">Consulta aqu\u00ed el horario<\/a> (confirmar el horario con atenci\u00f3n al cliente).<br\/><strong>Precio<\/strong> por trayecto: 5,50 \u20ac<br\/>Es necesaria reserva previa en el tel\u00e9fono: <a href=\"tel:900696566\">900696566<\/a> o con la aplicaci\u00f3n m\u00f3vil TADCAT<\/p>\n<\/div><\/div><\/div>\n<\/div>\n","protected":false},"excerpt":{"rendered":"C\u00f3mo llegar a Cal Gabriel : en coche o en transporte p\u00fablico.","protected":false},"author":1,"featured_media":0,"parent":0,"menu_order":1,"comment_status":"closed","ping_status":"open","template":"template-front-page.php","meta":{"inline_featured_image":false,"_joinchat":[],"footnotes":""},"class_list":["post-6502","page","type-page","status-publish","hentry"],"aioseo_notices":[],"_links":{"self":[{"href":"https:\/\/calgabriel.es\/es\/wp-json\/wp\/v2\/pages\/6502","targetHints":{"allow":["GET"]}}],"collection":[{"href":"https:\/\/calgabriel.es\/es\/wp-json\/wp\/v2\/pages"}],"about":[{"href":"https:\/\/calgabriel.es\/es\/wp-json\/wp\/v2\/types\/page"}],"author":[{"embeddable":true,"href":"https:\/\/calgabriel.es\/es\/wp-json\/wp\/v2\/users\/1"}],"replies":[{"embeddable":true,"href":"https:\/\/calgabriel.es\/es\/wp-json\/wp\/v2\/comments?post=6502"}],"version-history":[{"count":3,"href":"https:\/\/calgabriel.es\/es\/wp-json\/wp\/v2\/pages\/6502\/revisions"}],"predecessor-version":[{"id":6595,"href":"https:\/\/calgabriel.es\/es\/wp-json\/wp\/v2\/pages\/6502\/revisions\/6595"}],"wp:attachment":[{"href":"https:\/\/calgabriel.es\/es\/wp-json\/wp\/v2\/media?parent=6502"}],"curies":[{"name":"wp","href":"https:\/\/api.w.org\/{rel}","templated":true}]}}