{"id":6496,"date":"2020-03-22T21:30:02","date_gmt":"2020-03-22T21:30:02","guid":{"rendered":"https:\/\/calgabriel.es\/valores\/"},"modified":"2022-11-12T21:17:25","modified_gmt":"2022-11-12T21:17:25","slug":"valores","status":"publish","type":"page","link":"https:\/\/calgabriel.es\/es\/valores\/","title":{"rendered":"Valores"},"content":{"rendered":"\n<div class=\"wp-block-getwid-section alignfull alignfull getwid-section-content-custom-width\"><div class=\"wp-block-getwid-section__wrapper getwid-padding-left-medium getwid-padding-right-medium\"><div class=\"wp-block-getwid-section__inner-wrapper\" style=\"max-width:740px\"><div class=\"wp-block-getwid-section__background-holder\"><div class=\"wp-block-getwid-section__background\"><\/div><div class=\"wp-block-getwid-section__foreground\"><\/div><\/div><div class=\"wp-block-getwid-section__content\"><div class=\"wp-block-getwid-section__inner-content\">\n<div class=\"wp-block-getwid-accordion\" data-active-element=\"0\">\n<div class=\"wp-block-getwid-accordion__header-wrapper\"><span class=\"wp-block-getwid-accordion__header\"><a href=\"#\"><span class=\"wp-block-getwid-accordion__header-title\"><strong>Respecte pel medi ambient<\/strong><\/span><span class=\"wp-block-getwid-accordion__icon is-active\"><i class=\"fas fa-plus\"><\/i><\/span><span class=\"wp-block-getwid-accordion__icon is-passive\"><i class=\"fas fa-minus\"><\/i><\/span><\/a><\/span><\/div><div class=\"wp-block-getwid-accordion__content-wrapper\"><div class=\"wp-block-getwid-accordion__content\">\n<p>Vivimos en un entorno natural que es necesario respetar y proteger, por eso hemos tomado medidas para reducir nuestro impacto ambiental:<br\/><br\/><img decoding=\"async\" width=\"20\" height=\"16\" class=\"wp-image-830 lazyload\" style=\"--smush-placeholder-width: 20px; --smush-placeholder-aspect-ratio: 20\/16;width: 20px;\" data-src=\"http:\/\/calgabriel.es\/wp-content\/uploads\/2020\/03\/LOGO_NUEVO-signatura.jpeg\" alt=\"\" src=\"data:image\/svg+xml;base64,PHN2ZyB3aWR0aD0iMSIgaGVpZ2h0PSIxIiB4bWxucz0iaHR0cDovL3d3dy53My5vcmcvMjAwMC9zdmciPjwvc3ZnPg==\" \/> Hemos eliminado los utensilios desechables, y sustituidos por otros biodegradables.<br\/><img decoding=\"async\" width=\"20\" height=\"16\" class=\"wp-image-830 lazyload\" style=\"--smush-placeholder-width: 20px; --smush-placeholder-aspect-ratio: 20\/16;width: 20px;\" data-src=\"http:\/\/calgabriel.es\/wp-content\/uploads\/2020\/03\/LOGO_NUEVO-signatura.jpeg\" alt=\"\" src=\"data:image\/svg+xml;base64,PHN2ZyB3aWR0aD0iMSIgaGVpZ2h0PSIxIiB4bWxucz0iaHR0cDovL3d3dy53My5vcmcvMjAwMC9zdmciPjwvc3ZnPg==\" \/> Hacemos uso de biomasa para calentar el restaurante.<br\/><img decoding=\"async\" width=\"20\" height=\"16\" class=\"wp-image-830 lazyload\" style=\"--smush-placeholder-width: 20px; --smush-placeholder-aspect-ratio: 20\/16;width: 20px;\" data-src=\"http:\/\/calgabriel.es\/wp-content\/uploads\/2020\/03\/LOGO_NUEVO-signatura.jpeg\" alt=\"\" src=\"data:image\/svg+xml;base64,PHN2ZyB3aWR0aD0iMSIgaGVpZ2h0PSIxIiB4bWxucz0iaHR0cDovL3d3dy53My5vcmcvMjAwMC9zdmciPjwvc3ZnPg==\" \/> Utilizamos s\u00f3lo energ\u00eda verde procedente de fuentes renovables (SomEnergia).<br\/><img decoding=\"async\" width=\"20\" height=\"16\" class=\"wp-image-830 lazyload\" style=\"--smush-placeholder-width: 20px; --smush-placeholder-aspect-ratio: 20\/16;width: 20px;\" data-src=\"http:\/\/calgabriel.es\/wp-content\/uploads\/2020\/03\/LOGO_NUEVO-signatura.jpeg\" alt=\"\" src=\"data:image\/svg+xml;base64,PHN2ZyB3aWR0aD0iMSIgaGVpZ2h0PSIxIiB4bWxucz0iaHR0cDovL3d3dy53My5vcmcvMjAwMC9zdmciPjwvc3ZnPg==\" \/> Usamos el transporte colectivo del pueblo para reducir los desplazamientos de proveedores.<br\/><img decoding=\"async\" width=\"20\" height=\"16\" class=\"wp-image-830 lazyload\" style=\"--smush-placeholder-width: 20px; --smush-placeholder-aspect-ratio: 20\/16;width: 20px;\" data-src=\"http:\/\/calgabriel.es\/wp-content\/uploads\/2020\/03\/LOGO_NUEVO-signatura.jpeg\" alt=\"\" src=\"data:image\/svg+xml;base64,PHN2ZyB3aWR0aD0iMSIgaGVpZ2h0PSIxIiB4bWxucz0iaHR0cDovL3d3dy53My5vcmcvMjAwMC9zdmciPjwvc3ZnPg==\" \/> Termostatos inteligentes para maximizar el rendimiento calor\u00edfico.<br\/><img decoding=\"async\" width=\"20\" height=\"16\" class=\"wp-image-830 lazyload\" style=\"--smush-placeholder-width: 20px; --smush-placeholder-aspect-ratio: 20\/16;width: 20px;\" data-src=\"http:\/\/calgabriel.es\/wp-content\/uploads\/2020\/03\/LOGO_NUEVO-signatura.jpeg\" alt=\"\" src=\"data:image\/svg+xml;base64,PHN2ZyB3aWR0aD0iMSIgaGVpZ2h0PSIxIiB4bWxucz0iaHR0cDovL3d3dy53My5vcmcvMjAwMC9zdmciPjwvc3ZnPg==\" \/> Compensemos nuestras <a rel=\"noreferrer noopener\" aria-label=\"emissions de CO2 (se abre en una nueva pesta&#xF1;a)\" href=\"http:\/\/calgabriel.es\/emsiones-de-carbono\/\" target=\"_blank\">emisiones de CO2<\/a> , para conseguir ser neutras en emisiones.<br\/><img decoding=\"async\" width=\"20\" height=\"16\" class=\"wp-image-830 lazyload\" style=\"--smush-placeholder-width: 20px; --smush-placeholder-aspect-ratio: 20\/16;width: 20px;\" data-src=\"http:\/\/calgabriel.es\/wp-content\/uploads\/2020\/03\/LOGO_NUEVO-signatura.jpeg\" alt=\"\" src=\"data:image\/svg+xml;base64,PHN2ZyB3aWR0aD0iMSIgaGVpZ2h0PSIxIiB4bWxucz0iaHR0cDovL3d3dy53My5vcmcvMjAwMC9zdmciPjwvc3ZnPg==\" \/> Reducci\u00f3n consumo el\u00e9ctrico: iluminaci\u00f3n con bombillas de tecnolog\u00eda LED, maquinaria A++<br\/><img decoding=\"async\" width=\"20\" height=\"16\" class=\"wp-image-830 lazyload\" style=\"--smush-placeholder-width: 20px; --smush-placeholder-aspect-ratio: 20\/16;width: 20px;\" data-src=\"http:\/\/calgabriel.es\/wp-content\/uploads\/2020\/03\/LOGO_NUEVO-signatura.jpeg\" alt=\"\" src=\"data:image\/svg+xml;base64,PHN2ZyB3aWR0aD0iMSIgaGVpZ2h0PSIxIiB4bWxucz0iaHR0cDovL3d3dy53My5vcmcvMjAwMC9zdmciPjwvc3ZnPg==\" \/> Veh\u00edculo h\u00edbrido.<br\/><br\/><br\/><br\/><\/p>\n<\/div><\/div>\n\n\n\n<div class=\"wp-block-getwid-accordion__header-wrapper\"><span class=\"wp-block-getwid-accordion__header\"><a href=\"#\"><span class=\"wp-block-getwid-accordion__header-title\"><strong> Respecte per les persones<\/strong><\/span><span class=\"wp-block-getwid-accordion__icon is-active\"><i class=\"fas fa-plus\"><\/i><\/span><span class=\"wp-block-getwid-accordion__icon is-passive\"><i class=\"fas fa-minus\"><\/i><\/span><\/a><\/span><\/div><div class=\"wp-block-getwid-accordion__content-wrapper\"><div class=\"wp-block-getwid-accordion__content\">\n<p>Nos encanta el concepto &#8220;friendly&#8221; (amigable), y nos consideramos &#8220;all-friendly&#8221;. <br\/>En nuestro alojamiento todos sois bienvenidos, sin distinci\u00f3n de raza, religi\u00f3n, orientaci\u00f3n sexual, e incluso pol\u00edtica \ud83d\ude09 Respetamos tus creencias, tus opiniones y tus opciones, por eso haremos lo posible para hacerte sentir bien y respetado. Esperamos lo mismo de vosotros hacia nuestro equipo y el resto de clientes.<br\/>Si no comes carne, productos l\u00e1cteos, cerdo, tienes alguna intolerancia&#8230; s\u00f3lo tienes que indicarlo para estar preparados a tu llegada.<br\/>Cuidamos de las personas que nos viene a visitar, y de todo el equipo que forma parte de Cal Gabriel , sin los cuales no ser\u00eda posible ofrecerle el servicio en las condiciones actuales.<br\/><\/p>\n<\/div><\/div>\n\n\n\n<div class=\"wp-block-getwid-accordion__header-wrapper\"><span class=\"wp-block-getwid-accordion__header\"><a href=\"#\"><span class=\"wp-block-getwid-accordion__header-title\"><strong> Respecte pels aliments<\/strong><\/span><span class=\"wp-block-getwid-accordion__icon is-active\"><i class=\"fas fa-plus\"><\/i><\/span><span class=\"wp-block-getwid-accordion__icon is-passive\"><i class=\"fas fa-minus\"><\/i><\/span><\/a><\/span><\/div><div class=\"wp-block-getwid-accordion__content-wrapper\"><div class=\"wp-block-getwid-accordion__content\">\n<p>Somos del parecer que &#8220;la salud entra por la boca&#8221;, por eso cuidamos mucho todo el proceso de elaboraci\u00f3n de la comida, desde la producci\u00f3n de la materia prima hasta que la servimos en el plato:<br\/>* Seleccionamos productos de proximidad, algunos de producci\u00f3n ecol\u00f3gica.<br\/>* Nos aseguramos que la carne proviene de peque\u00f1os productores que cuidan el bienestar de los animales.<br\/>* Una vez llegan a nuestras instalaciones, elaboramos y conservamos los alimentos aplicando las t\u00e9cnicas que garantizan la m\u00e1xima calidad del producto.<br\/>* Hacemos una cocina casera, tradicional, respetando los tiempos y los ingredientes que utilizamos.<br\/>* No utilizamos cremas de leche ni harinas para respetar al m\u00e1ximo el gusto original del producto, y hacerlo apto para todas las personas.<br\/>* Nuestro personal de sala est\u00e1 formado para orientar al consumidor en caso de dudas e intolerancias.<\/p>\n<\/div><\/div>\n\n\n\n<div class=\"wp-block-getwid-accordion__header-wrapper\"><span class=\"wp-block-getwid-accordion__header\"><a href=\"#\"><span class=\"wp-block-getwid-accordion__header-title\"><strong>Respecte per l&#8217;economia local<\/strong><\/span><span class=\"wp-block-getwid-accordion__icon is-active\"><i class=\"fas fa-plus\"><\/i><\/span><span class=\"wp-block-getwid-accordion__icon is-passive\"><i class=\"fas fa-minus\"><\/i><\/span><\/a><\/span><\/div><div class=\"wp-block-getwid-accordion__content-wrapper\"><div class=\"wp-block-getwid-accordion__content\">\n<p>La mayor\u00eda de nuestros proveedores son peque\u00f1os productores locales, ayudando as\u00ed a tejer una econom\u00eda basada en la zona, apoyando estas peque\u00f1as explotaciones que cuidan y miman el producto al por menor.<br\/><br\/>Todos los productos que servimos en los desayunos provienen de peque\u00f1os productores de alrededor de Tuixent . Los quesos de cabra de Ossera, los de vaca de la Seu, el de oveja de Sant Lloren\u00e7; las mermeladas elaboradas con mucho cari\u00f1o en Cal Casal de Ossera, la Tonicilla que elaboramos por vosotros, los embutidos de Organy\u00e0, el pollo del matadero de La Seu, la ternera morena de los Pirineos&#8230; econom\u00eda local para hacer crecer el tejido emprendedor del entorno y consolidando el establecimiento de poblaci\u00f3n en la zona.<br\/><br\/>A los clientes recomendamos y animamos a realizar actividades en el entorno que promuevan la cultura y la econom\u00eda de la zona, dando a conocer nuestro valle, su riqueza y sus costumbres.<br\/><br\/>S\u00f3lo consumiendo local, podremos garantizar la continuidad de la vida rural.<\/p>\n<\/div><\/div>\n<\/div>\n<\/div><\/div><\/div><\/div><\/div>\n\n<div class=\"wp-block-getwid-advanced-heading\"><h1 class=\"wp-block-getwid-advanced-heading__content\" style=\"text-transform:none;line-height:14px;letter-spacing:1px\">Reserva habitaciones<\/h1><\/div>\n\n<div class=\"wp-block-getwid-section alignfull alignfull getwid-anim fadeIn getwid-section-content-custom-width\" data-wow-duration=\"1500ms\" data-wow-delay=\"200ms\"><div class=\"wp-block-getwid-section__wrapper\"><div class=\"wp-block-getwid-section__inner-wrapper\" style=\"max-width:745px\"><div class=\"wp-block-getwid-section__background-holder\"><div class=\"wp-block-getwid-section__background has-background has-black-background-color\" style=\"background-image:linear-gradient(90deg,rgba(103,178,111) 0%,rgba(76,162,205) 100%)\"><\/div><div class=\"wp-block-getwid-section__foreground\" style=\"opacity:0.44\"><\/div><\/div><div class=\"wp-block-getwid-section__content\"><div class=\"wp-block-getwid-section__inner-content\"><div class=\"mphb_sc_search-wrapper \">\n<form method=\"GET\" class=\"mphb_sc_search-form\" action=\"https:\/\/calgabriel.es\/es\/search-results\/\" data-first_available_check_in_date=\"2026-04-30\">\n\n\t<p class = \"mphb-required-fields-tip\">\n\t<small>\n\t\tLos campos obligatorios son seguidos por\t\t<abbr title=\"required\">*<\/abbr>\n\t<\/small>\n<\/p>\n\n\t<p class=\"mphb_sc_search-check-in-date\">\n\t\t<label for=\"mphb_check_in_date-mphb-search-form-69f229f275a59\">\n\t\t\tD\u00eda de llegada\t\t\t<abbr title=\"Formato dd\/mm\/yyyy\">*<\/abbr>\n\t\t<\/label>\n\t\t<br \/>\n\t\t<input\n\t\t\tid=\"mphb_check_in_date-mphb-search-form-69f229f275a59\"\n\t\t\tdata-datepick-group=\"mphb-search-form-69f229f275a59\"\n\t\t\tvalue=\"\"\n\t\t\tplaceholder=\"Fecha de llegada\"\n\t\t\trequired=\"required\"\n\t\t\ttype=\"text\"\n\t\t\tinputmode=\"none\"\n\t\t\tname=\"mphb_check_in_date\"\n\t\t\tclass=\"mphb-datepick\"\n\t\t\tautocomplete=\"off\"\n\t\t\t\/>\n\t<\/p>\n\n\t<p class=\"mphb_sc_search-check-out-date\">\n\t\t<label for=\"mphb_check_out_date-mphb-search-form-69f229f275a59\">\n\t\t\tD\u00eda de salida\t\t\t<abbr title=\"Formato dd\/mm\/yyyy\">*<\/abbr>\n\t\t<\/label>\n\t\t<br \/>\n\t\t<input\n\t\t\tid=\"mphb_check_out_date-mphb-search-form-69f229f275a59\"\n\t\t\tdata-datepick-group=\"mphb-search-form-69f229f275a59\"\n\t\t\tvalue=\"\"\n\t\t\tplaceholder=\"Fecha de salida\"\n\t\t\trequired=\"required\"\n\t\t\ttype=\"text\"\n\t\t\tinputmode=\"none\"\n\t\t\tname=\"mphb_check_out_date\"\n\t\t\tclass=\"mphb-datepick\"\n\t\t\tautocomplete=\"off\"\n\t\t\t\/>\n\t<\/p>\n\n\t\t\t<p class=\"mphb_sc_search-adults\">\n\t\t\t<label for=\"mphb_adults-mphb-search-form-69f229f275a59\">\n\t\t\t\tAdultos\t\t\t<\/label>\n\t\t\t<br \/>\n\t\t\t<select id=\"mphb_adults-mphb-search-form-69f229f275a59\" name=\"mphb_adults\" >\n\t\t\t\t\t\t\t\t\t<option value=\"1\" >1<\/option>\n\t\t\t\t\t\t\t\t\t<option value=\"2\"  selected='selected'>2<\/option>\n\t\t\t\t\t\t\t\t\t<option value=\"3\" >3<\/option>\n\t\t\t\t\t\t\t\t\t<option value=\"4\" >4<\/option>\n\t\t\t\t\t\t\t\t\t<option value=\"5\" >5<\/option>\n\t\t\t\t\t\t\t\t\t<option value=\"6\" >6<\/option>\n\t\t\t\t\t\t\t\t\t<option value=\"7\" >7<\/option>\n\t\t\t\t\t\t\t\t\t<option value=\"8\" >8<\/option>\n\t\t\t\t\t\t\t\t\t<option value=\"9\" >9<\/option>\n\t\t\t\t\t\t\t\t\t<option value=\"10\" >10<\/option>\n\t\t\t\t\t\t\t\t\t<option value=\"11\" >11<\/option>\n\t\t\t\t\t\t\t\t\t<option value=\"12\" >12<\/option>\n\t\t\t\t\t\t\t\t\t<option value=\"13\" >13<\/option>\n\t\t\t\t\t\t\t\t\t<option value=\"14\" >14<\/option>\n\t\t\t\t\t\t\t\t\t<option value=\"15\" >15<\/option>\n\t\t\t\t\t\t\t\t\t<option value=\"16\" >16<\/option>\n\t\t\t\t\t\t\t\t\t<option value=\"17\" >17<\/option>\n\t\t\t\t\t\t\t\t\t<option value=\"18\" >18<\/option>\n\t\t\t\t\t\t\t\t\t<option value=\"19\" >19<\/option>\n\t\t\t\t\t\t\t\t\t<option value=\"20\" >20<\/option>\n\t\t\t\t\t\t\t\t\t<option value=\"21\" >21<\/option>\n\t\t\t\t\t\t\t\t\t<option value=\"22\" >22<\/option>\n\t\t\t\t\t\t\t\t\t<option value=\"23\" >23<\/option>\n\t\t\t\t\t\t\t\t\t<option value=\"24\" >24<\/option>\n\t\t\t\t\t\t\t\t\t<option value=\"25\" >25<\/option>\n\t\t\t\t\t\t\t<\/select>\n\t\t<\/p>\n\t\n\t\t\t<p class=\"mphb_sc_search-children\">\n\t\t\t<label for=\"mphb_children-mphb-search-form-69f229f275a59\">\n\t\t\t\tNi\u00f1os hasta 10 a\u00f1os\t\t\t<\/label>\n\t\t\t<br \/>\n\t\t\t<select id=\"mphb_children-mphb-search-form-69f229f275a59\" name=\"mphb_children\">\n\t\t\t\t\t\t\t\t\t<option value=\"0\"  selected='selected'>0<\/option>\n\t\t\t\t\t\t\t\t\t<option value=\"1\" >1<\/option>\n\t\t\t\t\t\t\t\t\t<option value=\"2\" >2<\/option>\n\t\t\t\t\t\t\t\t\t<option value=\"3\" >3<\/option>\n\t\t\t\t\t\t\t\t\t<option value=\"4\" >4<\/option>\n\t\t\t\t\t\t\t\t\t<option value=\"5\" >5<\/option>\n\t\t\t\t\t\t\t<\/select>\n\t\t<\/p>\n\t\n\t\n\t\n\t<input id=\"mphb_check_in_date-mphb-search-form-69f229f275a59-hidden\" value=\"\" type=\"hidden\" name=\"mphb_check_in_date\" \/><input id=\"mphb_check_out_date-mphb-search-form-69f229f275a59-hidden\" value=\"\" type=\"hidden\" name=\"mphb_check_out_date\" \/>\n\t<p class=\"mphb_sc_search-submit-button-wrapper\">\n\t\t<input type=\"submit\" class=\"button\" value=\"Buscar\"\/>\n\t<\/p>\n\n\t\n<\/form>\n<\/div><\/div><\/div><\/div><\/div><\/div>\n","protected":false},"excerpt":{"rendered":"Tan importante es lo que se hace, como el c\u00f3mo se hace.","protected":false},"author":1,"featured_media":0,"parent":0,"menu_order":0,"comment_status":"closed","ping_status":"closed","template":"","meta":{"inline_featured_image":false,"_joinchat":[],"footnotes":""},"class_list":["post-6496","page","type-page","status-publish","hentry"],"aioseo_notices":[],"_links":{"self":[{"href":"https:\/\/calgabriel.es\/es\/wp-json\/wp\/v2\/pages\/6496","targetHints":{"allow":["GET"]}}],"collection":[{"href":"https:\/\/calgabriel.es\/es\/wp-json\/wp\/v2\/pages"}],"about":[{"href":"https:\/\/calgabriel.es\/es\/wp-json\/wp\/v2\/types\/page"}],"author":[{"embeddable":true,"href":"https:\/\/calgabriel.es\/es\/wp-json\/wp\/v2\/users\/1"}],"replies":[{"embeddable":true,"href":"https:\/\/calgabriel.es\/es\/wp-json\/wp\/v2\/comments?post=6496"}],"version-history":[{"count":1,"href":"https:\/\/calgabriel.es\/es\/wp-json\/wp\/v2\/pages\/6496\/revisions"}],"predecessor-version":[{"id":6497,"href":"https:\/\/calgabriel.es\/es\/wp-json\/wp\/v2\/pages\/6496\/revisions\/6497"}],"wp:attachment":[{"href":"https:\/\/calgabriel.es\/es\/wp-json\/wp\/v2\/media?parent=6496"}],"curies":[{"name":"wp","href":"https:\/\/api.w.org\/{rel}","templated":true}]}}