{"id":6451,"date":"2019-06-11T09:53:36","date_gmt":"2019-06-11T09:53:36","guid":{"rendered":"https:\/\/calgabriel.es\/home\/restaurante\/"},"modified":"2022-11-08T01:12:14","modified_gmt":"2022-11-08T01:12:14","slug":"restaurante","status":"publish","type":"page","link":"https:\/\/calgabriel.es\/es\/home\/restaurante\/","title":{"rendered":"Restaurante"},"content":{"rendered":"\n<p class=\"has-white-color has-grey-background-color has-text-color has-background has-small-font-size\">Cocina tradicional catalana, elaborada con productos de proximidad, algunos ecol\u00f3gicos. Respetando las tradiciones, respetando los tiempos, amando el producto. Ven a disfrutar de la cocina de Cal Gabriel .<\/p>\n\n<!--more TINC GANA-->\n<!--noteaser-->\n\n<div class=\"wp-block-getwid-section alignfull alignfull getwid-section-content-custom-width\"><div class=\"wp-block-getwid-section__wrapper getwid-padding-left-medium getwid-padding-right-medium\"><div class=\"wp-block-getwid-section__inner-wrapper\" style=\"max-width:1140px\"><div class=\"wp-block-getwid-section__background-holder\"><div class=\"wp-block-getwid-section__background\"><\/div><div class=\"wp-block-getwid-section__foreground\"><\/div><\/div><div class=\"wp-block-getwid-section__content\"><div class=\"wp-block-getwid-section__inner-content\">\n<div class=\"wp-block-getwid-advanced-heading\" style=\"margin-bottom:0px;margin-top:0px\"><span class=\"wp-block-getwid-advanced-heading__content\" style=\"text-align:center;text-transform:none\">\u00bfQu\u00e9 nos caracteriza?<\/span><\/div>\n\n\n\n<div class=\"wp-block-getwid-advanced-heading\" style=\"margin-bottom:30px;margin-top:10px\"><h2 class=\"wp-block-getwid-advanced-heading__content\" style=\"text-align:center\">La receta de nuestra cocina<\/h2><\/div>\n\n\n\n<div class=\"wp-block-getwid-advanced-spacer\" style=\"height:20px\" aria-hidden=\"true\"><\/div>\n\n\n\n<div class=\"wp-block-columns has-2-columns is-layout-flex wp-container-core-columns-is-layout-9d6595d7 wp-block-columns-is-layout-flex\">\n<div class=\"wp-block-column is-layout-flow wp-block-column-is-layout-flow\">\n<div class=\"wp-block-getwid-icon-box has-icon-left has-text-left\"><div style=\"margin-right:30px\" class=\"wp-block-getwid-icon-box__icon-container is-position-top\"><div class=\"wp-block-getwid-icon-box__icon-wrapper has-text-color\" style=\"font-size:60px;padding:0px;color:#000000\"><i class=\"fas fa-utensil-spoon\"><\/i><\/div><\/div><div class=\"wp-block-getwid-icon-box__content\">\n<div class=\"wp-block-getwid-advanced-heading\" style=\"margin-bottom:5px\"><h3 class=\"wp-block-getwid-advanced-heading__content\">Cocina tradicional<\/h3><\/div>\n\n\n\n<p>Cocinamos con tiempo, respetando las recetas tradicionales aportando algo de nosotros mismos. <\/p>\n<\/div><\/div>\n\n\n\n<div class=\"wp-block-getwid-icon-box has-icon-left has-text-left\"><div style=\"margin-right:30px\" class=\"wp-block-getwid-icon-box__icon-container is-position-top\"><div class=\"wp-block-getwid-icon-box__icon-wrapper has-text-color\" style=\"font-size:60px;padding:0px;color:#000000\"><i class=\"fas fa-map-pin\"><\/i><\/div><\/div><div class=\"wp-block-getwid-icon-box__content\">\n<div class=\"wp-block-getwid-advanced-heading\" style=\"margin-bottom:5px\"><h3 class=\"wp-block-getwid-advanced-heading__content has-text-color\" style=\"color:#000000\">Producto de proximidad<\/h3><\/div>\n\n\n\n<p>Mimamos a nuestros productores locales para mimar de la econom\u00eda de proximidad y ayudar al desarrollo econ\u00f3mico del entorno.<\/p>\n<\/div><\/div>\n\n\n\n<div style=\"height:46px\" aria-hidden=\"true\" class=\"wp-block-spacer\"><\/div>\n<\/div>\n\n\n\n<div class=\"wp-block-column is-layout-flow wp-block-column-is-layout-flow\">\n<div class=\"wp-block-getwid-icon-box has-icon-left has-text-left\"><div style=\"margin-right:30px\" class=\"wp-block-getwid-icon-box__icon-container is-position-top\"><div class=\"wp-block-getwid-icon-box__icon-wrapper has-text-color\" style=\"font-size:60px;padding:0px;color:#000000\"><i class=\"fas fa-award\"><\/i><\/div><\/div><div class=\"wp-block-getwid-icon-box__content\">\n<div class=\"wp-block-getwid-advanced-heading\" style=\"margin-bottom:5px\"><h3 class=\"wp-block-getwid-advanced-heading__content\">Producto de calidad<\/h3><\/div>\n\n\n\n<p>Utilizamos materia prima de la zona, de gran calidad, para mimar a tu paladar. <\/p>\n<\/div><\/div>\n\n\n\n<div class=\"wp-block-getwid-icon-box has-icon-left has-text-left\"><div style=\"margin-right:30px\" class=\"wp-block-getwid-icon-box__icon-container is-position-top\"><div class=\"wp-block-getwid-icon-box__icon-wrapper has-text-color\" style=\"font-size:60px;padding:0px;color:#000000\"><i class=\"fas fa-heart\"><\/i><\/div><\/div><div class=\"wp-block-getwid-icon-box__content\">\n<div class=\"wp-block-getwid-advanced-heading\" style=\"margin-bottom:5px\"><h3 class=\"wp-block-getwid-advanced-heading__content\">Pasi\u00f3n<\/h3><\/div>\n\n\n\n<p>Mimamos el producto, mimamos el cocinado, mimamos la conservaci\u00f3n, todo por mimarte. La cocina es nuestra pasi\u00f3n, y el resultado est\u00e1 en tu plato. Disfr\u00fatalo como nosotros de hac\u00e9rtelo y serv\u00edrtelo.<\/p>\n<\/div><\/div>\n<\/div>\n<\/div>\n\n\n\n<div class=\"wp-block-columns is-layout-flex wp-container-core-columns-is-layout-9d6595d7 wp-block-columns-is-layout-flex\">\n<div class=\"wp-block-column is-layout-flow wp-block-column-is-layout-flow\" style=\"flex-basis:36%\">\n<div class=\"wp-block-getwid-images-stack\"><div class=\"wp-block-getwid-images-stack__wrapper\"><div class=\"wp-block-getwid-images-stack__chunk\"><div class=\"wp-block-getwid-images-stack__media-wrapper\"><div class=\"wp-block-getwid-images-stack__media-inner-wrapper\"><img fetchpriority=\"high\" decoding=\"async\" width=\"2560\" height=\"1912\" class=\"wp-block-getwid-images-stack__media wp-image-1580\" src=\"https:\/\/calgabriel.es\/wp-content\/uploads\/2020\/05\/Taula-1-scaled.jpg\" data-id=\"1580\" data-link=\"https:\/\/calgabriel.es\/taula-1\/\" srcset=\"https:\/\/calgabriel.es\/wp-content\/uploads\/2020\/05\/Taula-1-scaled.jpg 2560w, https:\/\/calgabriel.es\/wp-content\/uploads\/2020\/05\/Taula-1-scaled-600x448.jpg 600w\" sizes=\"(max-width: 2560px) 100vw, 2560px\" \/><\/div><\/div><div class=\"wp-block-getwid-images-stack__media-wrapper\"><div class=\"wp-block-getwid-images-stack__media-inner-wrapper\"><img decoding=\"async\" width=\"2560\" height=\"1997\" class=\"wp-block-getwid-images-stack__media wp-image-1579 lazyload\" data-src=\"https:\/\/calgabriel.es\/wp-content\/uploads\/2020\/05\/Restaurante_trampantojo-scaled.jpg\" data-id=\"1579\" data-link=\"https:\/\/calgabriel.es\/restaurante_trampantojo\/\" data-srcset=\"https:\/\/calgabriel.es\/wp-content\/uploads\/2020\/05\/Restaurante_trampantojo-scaled.jpg 2560w, https:\/\/calgabriel.es\/wp-content\/uploads\/2020\/05\/Restaurante_trampantojo-scaled-600x468.jpg 600w, https:\/\/calgabriel.es\/wp-content\/uploads\/2020\/05\/Restaurante_trampantojo-300x234.jpg 300w, https:\/\/calgabriel.es\/wp-content\/uploads\/2020\/05\/Restaurante_trampantojo-1024x799.jpg 1024w, https:\/\/calgabriel.es\/wp-content\/uploads\/2020\/05\/Restaurante_trampantojo-768x599.jpg 768w, https:\/\/calgabriel.es\/wp-content\/uploads\/2020\/05\/Restaurante_trampantojo-1536x1198.jpg 1536w, https:\/\/calgabriel.es\/wp-content\/uploads\/2020\/05\/Restaurante_trampantojo-2048x1598.jpg 2048w, https:\/\/calgabriel.es\/wp-content\/uploads\/2020\/05\/Restaurante_trampantojo-1170x913.jpg 1170w\" data-sizes=\"(max-width: 2560px) 100vw, 2560px\" src=\"data:image\/svg+xml;base64,PHN2ZyB3aWR0aD0iMSIgaGVpZ2h0PSIxIiB4bWxucz0iaHR0cDovL3d3dy53My5vcmcvMjAwMC9zdmciPjwvc3ZnPg==\" style=\"--smush-placeholder-width: 2560px; --smush-placeholder-aspect-ratio: 2560\/1997;\" \/><\/div><\/div><div class=\"wp-block-getwid-images-stack__media-wrapper\"><div class=\"wp-block-getwid-images-stack__media-inner-wrapper\"><img decoding=\"async\" width=\"1707\" height=\"2560\" class=\"wp-block-getwid-images-stack__media wp-image-1573 lazyload\" data-src=\"https:\/\/calgabriel.es\/wp-content\/uploads\/2020\/05\/detalle-rinconera-restaurante-scaled.jpg\" data-id=\"1573\" data-link=\"https:\/\/calgabriel.es\/detalle-rinconera-restaurante\/\" data-srcset=\"https:\/\/calgabriel.es\/wp-content\/uploads\/2020\/05\/detalle-rinconera-restaurante-scaled.jpg 1707w, https:\/\/calgabriel.es\/wp-content\/uploads\/2020\/05\/detalle-rinconera-restaurante-scaled-600x900.jpg 600w\" data-sizes=\"(max-width: 1707px) 100vw, 1707px\" src=\"data:image\/svg+xml;base64,PHN2ZyB3aWR0aD0iMSIgaGVpZ2h0PSIxIiB4bWxucz0iaHR0cDovL3d3dy53My5vcmcvMjAwMC9zdmciPjwvc3ZnPg==\" style=\"--smush-placeholder-width: 1707px; --smush-placeholder-aspect-ratio: 1707\/2560;\" \/><\/div><\/div><\/div><\/div><\/div>\n<\/div>\n\n\n\n<div class=\"wp-block-column is-layout-flow wp-block-column-is-layout-flow\">\n<p>En el restaurante Cal Gabriel disfrutar\u00e1s de nuestra cocina en un marco inmejorable, en un establecimiento de construcci\u00f3n t\u00edpica de la zona del Prepirineo, donde cuidamos los detalles en el espacio y en el plato, con vistas a las monta\u00f1as que nos rodean. Un conjunto pensado para disfrutar del gusto, la vista y el olfato.<\/p>\n\n\n\n<p>Nuestra oferta gastron\u00f3mica incluye platos caseros con productos de proximidad, de calidad y ecol\u00f3gicos. Queremos que comer se convierta en un placer para su paladar. Puedes maridarlo con nuestra carta de vinos, donde encontrar\u00e1 una recopilaci\u00f3n de peque\u00f1os productores con las diferentes denominaciones de origen del entorno y alrededores.<\/p>\n\n\n\n<p>Cuidamos los al\u00e9rgenos, teniendo opciones para cel\u00edacos e intolerantes a la lactosa. Y c\u00f3mo no, opciones para vegetarianos y veganos. \u00a1Todos tenemos derecho a disfrutar de la gastronom\u00eda!<\/p>\n\n\n\n<p>El restaurante lo tenemos abierto por las noches, tanto para alojados como para personas de fuera, para que todos puedan disfrutar de nuestra <a href=\"https:\/\/calgabriel.es\/menu\/\" target=\"_blank\" rel=\"noopener\" title=\"Men&#xFA;\">carta<\/a> . Una extensa selecci\u00f3n de platos de cocina casera y de proximidad. S\u00f3lo disponible para aquellos clientes que haga <a href=\"https:\/\/calgabriel.es\/contacta\/\" target=\"_blank\" rel=\"noopener\" title=\"Contacta restaurante\">reserva<\/a> con antelaci\u00f3n. <\/p>\n\n\n\n<p>En este <a href=\"https:\/\/calgabriel.es\/menu\/\" target=\"_blank\" rel=\"noopener\" title=\"Men&#xFA;\">enlace<\/a> se encuentran todas nuestras cartas de productos. \u00a1Con esta variedad ve pensando qu\u00e9 pedir\u00e1s!<\/p>\n<\/div>\n<\/div>\n\n\n\n<div style=\"height:34px\" aria-hidden=\"true\" class=\"wp-block-spacer\"><\/div>\n<\/div><\/div><\/div><\/div><\/div>\n\n<div class=\"wp-block-group\"><div class=\"wp-block-group__inner-container is-layout-flow wp-block-group-is-layout-flow\">\n<div class=\"wp-block-group\"><div class=\"wp-block-group__inner-container is-layout-flow wp-block-group-is-layout-flow\">\n<div class=\"wp-block-getwid-section alignfull alignwide alignwide\"><div class=\"wp-block-getwid-section__wrapper getwid-padding-top-none getwid-padding-bottom-none getwid-padding-left-none getwid-padding-right-none\"><div class=\"wp-block-getwid-section__inner-wrapper\"><div class=\"wp-block-getwid-section__background-holder\"><div class=\"wp-block-getwid-section__background\"><\/div><div class=\"wp-block-getwid-section__foreground\"><\/div><\/div><div class=\"wp-block-getwid-section__content\"><div class=\"wp-block-getwid-section__inner-content\">\n<div class=\"wp-block-columns has-3-columns is-layout-flex wp-container-core-columns-is-layout-9d6595d7 wp-block-columns-is-layout-flex\">\n<div class=\"wp-block-column is-layout-flow wp-block-column-is-layout-flow\">\n<div class=\"wp-block-getwid-advanced-heading\" style=\"margin-bottom:30px\"><h3 class=\"wp-block-getwid-advanced-heading__content\">Horarios<\/h3><\/div>\n\n\n\n<figure class=\"wp-block-table alignwide is-style-stripes\"><table><tbody><tr><td><strong>Comida<\/strong><\/td><td><\/td><\/tr><tr><td>Lunes &#8211; domingo<\/td><td>Cerrado <\/td><\/tr><\/tbody><\/table><\/figure>\n\n\n<figure class=\"wp-block-table alignwide is-style-stripes\"><table><tbody><tr><td><strong>Cenas<\/strong> *<\/td><td><\/td><\/tr><tr><td>Lunes &#8211; domingo<\/td><td>20h a 22h<\/td><\/tr><\/tbody><\/table><figcaption class=\"wp-element-caption\">* S\u00f3lo con <a href=\"http:\/\/calgabriel.es\/contacta\/#reservarestaurant\" title=\"\">reserva previa<\/a> .<\/figcaption><\/figure>\n\n\n<p><\/p>\n\n\n\n<p><\/p>\n<\/div>\n\n\n\n<div class=\"wp-block-column is-layout-flow wp-block-column-is-layout-flow\">\n<div class=\"wp-block-getwid-banner has-animation-style4\"><a href=\"http:\/\/calgabriel.es\/contacta\/#reservarestaurant\" target=\"_blank\" rel=\"noreferrer noopener\" class=\"wp-block-getwid-banner__link\"><div class=\"wp-block-getwid-banner__wrapper\"><img decoding=\"async\" width=\"2560\" height=\"1912\" data-src=\"http:\/\/calgabriel.es\/wp-content\/uploads\/2020\/05\/Taula-1-scaled.jpg\" alt=\"\" class=\"wp-block-getwid-banner__image wp-block-getwid-banner__source wp-image-1580 lazyload\" data-srcset=\"https:\/\/calgabriel.es\/wp-content\/uploads\/2020\/05\/Taula-1-scaled.jpg 2560w, https:\/\/calgabriel.es\/wp-content\/uploads\/2020\/05\/Taula-1-scaled-600x448.jpg 600w\" data-sizes=\"(max-width: 2560px) 100vw, 2560px\" src=\"data:image\/svg+xml;base64,PHN2ZyB3aWR0aD0iMSIgaGVpZ2h0PSIxIiB4bWxucz0iaHR0cDovL3d3dy53My5vcmcvMjAwMC9zdmciPjwvc3ZnPg==\" style=\"--smush-placeholder-width: 2560px; --smush-placeholder-aspect-ratio: 2560\/1912;\" \/><div class=\"wp-block-getwid-banner__caption\" style=\"min-height:340px\"><div class=\"wp-block-getwid-banner__caption-wrapper\"><span class=\"wp-block-getwid-banner__title\">Reserva mesa<\/span><p class=\"wp-block-getwid-banner__text\">Aseg\u00farate de poder comer en Cal Gabriel . Realiza la reserva y te confirmamos diponibilidad.<\/p><\/div><\/div><\/div><\/a><\/div>\n\n\n\n<p>Mi\u00e9rcoles, habitualmente cerrado (excepto agosto y festivos)<\/p>\n<\/div>\n\n\n\n<div class=\"wp-block-column is-layout-flow wp-block-column-is-layout-flow\">\n<div class=\"wp-block-getwid-banner has-animation-style4\"><a href=\"http:\/\/calgabriel.es\/contacta\/\" target=\"_blank\" rel=\"noreferrer noopener\" class=\"wp-block-getwid-banner__link\"><div class=\"wp-block-getwid-banner__wrapper\"><img decoding=\"async\" data-src=\"http:\/\/calgabriel.es\/wp-content\/uploads\/2020\/03\/CalGabriel-048-scaled.jpg\" alt=\"\" class=\"wp-block-getwid-banner__image wp-block-getwid-banner__source wp-image-1169 lazyload\" src=\"data:image\/svg+xml;base64,PHN2ZyB3aWR0aD0iMSIgaGVpZ2h0PSIxIiB4bWxucz0iaHR0cDovL3d3dy53My5vcmcvMjAwMC9zdmciPjwvc3ZnPg==\"><div class=\"wp-block-getwid-banner__caption\" style=\"min-height:340px\"><div class=\"wp-block-getwid-banner__caption-wrapper\"><span class=\"wp-block-getwid-banner__title\">Comidas exclusivas<\/span><p class=\"wp-block-getwid-banner__text\">\u00bfQuieres realizar una celebraci\u00f3n especial? \u00bfQuieres reservar en exclusiva nuestro restaurante? <\/p><\/div><\/div><\/div><\/a><\/div>\n\n\n\n<p class=\"has-text-align-right\">N\u00famero licencia: XL-01511_SL<\/p>\n<\/div>\n<\/div>\n<\/div><\/div><\/div><\/div><\/div>\n<\/div><\/div>\n<\/div><\/div>\n","protected":false},"excerpt":{"rendered":"Cocina tradicional catalana, elaborada con productos de proximidad, algunos ecol\u00f3gicos. Respetando las tradiciones, respetando los tiempos, y amando el producto. Ven a disfrutar de la cocina de Cal Gabriel .","protected":false},"author":1,"featured_media":5623,"parent":6390,"menu_order":2,"comment_status":"closed","ping_status":"closed","template":"","meta":{"inline_featured_image":false,"_joinchat":[],"footnotes":""},"class_list":["post-6451","page","type-page","status-publish","has-post-thumbnail","hentry"],"aioseo_notices":[],"_links":{"self":[{"href":"https:\/\/calgabriel.es\/es\/wp-json\/wp\/v2\/pages\/6451","targetHints":{"allow":["GET"]}}],"collection":[{"href":"https:\/\/calgabriel.es\/es\/wp-json\/wp\/v2\/pages"}],"about":[{"href":"https:\/\/calgabriel.es\/es\/wp-json\/wp\/v2\/types\/page"}],"author":[{"embeddable":true,"href":"https:\/\/calgabriel.es\/es\/wp-json\/wp\/v2\/users\/1"}],"replies":[{"embeddable":true,"href":"https:\/\/calgabriel.es\/es\/wp-json\/wp\/v2\/comments?post=6451"}],"version-history":[{"count":8,"href":"https:\/\/calgabriel.es\/es\/wp-json\/wp\/v2\/pages\/6451\/revisions"}],"predecessor-version":[{"id":6524,"href":"https:\/\/calgabriel.es\/es\/wp-json\/wp\/v2\/pages\/6451\/revisions\/6524"}],"up":[{"embeddable":true,"href":"https:\/\/calgabriel.es\/es\/wp-json\/wp\/v2\/pages\/6390"}],"wp:featuredmedia":[{"embeddable":true,"href":"https:\/\/calgabriel.es\/es\/wp-json\/wp\/v2\/media\/5623"}],"wp:attachment":[{"href":"https:\/\/calgabriel.es\/es\/wp-json\/wp\/v2\/media?parent=6451"}],"curies":[{"name":"wp","href":"https:\/\/api.w.org\/{rel}","templated":true}]}}