{"id":6401,"date":"2019-07-24T00:43:03","date_gmt":"2019-07-24T00:43:03","guid":{"rendered":"https:\/\/calgabriel.es\/reserva\/"},"modified":"2022-11-07T19:31:37","modified_gmt":"2022-11-07T19:31:37","slug":"reserva","status":"publish","type":"page","link":"https:\/\/calgabriel.es\/es\/reserva\/","title":{"rendered":"Reserva de habitaciones"},"content":{"rendered":"\n<div class=\"wp-block-getwid-advanced-heading is-style-style-1 has-custom-font-size\" style=\"font-size:21px\"><span class=\"wp-block-getwid-advanced-heading__content\">\u00bfPor qu\u00e9 reservar directamente?<\/span><\/div>\n\n<div class=\"wp-block-getwid-section alignfull alignfull getwid-section-content-custom-width\"><div class=\"wp-block-getwid-section__wrapper getwid-padding-left-medium getwid-padding-right-medium\"><div class=\"wp-block-getwid-section__inner-wrapper\" style=\"max-width:1140px\"><div class=\"wp-block-getwid-section__background-holder\"><div class=\"wp-block-getwid-section__background\"><\/div><div class=\"wp-block-getwid-section__foreground\"><\/div><\/div><div class=\"wp-block-getwid-section__content\"><div class=\"wp-block-getwid-section__inner-content\">\n<div class=\"wp-block-columns has-2-columns is-layout-flex wp-container-core-columns-is-layout-9d6595d7 wp-block-columns-is-layout-flex\">\n<div class=\"wp-block-column is-layout-flow wp-block-column-is-layout-flow\">\n<div class=\"wp-block-getwid-icon-box has-icon-left has-text-left\"><div style=\"margin-right:30px\" class=\"wp-block-getwid-icon-box__icon-container is-position-top\"><div class=\"wp-block-getwid-icon-box__icon-wrapper has-text-color\" style=\"font-size:60px;padding:0px;color:#000000\"><i class=\"far fa-calendar-alt\"><\/i><\/div><\/div><div class=\"wp-block-getwid-icon-box__content\">\n<div class=\"wp-block-getwid-advanced-heading\" style=\"margin-bottom:5px\"><h3 class=\"wp-block-getwid-advanced-heading__content\">M\u00e1xima diponibilidad<\/h3><\/div>\n\n\n\n<p>Te damos toda la disponibilidad posible a trav\u00e9s de la web, o puedes ponerte en <a href=\"https:\/\/calgabriel.es\/es\/contacta\/\" title=\"Contacta\">contacto<\/a> con nosotros y te facilitamos la mejor opci\u00f3n para tu estancia de grupo.<\/p>\n<\/div><\/div>\n\n\n\n<div class=\"wp-block-getwid-icon-box has-icon-left has-text-left\"><div style=\"margin-right:30px\" class=\"wp-block-getwid-icon-box__icon-container is-position-top\"><div class=\"wp-block-getwid-icon-box__icon-wrapper has-text-color\" style=\"font-size:60px;padding:0px;color:#000000\"><i class=\"fas fa-pencil-ruler\"><\/i><\/div><\/div><div class=\"wp-block-getwid-icon-box__content\">\n<div class=\"wp-block-getwid-advanced-heading\" style=\"margin-bottom:5px\"><h3 class=\"wp-block-getwid-advanced-heading__content has-text-color\" style=\"color:#000000\">M\u00e1s flexibilidad<\/h3><\/div>\n\n\n\n<p>Puedes escoger nuestra tarifa flexible y disfrutar\u00e1s de m\u00e1s tiempo de cancelaci\u00f3n y modificaci\u00f3n gratuita.<\/p>\n<\/div><\/div>\n<\/div>\n\n\n\n<div class=\"wp-block-column is-layout-flow wp-block-column-is-layout-flow\">\n<div class=\"wp-block-getwid-icon-box has-icon-left has-text-left\"><div style=\"margin-right:30px\" class=\"wp-block-getwid-icon-box__icon-container is-position-top\"><div class=\"wp-block-getwid-icon-box__icon-wrapper has-text-color\" style=\"font-size:60px;padding:0px;color:#000000\"><i class=\"far fa-money-bill-alt\"><\/i><\/div><\/div><div class=\"wp-block-getwid-icon-box__content\">\n<div class=\"wp-block-getwid-advanced-heading\" style=\"margin-bottom:5px\"><h3 class=\"wp-block-getwid-advanced-heading__content\">Mejor precio<\/h3><\/div>\n\n\n\n<p>Ah\u00f3rrate la comisi\u00f3n de las agencias. El precio en nuestra web siempre ser\u00e1 m\u00e1s econ\u00f3mico. Estamos tan seguros que si lo encuentras m\u00e1s econ\u00f3mico, lo igualamos (mismas condiciones de contrataci\u00f3n)<\/p>\n<\/div><\/div>\n\n\n\n<div class=\"wp-block-getwid-icon-box has-icon-left has-text-left\"><div style=\"margin-right:30px\" class=\"wp-block-getwid-icon-box__icon-container is-position-top\"><div class=\"wp-block-getwid-icon-box__icon-wrapper has-text-color\" style=\"font-size:60px;padding:0px;color:#000000\"><i class=\"fas fa-utensils\"><\/i><\/div><\/div><div class=\"wp-block-getwid-icon-box__content\">\n<div class=\"wp-block-getwid-advanced-heading\" style=\"margin-bottom:5px\"><h3 class=\"wp-block-getwid-advanced-heading__content\">Puedes incluir la pensi\u00f3n<\/h3><\/div>\n\n\n\n<p>Incluye cena de pensi\u00f3n, s\u00f3lo disponible en nuestra p\u00e1gina web, y al mejor precio.<\/p>\n<\/div><\/div>\n\n\n\n<p><\/p>\n<\/div>\n<\/div>\n<\/div><\/div><\/div><\/div><\/div>\n\n<p>Pero si lo prefieres, estaremos encantados de atenderte por tel\u00e9fono al <a rel=\"noreferrer noopener\" href=\"tel:+34973370142\" target=\"_blank\">973370142<\/a> (tambi\u00e9n <a rel=\"noreferrer noopener\" href=\"https:\/\/api.whatsapp.com\/send?phone=34973370142\" target=\"_blank\" class=\"aioseop-link\">whatsapp<\/a> ) o rellenando el siguiente formulario y te haremos llegar toda la informaci\u00f3n a tu correo electr\u00f3nico:<\/p>\n\n<div class=\"typeform-widget\" style=\"width: 100%; height: 500px;\" data-url=\"https:\/\/calgabriel1.typeform.com\/to\/urwz4w\"> <\/div>\n<p><script> (function() { var qs,js,q,s,d=document, gi=d.getElementById, ce=d.createElement, gt=d.getElementsByTagName, id=\"typef_orm\", b=\"https:\/\/embed.typeform.com\/\"; if(!gi.call(d,id)) { js=ce.call(d,\"script\"); js.id=id; js.src=b+\"embed.js\"; q=gt.call(d,\"script\")[0]; q.parentNode.insertBefore(js,q) } })() <\/script><\/p>\n<div style=\"font-family: Sans-Serif; font-size: 12px; color: #999; opacity: 0.5; padding-top: 5px;\">powered by <a style=\"color: #999;\" href=\"https:\/\/admin.typeform.com\/signup?utm_campaign=urwz4w&#038;utm_source=typeform.com-3509802-Basic&#038;utm_medium=typeform&#038;utm_content=typeform-embedded-poweredbytypeform&#038;utm_term=ES\" target=\"_blank\" rel=\"noopener noreferrer\">Typeform<\/a><\/div>\n","protected":false},"excerpt":{"rendered":"Encuentra disponibilidad de habitaciones en Cal Gabriel y Cal Farragetes. Tambi\u00e9n te atendemos por tel\u00e9fono y correo-e.","protected":false},"author":1,"featured_media":0,"parent":0,"menu_order":0,"comment_status":"closed","ping_status":"closed","template":"template-front-page.php","meta":{"inline_featured_image":false,"_joinchat":[],"footnotes":""},"class_list":["post-6401","page","type-page","status-publish","hentry"],"aioseo_notices":[],"_links":{"self":[{"href":"https:\/\/calgabriel.es\/es\/wp-json\/wp\/v2\/pages\/6401","targetHints":{"allow":["GET"]}}],"collection":[{"href":"https:\/\/calgabriel.es\/es\/wp-json\/wp\/v2\/pages"}],"about":[{"href":"https:\/\/calgabriel.es\/es\/wp-json\/wp\/v2\/types\/page"}],"author":[{"embeddable":true,"href":"https:\/\/calgabriel.es\/es\/wp-json\/wp\/v2\/users\/1"}],"replies":[{"embeddable":true,"href":"https:\/\/calgabriel.es\/es\/wp-json\/wp\/v2\/comments?post=6401"}],"version-history":[{"count":3,"href":"https:\/\/calgabriel.es\/es\/wp-json\/wp\/v2\/pages\/6401\/revisions"}],"predecessor-version":[{"id":6405,"href":"https:\/\/calgabriel.es\/es\/wp-json\/wp\/v2\/pages\/6401\/revisions\/6405"}],"wp:attachment":[{"href":"https:\/\/calgabriel.es\/es\/wp-json\/wp\/v2\/media?parent=6401"}],"curies":[{"name":"wp","href":"https:\/\/api.w.org\/{rel}","templated":true}]}}