{"id":35127,"date":"2024-08-29T21:13:00","date_gmt":"2024-08-29T21:13:00","guid":{"rendered":"https:\/\/calgabriel.es\/fiesta-mayor-tuixent-septiembre\/"},"modified":"2024-08-29T21:18:08","modified_gmt":"2024-08-29T21:18:08","slug":"fiesta-mayor-tuixent-septiembre","status":"publish","type":"page","link":"https:\/\/calgabriel.es\/es\/fiesta-mayor-tuixent-septiembre\/","title":{"rendered":"Fiesta mayor Tuixent (septiembre)"},"content":{"rendered":"\n<p>El segundo fin de semana de septiembre celebramos la fiesta mayor de Tuixent. D\u00edas de diversi\u00f3n con m\u00fasica, baile, juegos para ni\u00f1os, juegos de cartas, cenas populares y muy buen ambiente para todas las edades.  \u00a1No te la puedes perder!<\/p>\n\n<p>Edici\u00f3n 2024: d\u00edas 6, 7 y 8 de septiembre. Programa: <\/p>\n\n<figure class=\"wp-block-image size-large\"><a href=\"https:\/\/calgabriel.es\/wp-content\/uploads\/2024\/08\/WhatsApp-Image-2024-08-29-at-21.38.58.jpeg\"><img fetchpriority=\"high\" decoding=\"async\" width=\"725\" height=\"1024\" src=\"https:\/\/calgabriel.es\/wp-content\/uploads\/2024\/08\/WhatsApp-Image-2024-08-29-at-21.38.58-725x1024.jpeg\" alt=\"\" class=\"wp-image-35120\" srcset=\"https:\/\/calgabriel.es\/wp-content\/uploads\/2024\/08\/WhatsApp-Image-2024-08-29-at-21.38.58-725x1024.jpeg 725w, https:\/\/calgabriel.es\/wp-content\/uploads\/2024\/08\/WhatsApp-Image-2024-08-29-at-21.38.58-212x300.jpeg 212w, https:\/\/calgabriel.es\/wp-content\/uploads\/2024\/08\/WhatsApp-Image-2024-08-29-at-21.38.58-768x1085.jpeg 768w, https:\/\/calgabriel.es\/wp-content\/uploads\/2024\/08\/WhatsApp-Image-2024-08-29-at-21.38.58-1087x1536.jpeg 1087w, https:\/\/calgabriel.es\/wp-content\/uploads\/2024\/08\/WhatsApp-Image-2024-08-29-at-21.38.58-600x848.jpeg 600w, https:\/\/calgabriel.es\/wp-content\/uploads\/2024\/08\/WhatsApp-Image-2024-08-29-at-21.38.58.jpeg 1132w\" sizes=\"(max-width: 725px) 100vw, 725px\" \/><\/a><\/figure>\n","protected":false},"excerpt":{"rendered":"El segundo fin de semana de septiembre celebramos la fiesta mayor de Tuixent. D\u00edas de diversi\u00f3n con m\u00fasica, baile, juegos para ni\u00f1os, juegos de cartas, cenas populares y muy buen ambiente para todas las edades. \u00a1No te la puedes perder! Edici\u00f3n 2024: d\u00edas 6, 7 y 8 de septiembre. Programa:","protected":false},"author":1,"featured_media":0,"parent":0,"menu_order":0,"comment_status":"closed","ping_status":"closed","template":"","meta":{"inline_featured_image":false,"_joinchat":[],"footnotes":""},"class_list":["post-35127","page","type-page","status-publish","hentry"],"aioseo_notices":[],"_links":{"self":[{"href":"https:\/\/calgabriel.es\/es\/wp-json\/wp\/v2\/pages\/35127","targetHints":{"allow":["GET"]}}],"collection":[{"href":"https:\/\/calgabriel.es\/es\/wp-json\/wp\/v2\/pages"}],"about":[{"href":"https:\/\/calgabriel.es\/es\/wp-json\/wp\/v2\/types\/page"}],"author":[{"embeddable":true,"href":"https:\/\/calgabriel.es\/es\/wp-json\/wp\/v2\/users\/1"}],"replies":[{"embeddable":true,"href":"https:\/\/calgabriel.es\/es\/wp-json\/wp\/v2\/comments?post=35127"}],"version-history":[{"count":1,"href":"https:\/\/calgabriel.es\/es\/wp-json\/wp\/v2\/pages\/35127\/revisions"}],"predecessor-version":[{"id":35128,"href":"https:\/\/calgabriel.es\/es\/wp-json\/wp\/v2\/pages\/35127\/revisions\/35128"}],"wp:attachment":[{"href":"https:\/\/calgabriel.es\/es\/wp-json\/wp\/v2\/media?parent=35127"}],"curies":[{"name":"wp","href":"https:\/\/api.w.org\/{rel}","templated":true}]}}