{"id":335,"date":"2015-03-16T22:12:35","date_gmt":"2015-03-16T22:12:35","guid":{"rendered":"http:\/\/www.calgabriel.es\/?page_id=335"},"modified":"2022-10-16T09:24:48","modified_gmt":"2022-10-16T09:24:48","slug":"fotos","status":"publish","type":"page","link":"https:\/\/calgabriel.es\/en\/fotos\/","title":{"rendered":"Fotos"},"content":{"rendered":"<p>Aqu\u00ed trobes un recull de fotos del nostre establiment i voltants. En clicar sobre una imatge s&#8217;obre tot l&#8217;\u00e0lbum i podr\u00e0s gaudir de l&#8217;<a href=\"https:\/\/calgabriel.es\/entorno\/\" target=\"_blank\" rel=\"noopener\">entorn<\/a> meravell\u00f3s on es troben Cal Gabriel i Cal Farragetes.<\/p>\n<p>Atenci\u00f3, veure les fotos et faran venir ganes de visitar-nos. Aix\u00ed que v\u00e9s fent plans i <a href=\"http:\/\/calgabriel.es\/reserva\/\">reserva<\/a> la teva habitaci\u00f3.<\/p>\n<p><code><\/code><code>[simple_google_photos_grid album-url=\"https:\/\/photos.app.goo.gl\/7MevjikBHDjtWbii6\" number-photos=\"100\" number-photos-per-row=\"3\" cache-interval=\"120\"]<\/code><\/p>\n\n\n<p><\/p>\n","protected":false},"excerpt":{"rendered":"Aqu\u00ed trobes un recull de fotos del nostre establiment i voltants. En clicar sobre una imatge s&#8217;obre tot l&#8217;\u00e0lbum i podr\u00e0s gaudir de l&#8217;entorn meravell\u00f3s on es troben Cal Gabriel i Cal Farragetes. Atenci\u00f3, veure les fotos et faran venir ganes de visitar-nos. Aix\u00ed que v\u00e9s fent plans i reserva la teva habitaci\u00f3. [simple_google_photos_grid album-url=&#8221;https:\/\/photos.app.goo.gl\/7MevjikBHDjtWbii6&#8243; [&hellip;]","protected":false},"author":1,"featured_media":0,"parent":0,"menu_order":2,"comment_status":"closed","ping_status":"open","template":"","meta":{"inline_featured_image":false,"_joinchat":[],"footnotes":""},"class_list":["post-335","page","type-page","status-publish","hentry"],"aioseo_notices":[],"_links":{"self":[{"href":"https:\/\/calgabriel.es\/en\/wp-json\/wp\/v2\/pages\/335","targetHints":{"allow":["GET"]}}],"collection":[{"href":"https:\/\/calgabriel.es\/en\/wp-json\/wp\/v2\/pages"}],"about":[{"href":"https:\/\/calgabriel.es\/en\/wp-json\/wp\/v2\/types\/page"}],"author":[{"embeddable":true,"href":"https:\/\/calgabriel.es\/en\/wp-json\/wp\/v2\/users\/1"}],"replies":[{"embeddable":true,"href":"https:\/\/calgabriel.es\/en\/wp-json\/wp\/v2\/comments?post=335"}],"version-history":[{"count":13,"href":"https:\/\/calgabriel.es\/en\/wp-json\/wp\/v2\/pages\/335\/revisions"}],"predecessor-version":[{"id":4712,"href":"https:\/\/calgabriel.es\/en\/wp-json\/wp\/v2\/pages\/335\/revisions\/4712"}],"wp:attachment":[{"href":"https:\/\/calgabriel.es\/en\/wp-json\/wp\/v2\/media?parent=335"}],"curies":[{"name":"wp","href":"https:\/\/api.w.org\/{rel}","templated":true}]}}