{"id":28,"date":"2012-10-20T17:31:42","date_gmt":"2012-10-20T17:31:42","guid":{"rendered":"http:\/\/www.calgabriel.es\/?page_id=28"},"modified":"2022-10-16T09:24:12","modified_gmt":"2022-10-16T09:24:12","slug":"restaurante","status":"publish","type":"page","link":"https:\/\/calgabriel.es\/en\/restaurante\/","title":{"rendered":"Restaurant"},"content":{"rendered":"<p><a href=\"http:\/\/calgabriel.es\/wp-content\/uploads\/2014\/12\/IMG_0051.jpg\"><img fetchpriority=\"high\" decoding=\"async\" class=\"alignleft  wp-image-313\" src=\"http:\/\/calgabriel.es\/wp-content\/uploads\/2014\/12\/IMG_0051-300x224.jpg\" alt=\"Restaurant\" width=\"275\" height=\"205\" srcset=\"https:\/\/calgabriel.es\/wp-content\/uploads\/2014\/12\/IMG_0051-300x224.jpg 300w, https:\/\/calgabriel.es\/wp-content\/uploads\/2014\/12\/IMG_0051-600x448.jpg 600w, https:\/\/calgabriel.es\/wp-content\/uploads\/2014\/12\/IMG_0051-1024x764.jpg 1024w, https:\/\/calgabriel.es\/wp-content\/uploads\/2014\/12\/IMG_0051-200x150.jpg 200w, https:\/\/calgabriel.es\/wp-content\/uploads\/2014\/12\/IMG_0051-900x672.jpg 900w\" sizes=\"(max-width: 275px) 100vw, 275px\" \/><\/a>A Cal Gabriel disposem del restaurant &#8220;El rebost del Pirineu&#8221;, un lloc on degustar els nostres plats casolans amb productes de proximitat, de qualitat i ecol\u00f2gics. Volem que menjar es converteixi en un plaer per al vostre paladar.<\/p>\n<p>A les nits podeu gaudir de la nostra <a href=\"https:\/\/calgabriel.es\/menu\/\">carta<\/a>, una extensa gamma de plats de cuina tradicional i casolana. No et deixarem indiferents.<\/p>\n<p>Per amenitzar tots els nostres plats, us oferim una selecci\u00f3 de vins i caves amb els que gaudir encara m\u00e9s de la nostra cuina. Petits productors que cuiden el producte final, coincidint amb la filosofia de cuina de Cal Gabriel.<\/p>\n<p>Ets vegetari\u00e0? Tens alguna al\u00b7l\u00e8rgia alimentaria? Sou tots benvinguts!! Intentem que la nostra cuina no tingui l\u00edmits. Quan elaborem la carta i cuinem, us tenim molt presents i evitem al m\u00e0xim productes susceptibles d&#8217;intoler\u00e0ncia. T&#8217;agra\u00efm que ens puguis avisar amb antelaci\u00f3 per poder proveir-nos dels ingredients necessaris.<\/p>\n<p>Tens alguna petici\u00f3 especial? Vols organitzar un grup o un esdeveniment amb nosaltres? <a href=\"https:\/\/calgabriel.es\/contacta\/\">Pregunta&#8217;ns<\/a>, estarem encantats d&#8217;adaptar-nos a les vostres necessitats.<\/p>\n\n\n<div class=\"wp-block-getwid-section alignfull alignwide alignwide\"><div class=\"wp-block-getwid-section__wrapper getwid-padding-top-none getwid-padding-bottom-none getwid-padding-left-none getwid-padding-right-none\"><div class=\"wp-block-getwid-section__inner-wrapper\"><div class=\"wp-block-getwid-section__background-holder\"><div class=\"wp-block-getwid-section__background\"><\/div><div class=\"wp-block-getwid-section__foreground\"><\/div><\/div><div class=\"wp-block-getwid-section__content\"><div class=\"wp-block-getwid-section__inner-content\">\n<div class=\"wp-block-columns has-3-columns is-layout-flex wp-container-core-columns-is-layout-9d6595d7 wp-block-columns-is-layout-flex\">\n<div class=\"wp-block-column is-layout-flow wp-block-column-is-layout-flow\">\n<div class=\"wp-block-getwid-advanced-heading\" style=\"margin-bottom:30px\"><h3 class=\"wp-block-getwid-advanced-heading__content\">Horaris<\/h3><\/div>\n\n\n\n<figure class=\"wp-block-table alignwide is-style-stripes\"><table><tbody><tr><td><strong>Dinar<\/strong><\/td><td><\/td><\/tr><tr><td>Dilluns &#8211; diumenge<\/td><td>Tancat     <\/td><\/tr><\/tbody><\/table><\/figure>\n\n\n\n<figure class=\"wp-block-table alignwide is-style-stripes\"><table><tbody><tr><td><strong>Sopars<\/strong>*<\/td><td><\/td><\/tr><tr><td>Dilluns &#8211; diumenge<\/td><td>20h a 22h<\/td><\/tr><\/tbody><\/table><figcaption class=\"wp-element-caption\">* Nom\u00e9s amb <a href=\"http:\/\/calgabriel.es\/contacta\/#reservarestaurant\" title=\"\">reserva pr\u00e8via<\/a>.<\/figcaption><\/figure>\n\n\n\n<p><\/p>\n\n\n\n<p><\/p>\n<\/div>\n\n\n\n<div class=\"wp-block-column is-layout-flow wp-block-column-is-layout-flow\">\n<div class=\"wp-block-getwid-banner has-animation-style4\"><a href=\"http:\/\/calgabriel.es\/contacta\/#reservarestaurant\" target=\"_blank\" rel=\"noreferrer noopener\" class=\"wp-block-getwid-banner__link\"><div class=\"wp-block-getwid-banner__wrapper\"><img decoding=\"async\" width=\"2560\" height=\"1912\" data-src=\"http:\/\/calgabriel.es\/wp-content\/uploads\/2020\/05\/Taula-1-scaled.jpg\" alt=\"\" class=\"wp-block-getwid-banner__image wp-block-getwid-banner__source wp-image-1580 lazyload\" data-srcset=\"https:\/\/calgabriel.es\/wp-content\/uploads\/2020\/05\/Taula-1-scaled.jpg 2560w, https:\/\/calgabriel.es\/wp-content\/uploads\/2020\/05\/Taula-1-scaled-600x448.jpg 600w\" data-sizes=\"(max-width: 2560px) 100vw, 2560px\" src=\"data:image\/svg+xml;base64,PHN2ZyB3aWR0aD0iMSIgaGVpZ2h0PSIxIiB4bWxucz0iaHR0cDovL3d3dy53My5vcmcvMjAwMC9zdmciPjwvc3ZnPg==\" style=\"--smush-placeholder-width: 2560px; --smush-placeholder-aspect-ratio: 2560\/1912;\" \/><div class=\"wp-block-getwid-banner__caption\" style=\"min-height:340px\"><div class=\"wp-block-getwid-banner__caption-wrapper\"><span class=\"wp-block-getwid-banner__title\">Reserva taula<\/span><p class=\"wp-block-getwid-banner__text\">Assegura&#8217;t poder menjar a Cal Gabriel. Fes la reserva i et confirmem diponibilitat.<\/p><\/div><\/div><\/div><\/a><\/div>\n\n\n\n<p>Dimecres, habitualment tancat (excepte mes d&#8217;agost i festius)<\/p>\n<\/div>\n\n\n\n<div class=\"wp-block-column is-layout-flow wp-block-column-is-layout-flow\">\n<div class=\"wp-block-getwid-banner has-animation-style4\"><a href=\"http:\/\/calgabriel.es\/contacta\/\" target=\"_blank\" rel=\"noreferrer noopener\" class=\"wp-block-getwid-banner__link\"><div class=\"wp-block-getwid-banner__wrapper\"><img decoding=\"async\" data-src=\"http:\/\/calgabriel.es\/wp-content\/uploads\/2020\/03\/CalGabriel-048-scaled.jpg\" alt=\"\" class=\"wp-block-getwid-banner__image wp-block-getwid-banner__source wp-image-1169 lazyload\" src=\"data:image\/svg+xml;base64,PHN2ZyB3aWR0aD0iMSIgaGVpZ2h0PSIxIiB4bWxucz0iaHR0cDovL3d3dy53My5vcmcvMjAwMC9zdmciPjwvc3ZnPg==\" \/><div class=\"wp-block-getwid-banner__caption\" style=\"min-height:340px\"><div class=\"wp-block-getwid-banner__caption-wrapper\"><span class=\"wp-block-getwid-banner__title\">Dinars exclusius<\/span><p class=\"wp-block-getwid-banner__text\">Vols fer una celebraci\u00f3 especial? Vols reservar en exclusiva el nostre restaurant? <\/p><\/div><\/div><\/div><\/a><\/div>\n\n\n\n<p class=\"has-text-align-right\">N\u00famero llic\u00e8ncia: XL-01511_SL<\/p>\n<\/div>\n<\/div>\n<\/div><\/div><\/div><\/div><\/div>\n\n\n\n<div class=\"wp-block-getwid-images-slider has-arrows-inside has-dots-inside is-carousel has-slides-gap-small has-images-center has-cropped-images\"><div class=\"wp-block-getwid-images-slider__wrapper\" data-effect=\"slide\" data-slides-show=\"3\" data-slides-show-laptop=\"1\" data-slides-show-tablet=\"1\" data-slides-show-mobile=\"1\" data-slides-scroll=\"1\" data-autoplay=\"true\" data-autoplay-speed=\"4000\" data-infinite=\"true\" data-animation-speed=\"800\" data-center-mode=\"false\" data-variable-width=\"false\" data-arrows=\"inside\" data-dots=\"inside\" data-spacing=\"small\"><div class=\"wp-block-getwid-images-slider__item\"><figure><img decoding=\"async\" width=\"2560\" height=\"1970\" data-src=\"http:\/\/calgabriel.es\/wp-content\/uploads\/2020\/05\/Taula-parada_2-scaled.jpg\" alt=\"\" data-id=\"1582\" data-link=\"http:\/\/calgabriel.es\/taula-parada_2-2\/\" data-original-link=\"http:\/\/calgabriel.es\/wp-content\/uploads\/2020\/05\/Taula-parada_2-scaled.jpg\" class=\"wp-block-getwid-images-slider__image wp-image-1582 lazyload\" data-srcset=\"https:\/\/calgabriel.es\/wp-content\/uploads\/2020\/05\/Taula-parada_2-scaled.jpg 2560w, https:\/\/calgabriel.es\/wp-content\/uploads\/2020\/05\/Taula-parada_2-scaled-600x462.jpg 600w, https:\/\/calgabriel.es\/wp-content\/uploads\/2020\/05\/Taula-parada_2-300x231.jpg 300w, https:\/\/calgabriel.es\/wp-content\/uploads\/2020\/05\/Taula-parada_2-1024x788.jpg 1024w, https:\/\/calgabriel.es\/wp-content\/uploads\/2020\/05\/Taula-parada_2-768x591.jpg 768w, https:\/\/calgabriel.es\/wp-content\/uploads\/2020\/05\/Taula-parada_2-1536x1182.jpg 1536w, https:\/\/calgabriel.es\/wp-content\/uploads\/2020\/05\/Taula-parada_2-2048x1576.jpg 2048w, https:\/\/calgabriel.es\/wp-content\/uploads\/2020\/05\/Taula-parada_2-1170x901.jpg 1170w\" data-sizes=\"(max-width: 2560px) 100vw, 2560px\" src=\"data:image\/svg+xml;base64,PHN2ZyB3aWR0aD0iMSIgaGVpZ2h0PSIxIiB4bWxucz0iaHR0cDovL3d3dy53My5vcmcvMjAwMC9zdmciPjwvc3ZnPg==\" style=\"--smush-placeholder-width: 2560px; --smush-placeholder-aspect-ratio: 2560\/1970;\" \/><\/figure><\/div><div class=\"wp-block-getwid-images-slider__item\"><figure><img decoding=\"async\" width=\"2560\" height=\"1912\" data-src=\"http:\/\/calgabriel.es\/wp-content\/uploads\/2020\/05\/Taules-baix-scaled.jpg\" alt=\"\" data-id=\"1581\" data-link=\"http:\/\/calgabriel.es\/taules-baix\/\" data-original-link=\"http:\/\/calgabriel.es\/wp-content\/uploads\/2020\/05\/Taules-baix-scaled.jpg\" class=\"wp-block-getwid-images-slider__image wp-image-1581 lazyload\" data-srcset=\"https:\/\/calgabriel.es\/wp-content\/uploads\/2020\/05\/Taules-baix-scaled.jpg 2560w, https:\/\/calgabriel.es\/wp-content\/uploads\/2020\/05\/Taules-baix-scaled-600x448.jpg 600w\" data-sizes=\"(max-width: 2560px) 100vw, 2560px\" src=\"data:image\/svg+xml;base64,PHN2ZyB3aWR0aD0iMSIgaGVpZ2h0PSIxIiB4bWxucz0iaHR0cDovL3d3dy53My5vcmcvMjAwMC9zdmciPjwvc3ZnPg==\" style=\"--smush-placeholder-width: 2560px; --smush-placeholder-aspect-ratio: 2560\/1912;\" \/><\/figure><\/div><div class=\"wp-block-getwid-images-slider__item\"><figure><img decoding=\"async\" width=\"2560\" height=\"1912\" data-src=\"http:\/\/calgabriel.es\/wp-content\/uploads\/2020\/05\/Taula-1-scaled.jpg\" alt=\"\" data-id=\"1580\" data-link=\"http:\/\/calgabriel.es\/taula-1\/\" data-original-link=\"http:\/\/calgabriel.es\/wp-content\/uploads\/2020\/05\/Taula-1-scaled.jpg\" class=\"wp-block-getwid-images-slider__image wp-image-1580 lazyload\" data-srcset=\"https:\/\/calgabriel.es\/wp-content\/uploads\/2020\/05\/Taula-1-scaled.jpg 2560w, https:\/\/calgabriel.es\/wp-content\/uploads\/2020\/05\/Taula-1-scaled-600x448.jpg 600w\" data-sizes=\"(max-width: 2560px) 100vw, 2560px\" src=\"data:image\/svg+xml;base64,PHN2ZyB3aWR0aD0iMSIgaGVpZ2h0PSIxIiB4bWxucz0iaHR0cDovL3d3dy53My5vcmcvMjAwMC9zdmciPjwvc3ZnPg==\" style=\"--smush-placeholder-width: 2560px; --smush-placeholder-aspect-ratio: 2560\/1912;\" \/><\/figure><\/div><div class=\"wp-block-getwid-images-slider__item\"><figure><img decoding=\"async\" width=\"2560\" height=\"1997\" data-src=\"http:\/\/calgabriel.es\/wp-content\/uploads\/2020\/05\/Restaurante_trampantojo-scaled.jpg\" alt=\"\" data-id=\"1579\" data-link=\"http:\/\/calgabriel.es\/restaurante_trampantojo\/\" data-original-link=\"http:\/\/calgabriel.es\/wp-content\/uploads\/2020\/05\/Restaurante_trampantojo-scaled.jpg\" class=\"wp-block-getwid-images-slider__image wp-image-1579 lazyload\" data-srcset=\"https:\/\/calgabriel.es\/wp-content\/uploads\/2020\/05\/Restaurante_trampantojo-scaled.jpg 2560w, https:\/\/calgabriel.es\/wp-content\/uploads\/2020\/05\/Restaurante_trampantojo-scaled-600x468.jpg 600w, https:\/\/calgabriel.es\/wp-content\/uploads\/2020\/05\/Restaurante_trampantojo-300x234.jpg 300w, https:\/\/calgabriel.es\/wp-content\/uploads\/2020\/05\/Restaurante_trampantojo-1024x799.jpg 1024w, https:\/\/calgabriel.es\/wp-content\/uploads\/2020\/05\/Restaurante_trampantojo-768x599.jpg 768w, https:\/\/calgabriel.es\/wp-content\/uploads\/2020\/05\/Restaurante_trampantojo-1536x1198.jpg 1536w, https:\/\/calgabriel.es\/wp-content\/uploads\/2020\/05\/Restaurante_trampantojo-2048x1598.jpg 2048w, https:\/\/calgabriel.es\/wp-content\/uploads\/2020\/05\/Restaurante_trampantojo-1170x913.jpg 1170w\" data-sizes=\"(max-width: 2560px) 100vw, 2560px\" src=\"data:image\/svg+xml;base64,PHN2ZyB3aWR0aD0iMSIgaGVpZ2h0PSIxIiB4bWxucz0iaHR0cDovL3d3dy53My5vcmcvMjAwMC9zdmciPjwvc3ZnPg==\" style=\"--smush-placeholder-width: 2560px; --smush-placeholder-aspect-ratio: 2560\/1997;\" \/><\/figure><\/div><div class=\"wp-block-getwid-images-slider__item\"><figure><img decoding=\"async\" width=\"2560\" height=\"1707\" data-src=\"http:\/\/calgabriel.es\/wp-content\/uploads\/2020\/05\/restaurante-inferior-scaled.jpg\" alt=\"\" data-id=\"1578\" data-link=\"http:\/\/calgabriel.es\/restaurante-inferior\/\" data-original-link=\"http:\/\/calgabriel.es\/wp-content\/uploads\/2020\/05\/restaurante-inferior-scaled.jpg\" class=\"wp-block-getwid-images-slider__image wp-image-1578 lazyload\" data-srcset=\"https:\/\/calgabriel.es\/wp-content\/uploads\/2020\/05\/restaurante-inferior-scaled.jpg 2560w, https:\/\/calgabriel.es\/wp-content\/uploads\/2020\/05\/restaurante-inferior-scaled-600x400.jpg 600w\" data-sizes=\"(max-width: 2560px) 100vw, 2560px\" src=\"data:image\/svg+xml;base64,PHN2ZyB3aWR0aD0iMSIgaGVpZ2h0PSIxIiB4bWxucz0iaHR0cDovL3d3dy53My5vcmcvMjAwMC9zdmciPjwvc3ZnPg==\" style=\"--smush-placeholder-width: 2560px; --smush-placeholder-aspect-ratio: 2560\/1707;\" \/><\/figure><\/div><div class=\"wp-block-getwid-images-slider__item\"><figure><img decoding=\"async\" width=\"1536\" height=\"2056\" data-src=\"http:\/\/calgabriel.es\/wp-content\/uploads\/2020\/05\/Rebost-melmelades.jpg\" alt=\"\" data-id=\"1577\" data-link=\"http:\/\/calgabriel.es\/rebost-melmelades\/\" data-original-link=\"http:\/\/calgabriel.es\/wp-content\/uploads\/2020\/05\/Rebost-melmelades.jpg\" class=\"wp-block-getwid-images-slider__image wp-image-1577 lazyload\" data-srcset=\"https:\/\/calgabriel.es\/wp-content\/uploads\/2020\/05\/Rebost-melmelades.jpg 1536w, https:\/\/calgabriel.es\/wp-content\/uploads\/2020\/05\/Rebost-melmelades-600x803.jpg 600w, https:\/\/calgabriel.es\/wp-content\/uploads\/2020\/05\/Rebost-melmelades-224x300.jpg 224w, https:\/\/calgabriel.es\/wp-content\/uploads\/2020\/05\/Rebost-melmelades-765x1024.jpg 765w, https:\/\/calgabriel.es\/wp-content\/uploads\/2020\/05\/Rebost-melmelades-768x1028.jpg 768w, https:\/\/calgabriel.es\/wp-content\/uploads\/2020\/05\/Rebost-melmelades-1148x1536.jpg 1148w, https:\/\/calgabriel.es\/wp-content\/uploads\/2020\/05\/Rebost-melmelades-1530x2048.jpg 1530w, https:\/\/calgabriel.es\/wp-content\/uploads\/2020\/05\/Rebost-melmelades-1170x1566.jpg 1170w\" data-sizes=\"(max-width: 1536px) 100vw, 1536px\" src=\"data:image\/svg+xml;base64,PHN2ZyB3aWR0aD0iMSIgaGVpZ2h0PSIxIiB4bWxucz0iaHR0cDovL3d3dy53My5vcmcvMjAwMC9zdmciPjwvc3ZnPg==\" style=\"--smush-placeholder-width: 1536px; --smush-placeholder-aspect-ratio: 1536\/2056;\" \/><\/figure><\/div><div class=\"wp-block-getwid-images-slider__item\"><figure><img decoding=\"async\" width=\"1440\" height=\"1440\" data-src=\"http:\/\/calgabriel.es\/wp-content\/uploads\/2020\/05\/Rebost-cerveses-Pedra.jpg\" alt=\"\" data-id=\"1576\" data-link=\"http:\/\/calgabriel.es\/rebost-cerveses-pedra\/\" data-original-link=\"http:\/\/calgabriel.es\/wp-content\/uploads\/2020\/05\/Rebost-cerveses-Pedra.jpg\" class=\"wp-block-getwid-images-slider__image wp-image-1576 lazyload\" data-srcset=\"https:\/\/calgabriel.es\/wp-content\/uploads\/2020\/05\/Rebost-cerveses-Pedra.jpg 1440w, https:\/\/calgabriel.es\/wp-content\/uploads\/2020\/05\/Rebost-cerveses-Pedra-300x300.jpg 300w, https:\/\/calgabriel.es\/wp-content\/uploads\/2020\/05\/Rebost-cerveses-Pedra-100x100.jpg 100w, https:\/\/calgabriel.es\/wp-content\/uploads\/2020\/05\/Rebost-cerveses-Pedra-600x600.jpg 600w, https:\/\/calgabriel.es\/wp-content\/uploads\/2020\/05\/Rebost-cerveses-Pedra-1024x1024.jpg 1024w, https:\/\/calgabriel.es\/wp-content\/uploads\/2020\/05\/Rebost-cerveses-Pedra-150x150.jpg 150w, https:\/\/calgabriel.es\/wp-content\/uploads\/2020\/05\/Rebost-cerveses-Pedra-768x768.jpg 768w, https:\/\/calgabriel.es\/wp-content\/uploads\/2020\/05\/Rebost-cerveses-Pedra-1170x1170.jpg 1170w, https:\/\/calgabriel.es\/wp-content\/uploads\/2020\/05\/Rebost-cerveses-Pedra-992x992.jpg 992w\" data-sizes=\"(max-width: 1440px) 100vw, 1440px\" src=\"data:image\/svg+xml;base64,PHN2ZyB3aWR0aD0iMSIgaGVpZ2h0PSIxIiB4bWxucz0iaHR0cDovL3d3dy53My5vcmcvMjAwMC9zdmciPjwvc3ZnPg==\" style=\"--smush-placeholder-width: 1440px; --smush-placeholder-aspect-ratio: 1440\/1440;\" \/><\/figure><\/div><div class=\"wp-block-getwid-images-slider__item\"><figure><img decoding=\"async\" width=\"2560\" height=\"1912\" data-src=\"http:\/\/calgabriel.es\/wp-content\/uploads\/2020\/05\/Planta-baixa-scaled.jpg\" alt=\"\" data-id=\"1575\" data-link=\"http:\/\/calgabriel.es\/planta-baixa\/\" data-original-link=\"http:\/\/calgabriel.es\/wp-content\/uploads\/2020\/05\/Planta-baixa-scaled.jpg\" class=\"wp-block-getwid-images-slider__image wp-image-1575 lazyload\" data-srcset=\"https:\/\/calgabriel.es\/wp-content\/uploads\/2020\/05\/Planta-baixa-scaled.jpg 2560w, https:\/\/calgabriel.es\/wp-content\/uploads\/2020\/05\/Planta-baixa-scaled-600x448.jpg 600w\" data-sizes=\"(max-width: 2560px) 100vw, 2560px\" src=\"data:image\/svg+xml;base64,PHN2ZyB3aWR0aD0iMSIgaGVpZ2h0PSIxIiB4bWxucz0iaHR0cDovL3d3dy53My5vcmcvMjAwMC9zdmciPjwvc3ZnPg==\" style=\"--smush-placeholder-width: 2560px; --smush-placeholder-aspect-ratio: 2560\/1912;\" \/><\/figure><\/div><div class=\"wp-block-getwid-images-slider__item\"><figure><img decoding=\"async\" width=\"1770\" height=\"2560\" data-src=\"http:\/\/calgabriel.es\/wp-content\/uploads\/2020\/05\/lavamanos-restaurante-scaled.jpg\" alt=\"\" data-id=\"1574\" data-link=\"http:\/\/calgabriel.es\/lavamanos-restaurante\/\" data-original-link=\"http:\/\/calgabriel.es\/wp-content\/uploads\/2020\/05\/lavamanos-restaurante-scaled.jpg\" class=\"wp-block-getwid-images-slider__image wp-image-1574 lazyload\" data-srcset=\"https:\/\/calgabriel.es\/wp-content\/uploads\/2020\/05\/lavamanos-restaurante-scaled.jpg 1770w, https:\/\/calgabriel.es\/wp-content\/uploads\/2020\/05\/lavamanos-restaurante-scaled-600x868.jpg 600w\" data-sizes=\"(max-width: 1770px) 100vw, 1770px\" src=\"data:image\/svg+xml;base64,PHN2ZyB3aWR0aD0iMSIgaGVpZ2h0PSIxIiB4bWxucz0iaHR0cDovL3d3dy53My5vcmcvMjAwMC9zdmciPjwvc3ZnPg==\" style=\"--smush-placeholder-width: 1770px; --smush-placeholder-aspect-ratio: 1770\/2560;\" \/><\/figure><\/div><div class=\"wp-block-getwid-images-slider__item\"><figure><img decoding=\"async\" width=\"1707\" height=\"2560\" data-src=\"http:\/\/calgabriel.es\/wp-content\/uploads\/2020\/05\/detalle-rinconera-restaurante-scaled.jpg\" alt=\"\" data-id=\"1573\" data-link=\"http:\/\/calgabriel.es\/detalle-rinconera-restaurante\/\" data-original-link=\"http:\/\/calgabriel.es\/wp-content\/uploads\/2020\/05\/detalle-rinconera-restaurante-scaled.jpg\" class=\"wp-block-getwid-images-slider__image wp-image-1573 lazyload\" data-srcset=\"https:\/\/calgabriel.es\/wp-content\/uploads\/2020\/05\/detalle-rinconera-restaurante-scaled.jpg 1707w, https:\/\/calgabriel.es\/wp-content\/uploads\/2020\/05\/detalle-rinconera-restaurante-scaled-600x900.jpg 600w\" data-sizes=\"(max-width: 1707px) 100vw, 1707px\" src=\"data:image\/svg+xml;base64,PHN2ZyB3aWR0aD0iMSIgaGVpZ2h0PSIxIiB4bWxucz0iaHR0cDovL3d3dy53My5vcmcvMjAwMC9zdmciPjwvc3ZnPg==\" style=\"--smush-placeholder-width: 1707px; --smush-placeholder-aspect-ratio: 1707\/2560;\" \/><\/figure><\/div><div class=\"wp-block-getwid-images-slider__item\"><figure><img decoding=\"async\" width=\"2560\" height=\"1707\" data-src=\"http:\/\/calgabriel.es\/wp-content\/uploads\/2020\/05\/detalle-botella-y-vela-scaled.jpg\" alt=\"\" data-id=\"1572\" data-link=\"http:\/\/calgabriel.es\/detalle-botella-y-vela\/\" data-original-link=\"http:\/\/calgabriel.es\/wp-content\/uploads\/2020\/05\/detalle-botella-y-vela-scaled.jpg\" class=\"wp-block-getwid-images-slider__image wp-image-1572 lazyload\" data-srcset=\"https:\/\/calgabriel.es\/wp-content\/uploads\/2020\/05\/detalle-botella-y-vela-scaled.jpg 2560w, https:\/\/calgabriel.es\/wp-content\/uploads\/2020\/05\/detalle-botella-y-vela-scaled-600x400.jpg 600w, https:\/\/calgabriel.es\/wp-content\/uploads\/2020\/05\/detalle-botella-y-vela-300x200.jpg 300w, https:\/\/calgabriel.es\/wp-content\/uploads\/2020\/05\/detalle-botella-y-vela-1024x683.jpg 1024w, https:\/\/calgabriel.es\/wp-content\/uploads\/2020\/05\/detalle-botella-y-vela-768x512.jpg 768w, https:\/\/calgabriel.es\/wp-content\/uploads\/2020\/05\/detalle-botella-y-vela-1536x1024.jpg 1536w, https:\/\/calgabriel.es\/wp-content\/uploads\/2020\/05\/detalle-botella-y-vela-2048x1365.jpg 2048w, https:\/\/calgabriel.es\/wp-content\/uploads\/2020\/05\/detalle-botella-y-vela-1170x780.jpg 1170w\" data-sizes=\"(max-width: 2560px) 100vw, 2560px\" src=\"data:image\/svg+xml;base64,PHN2ZyB3aWR0aD0iMSIgaGVpZ2h0PSIxIiB4bWxucz0iaHR0cDovL3d3dy53My5vcmcvMjAwMC9zdmciPjwvc3ZnPg==\" style=\"--smush-placeholder-width: 2560px; --smush-placeholder-aspect-ratio: 2560\/1707;\" \/><\/figure><\/div><div class=\"wp-block-getwid-images-slider__item\"><figure><img decoding=\"async\" width=\"2560\" height=\"1742\" data-src=\"http:\/\/calgabriel.es\/wp-content\/uploads\/2020\/05\/Altell-restaurant-scaled.jpg\" alt=\"\" data-id=\"1571\" data-link=\"http:\/\/calgabriel.es\/altell-restaurant\/\" data-original-link=\"http:\/\/calgabriel.es\/wp-content\/uploads\/2020\/05\/Altell-restaurant-scaled.jpg\" class=\"wp-block-getwid-images-slider__image wp-image-1571 lazyload\" data-srcset=\"https:\/\/calgabriel.es\/wp-content\/uploads\/2020\/05\/Altell-restaurant-scaled.jpg 2560w, https:\/\/calgabriel.es\/wp-content\/uploads\/2020\/05\/Altell-restaurant-scaled-600x408.jpg 600w\" data-sizes=\"(max-width: 2560px) 100vw, 2560px\" src=\"data:image\/svg+xml;base64,PHN2ZyB3aWR0aD0iMSIgaGVpZ2h0PSIxIiB4bWxucz0iaHR0cDovL3d3dy53My5vcmcvMjAwMC9zdmciPjwvc3ZnPg==\" style=\"--smush-placeholder-width: 2560px; --smush-placeholder-aspect-ratio: 2560\/1742;\" \/><\/figure><\/div><div class=\"wp-block-getwid-images-slider__item\"><figure><img decoding=\"async\" width=\"1920\" height=\"2560\" data-src=\"http:\/\/calgabriel.es\/wp-content\/uploads\/2020\/05\/Entrada-restaurant-scaled.jpg\" alt=\"Entrada restaurant \/ Cal Gabriel\" data-id=\"1509\" data-link=\"http:\/\/calgabriel.es\/entrada-restaurant\/\" data-original-link=\"http:\/\/calgabriel.es\/wp-content\/uploads\/2020\/05\/Entrada-restaurant-scaled.jpg\" class=\"wp-block-getwid-images-slider__image wp-image-1509 lazyload\" data-srcset=\"https:\/\/calgabriel.es\/wp-content\/uploads\/2020\/05\/Entrada-restaurant-scaled.jpg 1920w, https:\/\/calgabriel.es\/wp-content\/uploads\/2020\/05\/Entrada-restaurant-scaled-600x800.jpg 600w, https:\/\/calgabriel.es\/wp-content\/uploads\/2020\/05\/Entrada-restaurant-225x300.jpg 225w, https:\/\/calgabriel.es\/wp-content\/uploads\/2020\/05\/Entrada-restaurant-768x1024.jpg 768w, https:\/\/calgabriel.es\/wp-content\/uploads\/2020\/05\/Entrada-restaurant-1152x1536.jpg 1152w, https:\/\/calgabriel.es\/wp-content\/uploads\/2020\/05\/Entrada-restaurant-1536x2048.jpg 1536w, https:\/\/calgabriel.es\/wp-content\/uploads\/2020\/05\/Entrada-restaurant-1170x1560.jpg 1170w\" data-sizes=\"(max-width: 1920px) 100vw, 1920px\" src=\"data:image\/svg+xml;base64,PHN2ZyB3aWR0aD0iMSIgaGVpZ2h0PSIxIiB4bWxucz0iaHR0cDovL3d3dy53My5vcmcvMjAwMC9zdmciPjwvc3ZnPg==\" style=\"--smush-placeholder-width: 1920px; --smush-placeholder-aspect-ratio: 1920\/2560;\" \/><\/figure><\/div><\/div><\/div>\n\n\n\n<link href=\"https:\/\/awards.infcdn.net\/sq_n.css\" rel=\"stylesheet\"><div id=\"rest_sq\" onclick=\"if(event.target.nodeName.toLowerCase() != 'a') {window.open(this.querySelector('.sq_bot').href);return 0;}\"><a href=\"https:\/\/restaurantguru.com\/Cal-Gabriel-Tuixent\" class=\"sq_top\" target=\"_blank\" rel=\"noopener noreferrer\">Cal Gabriel &#8211; El Rebost del Pirineu<\/a><div class=\"sq_img lazyload\" style=\"background:inherit\" data-bg=\"url(&#039;https:\/\/awards.infcdn.net\/img\/star_white.svg&#039;) no-repeat center\">&nbsp;<\/div><span>Recomendado en<\/span><a href=\"https:\/\/es.restaurantguru.com\/Cal-Gabriel-Tuixent\" class=\"sq_bot\" target=\"_blank\" rel=\"noopener noreferrer\">Restaurant Guru 2019<\/a><\/div>\n\n\n\n<div class=\"wp-block-getwid-section alignfull alignfull\"><div class=\"wp-block-getwid-section__wrapper\"><div class=\"wp-block-getwid-section__inner-wrapper\"><div class=\"wp-block-getwid-section__background-holder\"><div class=\"wp-block-getwid-section__background\"><\/div><div class=\"wp-block-getwid-section__foreground\"><\/div><\/div><div class=\"wp-block-getwid-section__content\"><div class=\"wp-block-getwid-section__inner-content\"><\/div><\/div><\/div><\/div><\/div>\n","protected":false},"excerpt":{"rendered":"Restaurant de cuina catalana, tradicional i casolana a Tuixent. Productes de proximitat i alguns ecol\u00f2gics. Gaudeix de la gastronomia de l&#8217;Alt Urgell.","protected":false},"author":1,"featured_media":0,"parent":0,"menu_order":2,"comment_status":"closed","ping_status":"open","template":"","meta":{"inline_featured_image":false,"_joinchat":[],"footnotes":""},"class_list":["post-28","page","type-page","status-publish","hentry"],"aioseo_notices":[],"_links":{"self":[{"href":"https:\/\/calgabriel.es\/en\/wp-json\/wp\/v2\/pages\/28","targetHints":{"allow":["GET"]}}],"collection":[{"href":"https:\/\/calgabriel.es\/en\/wp-json\/wp\/v2\/pages"}],"about":[{"href":"https:\/\/calgabriel.es\/en\/wp-json\/wp\/v2\/types\/page"}],"author":[{"embeddable":true,"href":"https:\/\/calgabriel.es\/en\/wp-json\/wp\/v2\/users\/1"}],"replies":[{"embeddable":true,"href":"https:\/\/calgabriel.es\/en\/wp-json\/wp\/v2\/comments?post=28"}],"version-history":[{"count":38,"href":"https:\/\/calgabriel.es\/en\/wp-json\/wp\/v2\/pages\/28\/revisions"}],"predecessor-version":[{"id":4719,"href":"https:\/\/calgabriel.es\/en\/wp-json\/wp\/v2\/pages\/28\/revisions\/4719"}],"wp:attachment":[{"href":"https:\/\/calgabriel.es\/en\/wp-json\/wp\/v2\/media?parent=28"}],"curies":[{"name":"wp","href":"https:\/\/api.w.org\/{rel}","templated":true}]}}