{"id":1092,"date":"2019-06-11T10:06:47","date_gmt":"2019-06-11T10:06:47","guid":{"rendered":"https:\/\/themes.getmotopress.com\/luviana\/booking-confirmation\/transaction-failed\/"},"modified":"2023-12-05T22:26:43","modified_gmt":"2023-12-05T22:26:43","slug":"transaction-failed","status":"publish","type":"page","link":"https:\/\/calgabriel.es\/en\/booking-confirmation\/transaction-failed\/","title":{"rendered":"Uuuuups, quelcom no ha anat b\u00e9"},"content":{"rendered":"<p>Vaja, sembla que alguna cosa no ha funcionat b\u00e9 i no s&#8217;ha pogut finalitzar el pagament de la reserva. Si us plau, posa&#8217;t en contacte amb nosaltres per correu-e a <a href=\"mailto:info@calgabriel.com\">info@calgabriel.com<\/a> o per missatge de <a href=\"https:\/\/wa.me\/+34973370142?text=Ha fallat la meva reserva, ajuda'm!\" data-wplink-url-error=\"true\">Whatsapp al n\u00famero 973370142<\/a> i ho solucionem!<\/p>\n<p>NOTA: quan falla, el sistema no bloqueja l&#8217;habitaci\u00f3 per\u00f2 les dades s\u00f3n al sistema, aix\u00ed que nom\u00e9s cal que ens indiquis el nom i trobarem r\u00e0pidament tota la informaci\u00f3.<\/p>\n<p>Ho solucionem de pressa, no pateixis, que no et quedes sense gaudir de Cal Gabriel &amp; Farragetes!<\/p>\n","protected":false},"excerpt":{"rendered":"Vaja, sembla que alguna cosa no ha funcionat b\u00e9 i no s&#8217;ha pogut finalitzar el pagament de la reserva. Si us plau, posa&#8217;t en contacte amb nosaltres per correu-e a info@calgabriel.com o per missatge de Whatsapp al n\u00famero 973370142 i ho solucionem! NOTA: quan falla, el sistema no bloqueja l&#8217;habitaci\u00f3 per\u00f2 les dades s\u00f3n al [&hellip;]","protected":false},"author":1,"featured_media":0,"parent":1087,"menu_order":0,"comment_status":"closed","ping_status":"closed","template":"","meta":{"inline_featured_image":false,"_joinchat":[],"footnotes":""},"class_list":["post-1092","page","type-page","status-publish","hentry"],"aioseo_notices":[],"_links":{"self":[{"href":"https:\/\/calgabriel.es\/en\/wp-json\/wp\/v2\/pages\/1092","targetHints":{"allow":["GET"]}}],"collection":[{"href":"https:\/\/calgabriel.es\/en\/wp-json\/wp\/v2\/pages"}],"about":[{"href":"https:\/\/calgabriel.es\/en\/wp-json\/wp\/v2\/types\/page"}],"author":[{"embeddable":true,"href":"https:\/\/calgabriel.es\/en\/wp-json\/wp\/v2\/users\/1"}],"replies":[{"embeddable":true,"href":"https:\/\/calgabriel.es\/en\/wp-json\/wp\/v2\/comments?post=1092"}],"version-history":[{"count":1,"href":"https:\/\/calgabriel.es\/en\/wp-json\/wp\/v2\/pages\/1092\/revisions"}],"predecessor-version":[{"id":34434,"href":"https:\/\/calgabriel.es\/en\/wp-json\/wp\/v2\/pages\/1092\/revisions\/34434"}],"up":[{"embeddable":true,"href":"https:\/\/calgabriel.es\/en\/wp-json\/wp\/v2\/pages\/1087"}],"wp:attachment":[{"href":"https:\/\/calgabriel.es\/en\/wp-json\/wp\/v2\/media?parent=1092"}],"curies":[{"name":"wp","href":"https:\/\/api.w.org\/{rel}","templated":true}]}}